{"id":26249,"date":"2024-11-11T08:10:23","date_gmt":"2024-11-11T08:10:23","guid":{"rendered":"https:\/\/ozteknikoto.com\/?page_id=26249"},"modified":"2025-02-19T08:27:04","modified_gmt":"2025-02-19T08:27:04","slug":"blog","status":"publish","type":"page","link":"https:\/\/ozteknikoto.com\/tr\/blog\/","title":{"rendered":"Blog"},"content":{"rendered":"\t\t<div data-elementor-type=\"wp-page\" data-elementor-id=\"26249\" class=\"elementor elementor-26249\" data-elementor-post-type=\"page\">\n\t\t\t\t<div class=\"elementor-element elementor-element-a6aeb56 e-flex e-con-boxed e-con e-parent\" data-id=\"a6aeb56\" data-element_type=\"container\" data-e-type=\"container\" data-settings=\"{&quot;background_background&quot;:&quot;classic&quot;}\">\n\t\t\t\t\t<div class=\"e-con-inner\">\n\t\t\t\t<div class=\"elementor-element elementor-element-1f6245a elementor-widget__width-inherit elementor-widget elementor-widget-heading\" data-id=\"1f6245a\" data-element_type=\"widget\" data-e-type=\"widget\" data-widget_type=\"heading.default\">\n\t\t\t\t<div class=\"elementor-widget-container\">\n\t\t\t\t\t<h1 class=\"elementor-heading-title elementor-size-default\">BLOG<\/h1>\t\t\t\t<\/div>\n\t\t\t\t<\/div>\n\t\t\t\t<div class=\"elementor-element elementor-element-eefed8a elementor-align-center elementor-widget elementor-widget-lottie\" data-id=\"eefed8a\" data-element_type=\"widget\" data-e-type=\"widget\" data-settings=\"{&quot;source_json&quot;:{&quot;url&quot;:&quot;https:\\\/\\\/ozteknikoto.com\\\/wp-content\\\/uploads\\\/2024\\\/09\\\/scroll-down.json&quot;,&quot;id&quot;:7596,&quot;size&quot;:&quot;&quot;,&quot;alt&quot;:&quot;&quot;,&quot;source&quot;:&quot;library&quot;},&quot;link_to&quot;:&quot;custom&quot;,&quot;custom_link&quot;:{&quot;url&quot;:&quot;#continue&quot;,&quot;is_external&quot;:&quot;&quot;,&quot;nofollow&quot;:&quot;&quot;,&quot;custom_attributes&quot;:&quot;&quot;},&quot;loop&quot;:&quot;yes&quot;,&quot;renderer&quot;:&quot;canvas&quot;,&quot;source&quot;:&quot;media_file&quot;,&quot;caption_source&quot;:&quot;none&quot;,&quot;trigger&quot;:&quot;arriving_to_viewport&quot;,&quot;viewport&quot;:{&quot;unit&quot;:&quot;%&quot;,&quot;size&quot;:&quot;&quot;,&quot;sizes&quot;:{&quot;start&quot;:0,&quot;end&quot;:100}},&quot;play_speed&quot;:{&quot;unit&quot;:&quot;px&quot;,&quot;size&quot;:1,&quot;sizes&quot;:[]},&quot;start_point&quot;:{&quot;unit&quot;:&quot;%&quot;,&quot;size&quot;:0,&quot;sizes&quot;:[]},&quot;end_point&quot;:{&quot;unit&quot;:&quot;%&quot;,&quot;size&quot;:100,&quot;sizes&quot;:[]}}\" data-widget_type=\"lottie.default\">\n\t\t\t\t<div class=\"elementor-widget-container\">\n\t\t\t\t\t<a class=\"e-lottie__container__link\" href=\"#continue\"><div class=\"e-lottie__container\"><div class=\"e-lottie__animation\"><\/div><\/div><\/a>\t\t\t\t<\/div>\n\t\t\t\t<\/div>\n\t\t\t\t\t<\/div>\n\t\t\t\t<\/div>\n\t\t<div class=\"elementor-element elementor-element-4e3fd9c e-flex e-con-boxed e-con e-parent\" data-id=\"4e3fd9c\" data-element_type=\"container\" data-e-type=\"container\" id=\"continue\">\n\t\t\t\t\t<div class=\"e-con-inner\">\n\t\t\t\t<div class=\"elementor-element elementor-element-deecb2e elementor-grid-3 elementor-grid-tablet-2 elementor-grid-mobile-1 elementor-posts--thumbnail-top elementor-card-shadow-yes elementor-posts__hover-gradient elementor-widget elementor-widget-posts\" data-id=\"deecb2e\" data-element_type=\"widget\" data-e-type=\"widget\" data-settings=\"{&quot;cards_columns&quot;:&quot;3&quot;,&quot;cards_columns_tablet&quot;:&quot;2&quot;,&quot;cards_columns_mobile&quot;:&quot;1&quot;,&quot;cards_row_gap&quot;:{&quot;unit&quot;:&quot;px&quot;,&quot;size&quot;:35,&quot;sizes&quot;:[]},&quot;cards_row_gap_tablet&quot;:{&quot;unit&quot;:&quot;px&quot;,&quot;size&quot;:&quot;&quot;,&quot;sizes&quot;:[]},&quot;cards_row_gap_mobile&quot;:{&quot;unit&quot;:&quot;px&quot;,&quot;size&quot;:&quot;&quot;,&quot;sizes&quot;:[]}}\" data-widget_type=\"posts.cards\">\n\t\t\t\t<div class=\"elementor-widget-container\">\n\t\t\t\t\t\t\t<div class=\"elementor-posts-container elementor-posts elementor-posts--skin-cards elementor-grid\" role=\"list\">\n\t\t\t\t<article class=\"elementor-post elementor-grid-item post-34979 post type-post status-publish format-standard has-post-thumbnail hentry category-blog-tr\" role=\"listitem\">\n\t\t\t<div class=\"elementor-post__card\">\n\t\t\t\t<a class=\"elementor-post__thumbnail__link\" href=\"https:\/\/ozteknikoto.com\/tr\/hydcab-hidrolik-direksiyon-silindiri\/\" tabindex=\"-1\"><div class=\"elementor-post__thumbnail\"><img fetchpriority=\"high\" decoding=\"async\" width=\"800\" height=\"571\" src=\"https:\/\/ozteknikoto.com\/wp-content\/uploads\/2026\/04\/3d-rendering-hydraulic-elements-1024x731.jpg\" class=\"attachment-large size-large wp-image-34980\" alt=\"hidrolik direksiyon silindiri\" srcset=\"https:\/\/ozteknikoto.com\/wp-content\/uploads\/2026\/04\/3d-rendering-hydraulic-elements-1024x731.jpg 1024w, https:\/\/ozteknikoto.com\/wp-content\/uploads\/2026\/04\/3d-rendering-hydraulic-elements-300x214.jpg 300w, https:\/\/ozteknikoto.com\/wp-content\/uploads\/2026\/04\/3d-rendering-hydraulic-elements-768x549.jpg 768w, https:\/\/ozteknikoto.com\/wp-content\/uploads\/2026\/04\/3d-rendering-hydraulic-elements-1536x1097.jpg 1536w, https:\/\/ozteknikoto.com\/wp-content\/uploads\/2026\/04\/3d-rendering-hydraulic-elements-2048x1463.jpg 2048w, https:\/\/ozteknikoto.com\/wp-content\/uploads\/2026\/04\/3d-rendering-hydraulic-elements-600x429.jpg 600w\" sizes=\"(max-width: 800px) 100vw, 800px\" \/><\/div><\/a>\n\t\t\t\t<div class=\"elementor-post__badge\">Blog<\/div>\n\t\t\t\t<div class=\"elementor-post__text\">\n\t\t\t\t<h3 class=\"elementor-post__title\">\n\t\t\t<a href=\"https:\/\/ozteknikoto.com\/tr\/hydcab-hidrolik-direksiyon-silindiri\/\">\n\t\t\t\tHidrolik Direksiyon Silindir\t\t\t<\/a>\n\t\t<\/h3>\n\t\t\t\t<div class=\"elementor-post__excerpt\">\n\t\t\t<p>Direksiyon hidrolik silindir, direksiyon sisteminin daha dengeli, kontroll\u00fc ve verimli \u00e7al\u0131\u015fmas\u0131na yard\u0131mc\u0131 olan \u00f6nemli par\u00e7alardan biridir. \u00d6zellikle a\u011f\u0131r vas\u0131ta, ticari<\/p>\n\t\t<\/div>\n\t\t\n\t\t<a class=\"elementor-post__read-more\" href=\"https:\/\/ozteknikoto.com\/tr\/hydcab-hidrolik-direksiyon-silindiri\/\" aria-label=\"Read more about Hidrolik Direksiyon Silindir\" tabindex=\"-1\">\n\t\t\tDetayl\u0131 Bilgi \u00bb\t\t<\/a>\n\n\t\t\t\t<\/div>\n\t\t\t\t<div class=\"elementor-post__meta-data\">\n\t\t\t\t\t<span class=\"elementor-post-date\">\n\t\t\t9 Nisan 2026\t\t<\/span>\n\t\t\t\t<\/div>\n\t\t\t\t\t<\/div>\n\t\t<\/article>\n\t\t\t\t<article class=\"elementor-post elementor-grid-item post-31969 post type-post status-publish format-standard has-post-thumbnail hentry category-blog-tr\" role=\"listitem\">\n\t\t\t<div class=\"elementor-post__card\">\n\t\t\t\t<a class=\"elementor-post__thumbnail__link\" href=\"https:\/\/ozteknikoto.com\/tr\/what-is-a-cabin-tilting-cylinder\/\" tabindex=\"-1\"><div class=\"elementor-post__thumbnail\"><img decoding=\"async\" width=\"800\" height=\"534\" src=\"https:\/\/ozteknikoto.com\/wp-content\/uploads\/2025\/04\/Adsiz-tasarim-5.png\" class=\"attachment-large size-large wp-image-31963\" alt=\"cabin tilting cylinder\" srcset=\"https:\/\/ozteknikoto.com\/wp-content\/uploads\/2025\/04\/Adsiz-tasarim-5.png 1000w, https:\/\/ozteknikoto.com\/wp-content\/uploads\/2025\/04\/Adsiz-tasarim-5-300x200.png 300w, https:\/\/ozteknikoto.com\/wp-content\/uploads\/2025\/04\/Adsiz-tasarim-5-768x512.png 768w, https:\/\/ozteknikoto.com\/wp-content\/uploads\/2025\/04\/Adsiz-tasarim-5-600x400.png 600w\" sizes=\"(max-width: 800px) 100vw, 800px\" \/><\/div><\/a>\n\t\t\t\t<div class=\"elementor-post__badge\">Blog<\/div>\n\t\t\t\t<div class=\"elementor-post__text\">\n\t\t\t\t<h3 class=\"elementor-post__title\">\n\t\t\t<a href=\"https:\/\/ozteknikoto.com\/tr\/what-is-a-cabin-tilting-cylinder\/\">\n\t\t\t\tWhat is a Cabin Tilting Cylinder?\t\t\t<\/a>\n\t\t<\/h3>\n\t\t\t\t<div class=\"elementor-post__excerpt\">\n\t\t\t<p>Cabin tilting cylinder is an important hydraulic component that is generally used in construction equipment, trucks and agricultural vehicles, and<\/p>\n\t\t<\/div>\n\t\t\n\t\t<a class=\"elementor-post__read-more\" href=\"https:\/\/ozteknikoto.com\/tr\/what-is-a-cabin-tilting-cylinder\/\" aria-label=\"Read more about What is a Cabin Tilting Cylinder?\" tabindex=\"-1\">\n\t\t\tDetayl\u0131 Bilgi \u00bb\t\t<\/a>\n\n\t\t\t\t<\/div>\n\t\t\t\t<div class=\"elementor-post__meta-data\">\n\t\t\t\t\t<span class=\"elementor-post-date\">\n\t\t\t24 Nisan 2025\t\t<\/span>\n\t\t\t\t<\/div>\n\t\t\t\t\t<\/div>\n\t\t<\/article>\n\t\t\t\t<article class=\"elementor-post elementor-grid-item post-27001 post type-post status-publish format-standard has-post-thumbnail hentry category-blog-tr\" role=\"listitem\">\n\t\t\t<div class=\"elementor-post__card\">\n\t\t\t\t<a class=\"elementor-post__thumbnail__link\" href=\"https:\/\/ozteknikoto.com\/tr\/tarimsal-hidrolik-silindir-modern-ciftcilige-guc-vermek\/\" tabindex=\"-1\"><div class=\"elementor-post__thumbnail\"><img decoding=\"async\" width=\"800\" height=\"534\" src=\"https:\/\/ozteknikoto.com\/wp-content\/uploads\/2025\/01\/agricultural-hydraulic-cylinder-ozteknikoto.jpg\" class=\"attachment-large size-large wp-image-26897\" alt=\"Agricultural Hydraulic Cylinder: Powering Modern Farming\" srcset=\"https:\/\/ozteknikoto.com\/wp-content\/uploads\/2025\/01\/agricultural-hydraulic-cylinder-ozteknikoto.jpg 1000w, https:\/\/ozteknikoto.com\/wp-content\/uploads\/2025\/01\/agricultural-hydraulic-cylinder-ozteknikoto-300x200.jpg 300w, https:\/\/ozteknikoto.com\/wp-content\/uploads\/2025\/01\/agricultural-hydraulic-cylinder-ozteknikoto-768x512.jpg 768w, https:\/\/ozteknikoto.com\/wp-content\/uploads\/2025\/01\/agricultural-hydraulic-cylinder-ozteknikoto-600x400.jpg 600w\" sizes=\"(max-width: 800px) 100vw, 800px\" \/><\/div><\/a>\n\t\t\t\t<div class=\"elementor-post__badge\">Blog<\/div>\n\t\t\t\t<div class=\"elementor-post__text\">\n\t\t\t\t<h3 class=\"elementor-post__title\">\n\t\t\t<a href=\"https:\/\/ozteknikoto.com\/tr\/tarimsal-hidrolik-silindir-modern-ciftcilige-guc-vermek\/\">\n\t\t\t\tTar\u0131msal Hidrolik Silindir: Modern \u00c7ift\u00e7ili\u011fe G\u00fc\u00e7 Vermek\t\t\t<\/a>\n\t\t<\/h3>\n\t\t\t\t<div class=\"elementor-post__excerpt\">\n\t\t\t<p>Bu tar\u0131msal hidrolik silindir modern tar\u0131m makinelerinin temel ta\u015f\u0131d\u0131r ve \u00e7ift\u00e7ilik, kald\u0131rma ve hasat gibi g\u00f6revler i\u00e7in gereken g\u00fcc\u00fc sa\u011flar.<\/p>\n\t\t<\/div>\n\t\t\n\t\t<a class=\"elementor-post__read-more\" href=\"https:\/\/ozteknikoto.com\/tr\/tarimsal-hidrolik-silindir-modern-ciftcilige-guc-vermek\/\" aria-label=\"Read more about Tar\u0131msal Hidrolik Silindir: Modern \u00c7ift\u00e7ili\u011fe G\u00fc\u00e7 Vermek\" tabindex=\"-1\">\n\t\t\tDetayl\u0131 Bilgi \u00bb\t\t<\/a>\n\n\t\t\t\t<\/div>\n\t\t\t\t<div class=\"elementor-post__meta-data\">\n\t\t\t\t\t<span class=\"elementor-post-date\">\n\t\t\t9 Ocak 2025\t\t<\/span>\n\t\t\t\t<\/div>\n\t\t\t\t\t<\/div>\n\t\t<\/article>\n\t\t\t\t<article class=\"elementor-post elementor-grid-item post-27000 post type-post status-publish format-standard has-post-thumbnail hentry category-blog-tr\" role=\"listitem\">\n\t\t\t<div class=\"elementor-post__card\">\n\t\t\t\t<a class=\"elementor-post__thumbnail__link\" href=\"https:\/\/ozteknikoto.com\/tr\/baski-plakasi-arac-performansinda-kritik-bir-bilesen\/\" tabindex=\"-1\"><div class=\"elementor-post__thumbnail\"><img loading=\"lazy\" decoding=\"async\" width=\"800\" height=\"534\" src=\"https:\/\/ozteknikoto.com\/wp-content\/uploads\/2025\/01\/pressure-plate-ozteknikoto.jpg\" class=\"attachment-large size-large wp-image-26890\" alt=\"Pressure Plate: A Critical Component in Vehicle Performance\" srcset=\"https:\/\/ozteknikoto.com\/wp-content\/uploads\/2025\/01\/pressure-plate-ozteknikoto.jpg 1000w, https:\/\/ozteknikoto.com\/wp-content\/uploads\/2025\/01\/pressure-plate-ozteknikoto-300x200.jpg 300w, https:\/\/ozteknikoto.com\/wp-content\/uploads\/2025\/01\/pressure-plate-ozteknikoto-768x512.jpg 768w, https:\/\/ozteknikoto.com\/wp-content\/uploads\/2025\/01\/pressure-plate-ozteknikoto-600x400.jpg 600w\" sizes=\"(max-width: 800px) 100vw, 800px\" \/><\/div><\/a>\n\t\t\t\t<div class=\"elementor-post__badge\">Blog<\/div>\n\t\t\t\t<div class=\"elementor-post__text\">\n\t\t\t\t<h3 class=\"elementor-post__title\">\n\t\t\t<a href=\"https:\/\/ozteknikoto.com\/tr\/baski-plakasi-arac-performansinda-kritik-bir-bilesen\/\">\n\t\t\t\tBask\u0131 Plakas\u0131: Ara\u00e7 Performans\u0131nda Kritik Bir Bile\u015fen\t\t\t<\/a>\n\t\t<\/h3>\n\t\t\t\t<div class=\"elementor-post__excerpt\">\n\t\t\t<p>Bu bask\u0131 plakas\u0131 debriyaj sisteminin \u00e7ok \u00f6nemli bir \u00f6\u011fesidir ve motor g\u00fcc\u00fcn\u00fcn tekerleklere aktar\u0131lmas\u0131nda \u00f6nemli bir rol oynar. Bu bile\u015fen<\/p>\n\t\t<\/div>\n\t\t\n\t\t<a class=\"elementor-post__read-more\" href=\"https:\/\/ozteknikoto.com\/tr\/baski-plakasi-arac-performansinda-kritik-bir-bilesen\/\" aria-label=\"Read more about Bask\u0131 Plakas\u0131: Ara\u00e7 Performans\u0131nda Kritik Bir Bile\u015fen\" tabindex=\"-1\">\n\t\t\tDetayl\u0131 Bilgi \u00bb\t\t<\/a>\n\n\t\t\t\t<\/div>\n\t\t\t\t<div class=\"elementor-post__meta-data\">\n\t\t\t\t\t<span class=\"elementor-post-date\">\n\t\t\t9 Ocak 2025\t\t<\/span>\n\t\t\t\t<\/div>\n\t\t\t\t\t<\/div>\n\t\t<\/article>\n\t\t\t\t<article class=\"elementor-post elementor-grid-item post-26999 post type-post status-publish format-standard has-post-thumbnail hentry category-blog-tr\" role=\"listitem\">\n\t\t\t<div class=\"elementor-post__card\">\n\t\t\t\t<a class=\"elementor-post__thumbnail__link\" href=\"https:\/\/ozteknikoto.com\/tr\/hidrolik-onarim-kiti-hidrolik-sistem-omrunu-uzatmanin-anahtari\/\" tabindex=\"-1\"><div class=\"elementor-post__thumbnail\"><img loading=\"lazy\" decoding=\"async\" width=\"800\" height=\"534\" src=\"https:\/\/ozteknikoto.com\/wp-content\/uploads\/2025\/01\/hydraulic-repair-kit-ozteknikoto.jpg\" class=\"attachment-large size-large wp-image-26883\" alt=\"Hydraulic Repair Kit: The Key to Prolonging Hydraulic System Life\" srcset=\"https:\/\/ozteknikoto.com\/wp-content\/uploads\/2025\/01\/hydraulic-repair-kit-ozteknikoto.jpg 1000w, https:\/\/ozteknikoto.com\/wp-content\/uploads\/2025\/01\/hydraulic-repair-kit-ozteknikoto-300x200.jpg 300w, https:\/\/ozteknikoto.com\/wp-content\/uploads\/2025\/01\/hydraulic-repair-kit-ozteknikoto-768x512.jpg 768w, https:\/\/ozteknikoto.com\/wp-content\/uploads\/2025\/01\/hydraulic-repair-kit-ozteknikoto-600x400.jpg 600w\" sizes=\"(max-width: 800px) 100vw, 800px\" \/><\/div><\/a>\n\t\t\t\t<div class=\"elementor-post__badge\">Blog<\/div>\n\t\t\t\t<div class=\"elementor-post__text\">\n\t\t\t\t<h3 class=\"elementor-post__title\">\n\t\t\t<a href=\"https:\/\/ozteknikoto.com\/tr\/hidrolik-onarim-kiti-hidrolik-sistem-omrunu-uzatmanin-anahtari\/\">\n\t\t\t\tHidrolik Onar\u0131m Kiti: Hidrolik Sistem \u00d6mr\u00fcn\u00fc Uzatman\u0131n Anahtar\u0131\t\t\t<\/a>\n\t\t<\/h3>\n\t\t\t\t<div class=\"elementor-post__excerpt\">\n\t\t\t<p>A hi\u0307droli\u0307k tami\u0307r ki\u0307ti\u0307 hidrolik sistemlerin verimlili\u011fini ve uzun \u00f6m\u00fcrl\u00fcl\u00fc\u011f\u00fcn\u00fc korumak i\u00e7in vazge\u00e7ilmez bir ara\u00e7t\u0131r. Bu kitler silindirlerin, pompalar\u0131n ve<\/p>\n\t\t<\/div>\n\t\t\n\t\t<a class=\"elementor-post__read-more\" href=\"https:\/\/ozteknikoto.com\/tr\/hidrolik-onarim-kiti-hidrolik-sistem-omrunu-uzatmanin-anahtari\/\" aria-label=\"Read more about Hidrolik Onar\u0131m Kiti: Hidrolik Sistem \u00d6mr\u00fcn\u00fc Uzatman\u0131n Anahtar\u0131\" tabindex=\"-1\">\n\t\t\tDetayl\u0131 Bilgi \u00bb\t\t<\/a>\n\n\t\t\t\t<\/div>\n\t\t\t\t<div class=\"elementor-post__meta-data\">\n\t\t\t\t\t<span class=\"elementor-post-date\">\n\t\t\t9 Ocak 2025\t\t<\/span>\n\t\t\t\t<\/div>\n\t\t\t\t\t<\/div>\n\t\t<\/article>\n\t\t\t\t<article class=\"elementor-post elementor-grid-item post-27004 post type-post status-publish format-standard has-post-thumbnail hentry category-blog-tr\" role=\"listitem\">\n\t\t\t<div class=\"elementor-post__card\">\n\t\t\t\t<a class=\"elementor-post__thumbnail__link\" href=\"https:\/\/ozteknikoto.com\/tr\/debriyaj-diski-aracinizin-sanzimaninin-kalbi\/\" tabindex=\"-1\"><div class=\"elementor-post__thumbnail\"><img loading=\"lazy\" decoding=\"async\" width=\"800\" height=\"534\" src=\"https:\/\/ozteknikoto.com\/wp-content\/uploads\/2025\/01\/clutch-disc-ozteknikoto.jpg\" class=\"attachment-large size-large wp-image-26875\" alt=\"Clutch Disc: The Heart of Your Vehicle\u2019s Transmission\" srcset=\"https:\/\/ozteknikoto.com\/wp-content\/uploads\/2025\/01\/clutch-disc-ozteknikoto.jpg 1000w, https:\/\/ozteknikoto.com\/wp-content\/uploads\/2025\/01\/clutch-disc-ozteknikoto-300x200.jpg 300w, https:\/\/ozteknikoto.com\/wp-content\/uploads\/2025\/01\/clutch-disc-ozteknikoto-768x513.jpg 768w, https:\/\/ozteknikoto.com\/wp-content\/uploads\/2025\/01\/clutch-disc-ozteknikoto-600x401.jpg 600w\" sizes=\"(max-width: 800px) 100vw, 800px\" \/><\/div><\/a>\n\t\t\t\t<div class=\"elementor-post__badge\">Blog<\/div>\n\t\t\t\t<div class=\"elementor-post__text\">\n\t\t\t\t<h3 class=\"elementor-post__title\">\n\t\t\t<a href=\"https:\/\/ozteknikoto.com\/tr\/debriyaj-diski-aracinizin-sanzimaninin-kalbi\/\">\n\t\t\t\tDebriyaj Diski: Arac\u0131n\u0131z\u0131n \u015eanz\u0131man\u0131n\u0131n Kalbi\t\t\t<\/a>\n\t\t<\/h3>\n\t\t\t\t<div class=\"elementor-post__excerpt\">\n\t\t\t<p>Bu debriyaj diski herhangi bir arac\u0131n \u015fanz\u0131man sisteminin temel bir par\u00e7as\u0131d\u0131r ve g\u00fcc\u00fcn motordan aktarma organlar\u0131na aktar\u0131lmas\u0131ndan sorumludur. Bir k\u00f6pr\u00fc<\/p>\n\t\t<\/div>\n\t\t\n\t\t<a class=\"elementor-post__read-more\" href=\"https:\/\/ozteknikoto.com\/tr\/debriyaj-diski-aracinizin-sanzimaninin-kalbi\/\" aria-label=\"Read more about Debriyaj Diski: Arac\u0131n\u0131z\u0131n \u015eanz\u0131man\u0131n\u0131n Kalbi\" tabindex=\"-1\">\n\t\t\tDetayl\u0131 Bilgi \u00bb\t\t<\/a>\n\n\t\t\t\t<\/div>\n\t\t\t\t<div class=\"elementor-post__meta-data\">\n\t\t\t\t\t<span class=\"elementor-post-date\">\n\t\t\t9 Ocak 2025\t\t<\/span>\n\t\t\t\t<\/div>\n\t\t\t\t\t<\/div>\n\t\t<\/article>\n\t\t\t\t<\/div>\n\t\t\n\t\t\t\t\t\t<\/div>\n\t\t\t\t<\/div>\n\t\t\t\t\t<\/div>\n\t\t\t\t<\/div>\n\t\t\t\t<\/div>\n\t\t","protected":false},"excerpt":{"rendered":"<p>BLOG<\/p>\n","protected":false},"author":1,"featured_media":0,"parent":0,"menu_order":0,"comment_status":"closed","ping_status":"closed","template":"","meta":{"_acf_changed":false,"footnotes":""},"class_list":["post-26249","page","type-page","status-publish","hentry"],"acf":[],"_links":{"self":[{"href":"https:\/\/ozteknikoto.com\/tr\/wp-json\/wp\/v2\/pages\/26249","targetHints":{"allow":["GET"]}}],"collection":[{"href":"https:\/\/ozteknikoto.com\/tr\/wp-json\/wp\/v2\/pages"}],"about":[{"href":"https:\/\/ozteknikoto.com\/tr\/wp-json\/wp\/v2\/types\/page"}],"author":[{"embeddable":true,"href":"https:\/\/ozteknikoto.com\/tr\/wp-json\/wp\/v2\/users\/1"}],"replies":[{"embeddable":true,"href":"https:\/\/ozteknikoto.com\/tr\/wp-json\/wp\/v2\/comments?post=26249"}],"version-history":[{"count":10,"href":"https:\/\/ozteknikoto.com\/tr\/wp-json\/wp\/v2\/pages\/26249\/revisions"}],"predecessor-version":[{"id":31481,"href":"https:\/\/ozteknikoto.com\/tr\/wp-json\/wp\/v2\/pages\/26249\/revisions\/31481"}],"wp:attachment":[{"href":"https:\/\/ozteknikoto.com\/tr\/wp-json\/wp\/v2\/media?parent=26249"}],"curies":[{"name":"wp","href":"https:\/\/api.w.org\/{rel}","templated":true}]}}