{"id":15939,"date":"2024-08-13T12:43:43","date_gmt":"2024-08-13T12:43:43","guid":{"rendered":"https:\/\/ozteknikoto.com\/sektorler\/"},"modified":"2024-11-11T07:53:22","modified_gmt":"2024-11-11T07:53:22","slug":"sektorler","status":"publish","type":"page","link":"https:\/\/ozteknikoto.com\/tr\/sektorler\/","title":{"rendered":"Sekt\u00f6rler"},"content":{"rendered":"\t\t<div data-elementor-type=\"wp-page\" data-elementor-id=\"15939\" class=\"elementor elementor-15939 elementor-381\" data-elementor-post-type=\"page\">\n\t\t\t\t<div class=\"elementor-element elementor-element-a6aeb56 e-flex e-con-boxed e-con e-parent\" data-id=\"a6aeb56\" data-element_type=\"container\" data-e-type=\"container\" data-settings=\"{&quot;background_background&quot;:&quot;classic&quot;}\">\n\t\t\t\t\t<div class=\"e-con-inner\">\n\t\t\t\t<div class=\"elementor-element elementor-element-1f6245a elementor-widget__width-inherit elementor-widget elementor-widget-heading\" data-id=\"1f6245a\" data-element_type=\"widget\" data-e-type=\"widget\" data-widget_type=\"heading.default\">\n\t\t\t\t<div class=\"elementor-widget-container\">\n\t\t\t\t\t<h1 class=\"elementor-heading-title elementor-size-default\">SEKT\u00d6RLER<\/h1>\t\t\t\t<\/div>\n\t\t\t\t<\/div>\n\t\t\t\t<div class=\"elementor-element elementor-element-eefed8a elementor-align-center elementor-widget elementor-widget-lottie\" data-id=\"eefed8a\" data-element_type=\"widget\" data-e-type=\"widget\" data-settings=\"{&quot;source_json&quot;:{&quot;url&quot;:&quot;https:\\\/\\\/ozteknikoto.com\\\/wp-content\\\/uploads\\\/2024\\\/09\\\/scroll-down.json&quot;,&quot;id&quot;:7596,&quot;size&quot;:&quot;&quot;,&quot;alt&quot;:&quot;&quot;,&quot;source&quot;:&quot;library&quot;},&quot;link_to&quot;:&quot;custom&quot;,&quot;custom_link&quot;:{&quot;url&quot;:&quot;#continue&quot;,&quot;is_external&quot;:&quot;&quot;,&quot;nofollow&quot;:&quot;&quot;,&quot;custom_attributes&quot;:&quot;&quot;},&quot;loop&quot;:&quot;yes&quot;,&quot;renderer&quot;:&quot;canvas&quot;,&quot;source&quot;:&quot;media_file&quot;,&quot;caption_source&quot;:&quot;none&quot;,&quot;trigger&quot;:&quot;arriving_to_viewport&quot;,&quot;viewport&quot;:{&quot;unit&quot;:&quot;%&quot;,&quot;size&quot;:&quot;&quot;,&quot;sizes&quot;:{&quot;start&quot;:0,&quot;end&quot;:100}},&quot;play_speed&quot;:{&quot;unit&quot;:&quot;px&quot;,&quot;size&quot;:1,&quot;sizes&quot;:[]},&quot;start_point&quot;:{&quot;unit&quot;:&quot;%&quot;,&quot;size&quot;:0,&quot;sizes&quot;:[]},&quot;end_point&quot;:{&quot;unit&quot;:&quot;%&quot;,&quot;size&quot;:100,&quot;sizes&quot;:[]}}\" data-widget_type=\"lottie.default\">\n\t\t\t\t<div class=\"elementor-widget-container\">\n\t\t\t\t\t<a class=\"e-lottie__container__link\" href=\"#continue\"><div class=\"e-lottie__container\"><div class=\"e-lottie__animation\"><\/div><\/div><\/a>\t\t\t\t<\/div>\n\t\t\t\t<\/div>\n\t\t\t\t\t<\/div>\n\t\t\t\t<\/div>\n\t\t<div class=\"elementor-element elementor-element-9820d97 e-flex e-con-boxed e-con e-parent\" data-id=\"9820d97\" data-element_type=\"container\" data-e-type=\"container\" id=\"continue\">\n\t\t\t\t\t<div class=\"e-con-inner\">\n\t\t\t\t<div class=\"elementor-element elementor-element-cf13609 elementor-widget elementor-widget-heading\" data-id=\"cf13609\" data-element_type=\"widget\" data-e-type=\"widget\" data-widget_type=\"heading.default\">\n\t\t\t\t<div class=\"elementor-widget-container\">\n\t\t\t\t\t<h2 class=\"elementor-heading-title elementor-size-default\">HER ZAMAN <span>HER YERDE<\/span><\/h2>\t\t\t\t<\/div>\n\t\t\t\t<\/div>\n\t\t\t\t<div class=\"elementor-element elementor-element-ceedba3 elementor-widget elementor-widget-text-editor\" data-id=\"ceedba3\" data-element_type=\"widget\" data-e-type=\"widget\" data-widget_type=\"text-editor.default\">\n\t\t\t\t<div class=\"elementor-widget-container\">\n\t\t\t\t\t\t\t\t\t<p>\u00d6zteknik Grup olarak standart \u00fcretim ve projelerin yan\u0131 s\u0131ra sekt\u00f6rel bazl\u0131, sonu\u00e7 odakl\u0131, hedef pazara \u00f6zel ve ni\u015f odakl\u0131 projeler y\u00fcr\u00fctmekteyiz. S\u00fcrekli iyile\u015ftirme d\u00fc\u015f\u00fcncesi ile end\u00fcstriyel ihtiya\u00e7lar\u0131n kar\u015f\u0131lanmas\u0131 noktas\u0131nda \u00e7\u00f6z\u00fcm \u00fcretme kapasitesine sahip olan \u015firket, otomotiv, tar\u0131m ekipmanlar\u0131 gibi alanlarda en son teknolojiler ile en y\u00fcksek kalitede projeler y\u00fcr\u00fctmekte ve \u00fcretim yapmaktad\u0131r. <\/p>\n\t\t\t\t\t\t\t\t<\/div>\n\t\t\t\t<\/div>\n\t\t<div class=\"elementor-element elementor-element-ce023d9 e-con-full e-flex e-con e-child\" data-id=\"ce023d9\" data-element_type=\"container\" data-e-type=\"container\">\n\t\t<div class=\"elementor-element elementor-element-9c4e4e6 e-con-full e-flex e-con e-child\" data-id=\"9c4e4e6\" data-element_type=\"container\" data-e-type=\"container\">\n\t\t\t\t<div class=\"elementor-element elementor-element-2479f22 elementor-widget elementor-widget-heading\" data-id=\"2479f22\" data-element_type=\"widget\" data-e-type=\"widget\" data-widget_type=\"heading.default\">\n\t\t\t\t<div class=\"elementor-widget-container\">\n\t\t\t\t\t<h5 class=\"elementor-heading-title elementor-size-default\">OTOMOT\u0130V<\/h5>\t\t\t\t<\/div>\n\t\t\t\t<\/div>\n\t\t\t\t<div class=\"elementor-element elementor-element-3ee3b06 elementor-widget elementor-widget-text-editor\" data-id=\"3ee3b06\" data-element_type=\"widget\" data-e-type=\"widget\" data-widget_type=\"text-editor.default\">\n\t\t\t\t<div class=\"elementor-widget-container\">\n\t\t\t\t\t\t\t\t\t<p><span style=\"font-weight: 400;\">EGEROT, HYDCAB ve REVOL \u00fcr\u00fcnleri ile otomotiv sekt\u00f6r\u00fcnde iddiam\u0131z\u0131 ve kalitemizi kan\u0131tlayarak sekt\u00f6rel projeler ger\u00e7ekle\u015ftiriyoruz. Bu projeler, m\u00fc\u015fteri ihtiya\u00e7lar\u0131n\u0131 kar\u015f\u0131lamak ve sekt\u00f6rdeki standartlar\u0131 y\u00fckseltmek amac\u0131yla titizlikle planlanmakta ve uygulanmaktad\u0131r. <\/span><\/p>\n<p><span style=\"font-weight: 400;\">\u0130leri teknoloji, uzmanl\u0131k, yetkinlik ve kurumsal deneyim gerektiren bu dinamik sekt\u00f6rde, sekt\u00f6rel hakimiyetimiz ile sekt\u00f6r\u00fcn \u00f6nemli oyuncular\u0131ndan biri olmaktan gurur duyuyoruz. Ekiplerimiz alan\u0131nda deneyimli profesyonellerden olu\u015fuyor ve kendini s\u00fcrekli geli\u015ftiren bir yap\u0131ya sahip. Bu sayede de\u011fi\u015fen pazar ko\u015fullar\u0131na h\u0131zla adapte olabiliyor ve yenilik\u00e7i \u00e7\u00f6z\u00fcmler sunabiliyoruz.  <\/span><\/p>\n\t\t\t\t\t\t\t\t<\/div>\n\t\t\t\t<\/div>\n\t\t\t\t<\/div>\n\t\t<div class=\"elementor-element elementor-element-8e9b7d8 e-con-full e-flex e-con e-child\" data-id=\"8e9b7d8\" data-element_type=\"container\" data-e-type=\"container\">\n\t\t\t\t<div class=\"elementor-element elementor-element-ad3ca1d elementor-widget elementor-widget-heading\" data-id=\"ad3ca1d\" data-element_type=\"widget\" data-e-type=\"widget\" data-widget_type=\"heading.default\">\n\t\t\t\t<div class=\"elementor-widget-container\">\n\t\t\t\t\t<h5 class=\"elementor-heading-title elementor-size-default\">\u00d6ZEL<\/h5>\t\t\t\t<\/div>\n\t\t\t\t<\/div>\n\t\t\t\t<div class=\"elementor-element elementor-element-d1d7a47 elementor-widget elementor-widget-text-editor\" data-id=\"d1d7a47\" data-element_type=\"widget\" data-e-type=\"widget\" data-widget_type=\"text-editor.default\">\n\t\t\t\t<div class=\"elementor-widget-container\">\n\t\t\t\t\t\t\t\t\t<p><span style=\"font-weight: 400;\">End\u00fcstriyel standartlardan ve kalite anlay\u0131\u015f\u0131ndan \u00f6d\u00fcn vermeden y\u00fcr\u00fctt\u00fc\u011f\u00fcm\u00fcz \u00f6zel projelerle farkl\u0131 sekt\u00f6rlerin farkl\u0131 ihtiya\u00e7lar\u0131na hizmet etmeye ve sekt\u00f6re de\u011fer katmaya devam ediyoruz. Bu kapsamda her projemizi m\u00fc\u015fterilerimizin \u00f6zel taleplerini ve sekt\u00f6r\u00fcn dinamiklerini g\u00f6z \u00f6n\u00fcnde bulundurarak \u00f6zelle\u015ftiriyoruz. <\/span><\/p>\n<p><span style=\"font-weight: 400;\">Geli\u015ftirdi\u011fimiz \u00e7\u00f6z\u00fcmler sadece mevcut ihtiya\u00e7lar\u0131 kar\u015f\u0131lamak i\u00e7in de\u011fil, ayn\u0131 zamanda sekt\u00f6rdeki trendleri ve gelecekteki geli\u015fmeleri \u00f6ng\u00f6rmek i\u00e7in de tasarlan\u0131yor. B\u00f6ylece m\u00fc\u015fterilerimizin s\u00fcrd\u00fcr\u00fclebilir b\u00fcy\u00fcmelerine destek olurken rekabet avantaj\u0131 kazanmalar\u0131na da yard\u0131mc\u0131 oluyoruz. <\/span><\/p>\n\t\t\t\t\t\t\t\t<\/div>\n\t\t\t\t<\/div>\n\t\t\t\t<\/div>\n\t\t<div class=\"elementor-element elementor-element-9e7480e e-con-full e-flex e-con e-child\" data-id=\"9e7480e\" data-element_type=\"container\" data-e-type=\"container\">\n\t\t\t\t<div class=\"elementor-element elementor-element-7f67bf2 elementor-widget elementor-widget-heading\" data-id=\"7f67bf2\" data-element_type=\"widget\" data-e-type=\"widget\" data-widget_type=\"heading.default\">\n\t\t\t\t<div class=\"elementor-widget-container\">\n\t\t\t\t\t<h5 class=\"elementor-heading-title elementor-size-default\">TARIMSAL EKIPMAN<\/h5>\t\t\t\t<\/div>\n\t\t\t\t<\/div>\n\t\t\t\t<div class=\"elementor-element elementor-element-ce559ca elementor-widget elementor-widget-text-editor\" data-id=\"ce559ca\" data-element_type=\"widget\" data-e-type=\"widget\" data-widget_type=\"text-editor.default\">\n\t\t\t\t<div class=\"elementor-widget-container\">\n\t\t\t\t\t\t\t\t\t<p><span style=\"font-weight: 400;\">Tar\u0131m ara\u00e7lar\u0131 sekt\u00f6r\u00fcnde trakt\u00f6rler, tar\u0131m ekipmanlar\u0131 ve sulama ara\u00e7lar\u0131 i\u00e7in sekt\u00f6re \u00f6zel projeler geli\u015ftiriyoruz. Bu projeler, tar\u0131m sekt\u00f6r\u00fcn\u00fcn dinamik ihtiya\u00e7lar\u0131n\u0131 g\u00f6z \u00f6n\u00fcnde bulundurarak verimlili\u011fi art\u0131rmay\u0131 ve s\u00fcre\u00e7leri optimize etmeyi ama\u00e7l\u0131yor. <\/span><\/p>\n<p><span style=\"font-weight: 400;\">Geni\u015f \u00fcr\u00fcn yelpazemiz ve yenilik\u00e7i yakla\u015f\u0131m\u0131m\u0131zla \u00e7ift\u00e7iler ve tar\u0131msal i\u015fletmeler i\u00e7in kapsaml\u0131 \u00e7\u00f6z\u00fcmler sunuyoruz. Tar\u0131msal faaliyetlerde kar\u015f\u0131la\u015f\u0131lan zorluklar\u0131 \u00e7\u00f6zmek i\u00e7in, kullan\u0131c\u0131 geri bildirimlerini ve sekt\u00f6rdeki en son teknolojik geli\u015fmeleri dikkate alarak, \u00f6zel taleplere uygun projeler geli\u015ftirmeye kararl\u0131y\u0131z. <\/span><\/p>\n\t\t\t\t\t\t\t\t<\/div>\n\t\t\t\t<\/div>\n\t\t\t\t<\/div>\n\t\t\t\t<\/div>\n\t\t\t\t\t<\/div>\n\t\t\t\t<\/div>\n\t\t\t\t<\/div>\n\t\t","protected":false},"excerpt":{"rendered":"<p>SEKT\u00d6RLER HER ZAMAN HER YERDE \u00d6zteknik Grup olarak standart \u00fcretim ve projelerin yan\u0131 s\u0131ra sekt\u00f6rel bazl\u0131, sonu\u00e7 odakl\u0131, hedef pazara \u00f6zel ve ni\u015f odakl\u0131 projeler y\u00fcr\u00fctmekteyiz. S\u00fcrekli iyile\u015ftirme d\u00fc\u015f\u00fcncesi ile end\u00fcstriyel ihtiya\u00e7lar\u0131n kar\u015f\u0131lanmas\u0131 noktas\u0131nda \u00e7\u00f6z\u00fcm \u00fcretme kapasitesine sahip olan \u015firket, otomotiv, tar\u0131m ekipmanlar\u0131 gibi alanlarda en son teknolojiler ile en y\u00fcksek kalitede projeler y\u00fcr\u00fctmekte ve \u00fcretim yapmaktad\u0131r. OTOMOT\u0130V EGEROT, HYDCAB ve REVOL \u00fcr\u00fcnleri ile otomotiv sekt\u00f6r\u00fcnde iddiam\u0131z\u0131 ve kalitemizi kan\u0131tlayarak sekt\u00f6rel projeler ger\u00e7ekle\u015ftiriyoruz. Bu projeler, m\u00fc\u015fteri ihtiya\u00e7lar\u0131n\u0131 kar\u015f\u0131lamak ve sekt\u00f6rdeki standartlar\u0131 y\u00fckseltmek amac\u0131yla titizlikle planlanmakta ve uygulanmaktad\u0131r. \u0130leri teknoloji, uzmanl\u0131k, yetkinlik ve kurumsal deneyim gerektiren bu dinamik sekt\u00f6rde, sekt\u00f6rel hakimiyetimiz ile sekt\u00f6r\u00fcn \u00f6nemli oyuncular\u0131ndan biri olmaktan gurur duyuyoruz. Ekiplerimiz alan\u0131nda deneyimli profesyonellerden olu\u015fuyor ve kendini s\u00fcrekli geli\u015ftiren bir yap\u0131ya sahip. Bu sayede de\u011fi\u015fen pazar ko\u015fullar\u0131na h\u0131zla adapte olabiliyor ve yenilik\u00e7i \u00e7\u00f6z\u00fcmler sunabiliyoruz. \u00d6ZEL End\u00fcstriyel standartlardan ve kalite anlay\u0131\u015f\u0131ndan \u00f6d\u00fcn vermeden y\u00fcr\u00fctt\u00fc\u011f\u00fcm\u00fcz \u00f6zel projelerle farkl\u0131 sekt\u00f6rlerin farkl\u0131 ihtiya\u00e7lar\u0131na hizmet etmeye ve sekt\u00f6re de\u011fer katmaya devam ediyoruz. Bu kapsamda her projemizi m\u00fc\u015fterilerimizin \u00f6zel taleplerini ve sekt\u00f6r\u00fcn dinamiklerini g\u00f6z \u00f6n\u00fcnde bulundurarak \u00f6zelle\u015ftiriyoruz. Geli\u015ftirdi\u011fimiz \u00e7\u00f6z\u00fcmler sadece mevcut ihtiya\u00e7lar\u0131 kar\u015f\u0131lamak i\u00e7in de\u011fil, ayn\u0131 zamanda sekt\u00f6rdeki trendleri ve gelecekteki geli\u015fmeleri \u00f6ng\u00f6rmek i\u00e7in de tasarlan\u0131yor. B\u00f6ylece m\u00fc\u015fterilerimizin s\u00fcrd\u00fcr\u00fclebilir b\u00fcy\u00fcmelerine destek olurken rekabet avantaj\u0131 kazanmalar\u0131na da yard\u0131mc\u0131 oluyoruz. TARIMSAL EKIPMAN Tar\u0131m ara\u00e7lar\u0131 sekt\u00f6r\u00fcnde trakt\u00f6rler, tar\u0131m ekipmanlar\u0131 ve sulama ara\u00e7lar\u0131 i\u00e7in sekt\u00f6re \u00f6zel projeler geli\u015ftiriyoruz. Bu projeler, tar\u0131m sekt\u00f6r\u00fcn\u00fcn dinamik ihtiya\u00e7lar\u0131n\u0131 g\u00f6z \u00f6n\u00fcnde bulundurarak verimlili\u011fi art\u0131rmay\u0131 ve s\u00fcre\u00e7leri optimize etmeyi ama\u00e7l\u0131yor. Geni\u015f \u00fcr\u00fcn yelpazemiz ve yenilik\u00e7i yakla\u015f\u0131m\u0131m\u0131zla \u00e7ift\u00e7iler ve tar\u0131msal i\u015fletmeler i\u00e7in kapsaml\u0131 \u00e7\u00f6z\u00fcmler sunuyoruz. Tar\u0131msal faaliyetlerde kar\u015f\u0131la\u015f\u0131lan zorluklar\u0131 \u00e7\u00f6zmek i\u00e7in, kullan\u0131c\u0131 geri bildirimlerini ve sekt\u00f6rdeki en son teknolojik geli\u015fmeleri dikkate alarak, \u00f6zel taleplere uygun projeler geli\u015ftirmeye kararl\u0131y\u0131z.<\/p>\n","protected":false},"author":1,"featured_media":0,"parent":0,"menu_order":0,"comment_status":"closed","ping_status":"closed","template":"","meta":{"_acf_changed":false,"footnotes":""},"class_list":["post-15939","page","type-page","status-publish","hentry"],"acf":[],"_links":{"self":[{"href":"https:\/\/ozteknikoto.com\/tr\/wp-json\/wp\/v2\/pages\/15939","targetHints":{"allow":["GET"]}}],"collection":[{"href":"https:\/\/ozteknikoto.com\/tr\/wp-json\/wp\/v2\/pages"}],"about":[{"href":"https:\/\/ozteknikoto.com\/tr\/wp-json\/wp\/v2\/types\/page"}],"author":[{"embeddable":true,"href":"https:\/\/ozteknikoto.com\/tr\/wp-json\/wp\/v2\/users\/1"}],"replies":[{"embeddable":true,"href":"https:\/\/ozteknikoto.com\/tr\/wp-json\/wp\/v2\/comments?post=15939"}],"version-history":[{"count":10,"href":"https:\/\/ozteknikoto.com\/tr\/wp-json\/wp\/v2\/pages\/15939\/revisions"}],"predecessor-version":[{"id":26218,"href":"https:\/\/ozteknikoto.com\/tr\/wp-json\/wp\/v2\/pages\/15939\/revisions\/26218"}],"wp:attachment":[{"href":"https:\/\/ozteknikoto.com\/tr\/wp-json\/wp\/v2\/media?parent=15939"}],"curies":[{"name":"wp","href":"https:\/\/api.w.org\/{rel}","templated":true}]}}