{"id":15930,"date":"2024-08-13T11:27:22","date_gmt":"2024-08-13T11:27:22","guid":{"rendered":"https:\/\/ozteknikoto.com\/satis-sonrasi-destek\/"},"modified":"2024-11-04T11:06:53","modified_gmt":"2024-11-04T11:06:53","slug":"satis-sonrasi-destek","status":"publish","type":"page","link":"https:\/\/ozteknikoto.com\/tr\/satis-sonrasi-destek\/","title":{"rendered":"Sat\u0131\u015f Sonras\u0131 Destek"},"content":{"rendered":"\t\t<div data-elementor-type=\"wp-page\" data-elementor-id=\"15930\" class=\"elementor elementor-15930 elementor-305\" data-elementor-post-type=\"page\">\n\t\t\t\t<div class=\"elementor-element elementor-element-e3c7d97 e-flex e-con-boxed e-con e-parent\" data-id=\"e3c7d97\" data-element_type=\"container\" data-e-type=\"container\" data-settings=\"{&quot;background_background&quot;:&quot;classic&quot;}\">\n\t\t\t\t\t<div class=\"e-con-inner\">\n\t\t\t\t<div class=\"elementor-element elementor-element-45ddaba elementor-widget__width-inherit elementor-widget elementor-widget-heading\" data-id=\"45ddaba\" data-element_type=\"widget\" data-e-type=\"widget\" data-widget_type=\"heading.default\">\n\t\t\t\t<div class=\"elementor-widget-container\">\n\t\t\t\t\t<h1 class=\"elementor-heading-title elementor-size-default\">Sat\u0131\u015f Sonras\u0131 Destek<\/h1>\t\t\t\t<\/div>\n\t\t\t\t<\/div>\n\t\t\t\t<div class=\"elementor-element elementor-element-3cc7473 elementor-align-center elementor-widget elementor-widget-lottie\" data-id=\"3cc7473\" data-element_type=\"widget\" data-e-type=\"widget\" data-settings=\"{&quot;source_json&quot;:{&quot;url&quot;:&quot;https:\\\/\\\/ozteknikoto.com\\\/wp-content\\\/uploads\\\/2024\\\/09\\\/scroll-down.json&quot;,&quot;id&quot;:7596,&quot;size&quot;:&quot;&quot;,&quot;alt&quot;:&quot;&quot;,&quot;source&quot;:&quot;library&quot;},&quot;link_to&quot;:&quot;custom&quot;,&quot;custom_link&quot;:{&quot;url&quot;:&quot;#continue&quot;,&quot;is_external&quot;:&quot;&quot;,&quot;nofollow&quot;:&quot;&quot;,&quot;custom_attributes&quot;:&quot;&quot;},&quot;loop&quot;:&quot;yes&quot;,&quot;renderer&quot;:&quot;canvas&quot;,&quot;source&quot;:&quot;media_file&quot;,&quot;caption_source&quot;:&quot;none&quot;,&quot;trigger&quot;:&quot;arriving_to_viewport&quot;,&quot;viewport&quot;:{&quot;unit&quot;:&quot;%&quot;,&quot;size&quot;:&quot;&quot;,&quot;sizes&quot;:{&quot;start&quot;:0,&quot;end&quot;:100}},&quot;play_speed&quot;:{&quot;unit&quot;:&quot;px&quot;,&quot;size&quot;:1,&quot;sizes&quot;:[]},&quot;start_point&quot;:{&quot;unit&quot;:&quot;%&quot;,&quot;size&quot;:0,&quot;sizes&quot;:[]},&quot;end_point&quot;:{&quot;unit&quot;:&quot;%&quot;,&quot;size&quot;:100,&quot;sizes&quot;:[]}}\" data-widget_type=\"lottie.default\">\n\t\t\t\t<div class=\"elementor-widget-container\">\n\t\t\t\t\t<a class=\"e-lottie__container__link\" href=\"#continue\"><div class=\"e-lottie__container\"><div class=\"e-lottie__animation\"><\/div><\/div><\/a>\t\t\t\t<\/div>\n\t\t\t\t<\/div>\n\t\t\t\t\t<\/div>\n\t\t\t\t<\/div>\n\t\t<div class=\"elementor-element elementor-element-fa9082d e-flex e-con-boxed e-con e-parent\" data-id=\"fa9082d\" data-element_type=\"container\" data-e-type=\"container\" id=\"continue\">\n\t\t\t\t\t<div class=\"e-con-inner\">\n\t\t\t\t<div class=\"elementor-element elementor-element-a83bce1 elementor-widget elementor-widget-heading\" data-id=\"a83bce1\" data-element_type=\"widget\" data-e-type=\"widget\" data-widget_type=\"heading.default\">\n\t\t\t\t<div class=\"elementor-widget-container\">\n\t\t\t\t\t<h2 class=\"elementor-heading-title elementor-size-default\">HER ZAMAN <span>YANINIZDAYIZ<\/span><\/h2>\t\t\t\t<\/div>\n\t\t\t\t<\/div>\n\t\t<div class=\"elementor-element elementor-element-dac6605 e-con-full e-flex e-con e-child\" data-id=\"dac6605\" data-element_type=\"container\" data-e-type=\"container\">\n\t\t<div class=\"elementor-element elementor-element-aae0f2b e-con-full e-flex e-con e-child\" data-id=\"aae0f2b\" data-element_type=\"container\" data-e-type=\"container\">\n\t\t\t\t<div class=\"elementor-element elementor-element-b20a2be elementor-widget elementor-widget-text-editor\" data-id=\"b20a2be\" data-element_type=\"widget\" data-e-type=\"widget\" data-widget_type=\"text-editor.default\">\n\t\t\t\t<div class=\"elementor-widget-container\">\n\t\t\t\t\t\t\t\t\t<p><span style=\"font-weight: 400;\">\u00d6zteknik Grup, orijinal ekipman kalitesinde \u00fcretti\u011fi REVOL markal\u0131 debriyaj \u00fcr\u00fcnleri, HYDCAB markal\u0131 hidrolik kabin kald\u0131rma \u00fcr\u00fcnleri, EGEROT markal\u0131 direksiyon ve s\u00fcspansiyon \u00fcr\u00fcnleri ve m\u00fckemmel sat\u0131\u015f sonras\u0131 hizmeti ile m\u00fc\u015fterilerine dayan\u0131kl\u0131l\u0131k, g\u00fcvenilirlik ve karl\u0131l\u0131k sa\u011fl\u0131yor.  <\/span><\/p>\n<p><span style=\"font-weight: 400;\">T\u00fcm \u00fcr\u00fcnler \u00fcretim hatalar\u0131na kar\u015f\u0131 \u00fcretici garantisi alt\u0131ndad\u0131r. Sat\u0131\u015f sonras\u0131 teknik ekip, m\u00fc\u015fterilerin ihtiya\u00e7 ve beklentilerini daha iyi anlamak i\u00e7in d\u00fczenli olarak tesisleri ziyaret etmekte, ekipman ve \u00fcr\u00fcn de\u011fi\u015fikliklerini ve sahadaki m\u00fc\u015fteri beklentilerini takip etmektedir. Saha ve teknik destek konular\u0131nda her zaman m\u00fc\u015fterilerinin yan\u0131nda olan ve ba\u015far\u0131n\u0131n anahtar\u0131n\u0131n i\u015f ortaklar\u0131na verilen de\u011fer ve ko\u015fulsuz m\u00fc\u015fteri memnuniyeti oldu\u011funu bilen, bu \u00e7er\u00e7evede faaliyet g\u00f6steren  <\/span><b>.<\/b><\/p>\n\t\t\t\t\t\t\t\t<\/div>\n\t\t\t\t<\/div>\n\t\t\t\t<\/div>\n\t\t\t\t<\/div>\n\t\t\t\t\t<\/div>\n\t\t\t\t<\/div>\n\t\t\t\t<\/div>\n\t\t","protected":false},"excerpt":{"rendered":"<p>HER ZAMAN YANINIZDAYIZ \u00d6zteknik Grup, orijinal ekipman kalitesinde \u00fcretti\u011fi REVOL markal\u0131 debriyaj \u00fcr\u00fcnleri, HYDCAB markal\u0131 hidrolik kabin kald\u0131rma \u00fcr\u00fcnleri, EGEROT markal\u0131 direksiyon ve s\u00fcspansiyon \u00fcr\u00fcnleri ve m\u00fckemmel sat\u0131\u015f sonras\u0131 hizmeti ile m\u00fc\u015fterilerine dayan\u0131kl\u0131l\u0131k, g\u00fcvenilirlik ve karl\u0131l\u0131k sa\u011fl\u0131yor. T\u00fcm \u00fcr\u00fcnler \u00fcretim hatalar\u0131na kar\u015f\u0131 \u00fcretici garantisi alt\u0131ndad\u0131r. Sat\u0131\u015f sonras\u0131 teknik ekip, m\u00fc\u015fterilerin ihtiya\u00e7 ve beklentilerini daha iyi anlamak i\u00e7in d\u00fczenli olarak tesisleri ziyaret etmekte, ekipman ve \u00fcr\u00fcn de\u011fi\u015fikliklerini ve sahadaki m\u00fc\u015fteri beklentilerini takip etmektedir. Saha ve teknik destek konular\u0131nda her zaman m\u00fc\u015fterilerinin yan\u0131nda olan ve ba\u015far\u0131n\u0131n anahtar\u0131n\u0131n i\u015f ortaklar\u0131na verilen de\u011fer ve ko\u015fulsuz m\u00fc\u015fteri memnuniyeti oldu\u011funu bilen, bu \u00e7er\u00e7evede faaliyet g\u00f6steren .<\/p>\n","protected":false},"author":1,"featured_media":0,"parent":0,"menu_order":0,"comment_status":"closed","ping_status":"closed","template":"","meta":{"_acf_changed":false,"footnotes":""},"class_list":["post-15930","page","type-page","status-publish","hentry"],"acf":[],"_links":{"self":[{"href":"https:\/\/ozteknikoto.com\/tr\/wp-json\/wp\/v2\/pages\/15930","targetHints":{"allow":["GET"]}}],"collection":[{"href":"https:\/\/ozteknikoto.com\/tr\/wp-json\/wp\/v2\/pages"}],"about":[{"href":"https:\/\/ozteknikoto.com\/tr\/wp-json\/wp\/v2\/types\/page"}],"author":[{"embeddable":true,"href":"https:\/\/ozteknikoto.com\/tr\/wp-json\/wp\/v2\/users\/1"}],"replies":[{"embeddable":true,"href":"https:\/\/ozteknikoto.com\/tr\/wp-json\/wp\/v2\/comments?post=15930"}],"version-history":[{"count":1,"href":"https:\/\/ozteknikoto.com\/tr\/wp-json\/wp\/v2\/pages\/15930\/revisions"}],"predecessor-version":[{"id":15932,"href":"https:\/\/ozteknikoto.com\/tr\/wp-json\/wp\/v2\/pages\/15930\/revisions\/15932"}],"wp:attachment":[{"href":"https:\/\/ozteknikoto.com\/tr\/wp-json\/wp\/v2\/media?parent=15930"}],"curies":[{"name":"wp","href":"https:\/\/api.w.org\/{rel}","templated":true}]}}