{"id":15927,"date":"2024-08-13T11:30:10","date_gmt":"2024-08-13T11:30:10","guid":{"rendered":"https:\/\/ozteknikoto.com\/urun-gelistirme\/"},"modified":"2024-11-04T11:06:54","modified_gmt":"2024-11-04T11:06:54","slug":"urun-gelistirme","status":"publish","type":"page","link":"https:\/\/ozteknikoto.com\/tr\/urun-gelistirme\/","title":{"rendered":"\u00dcr\u00fcn Geli\u015ftirme"},"content":{"rendered":"\t\t<div data-elementor-type=\"wp-page\" data-elementor-id=\"15927\" class=\"elementor elementor-15927 elementor-312\" data-elementor-post-type=\"page\">\n\t\t\t\t<div class=\"elementor-element elementor-element-076b4ee e-flex e-con-boxed e-con e-parent\" data-id=\"076b4ee\" data-element_type=\"container\" data-e-type=\"container\" data-settings=\"{&quot;background_background&quot;:&quot;classic&quot;}\">\n\t\t\t\t\t<div class=\"e-con-inner\">\n\t\t\t\t<div class=\"elementor-element elementor-element-ba7402d elementor-widget__width-inherit elementor-widget elementor-widget-heading\" data-id=\"ba7402d\" data-element_type=\"widget\" data-e-type=\"widget\" data-widget_type=\"heading.default\">\n\t\t\t\t<div class=\"elementor-widget-container\">\n\t\t\t\t\t<h1 class=\"elementor-heading-title elementor-size-default\">\u00dcR\u00dcN GELI\u0307\u015eTI\u0307RME<\/h1>\t\t\t\t<\/div>\n\t\t\t\t<\/div>\n\t\t\t\t<div class=\"elementor-element elementor-element-b3913e1 elementor-align-center elementor-widget elementor-widget-lottie\" data-id=\"b3913e1\" data-element_type=\"widget\" data-e-type=\"widget\" data-settings=\"{&quot;source_json&quot;:{&quot;url&quot;:&quot;https:\\\/\\\/ozteknikoto.com\\\/wp-content\\\/uploads\\\/2024\\\/09\\\/scroll-down.json&quot;,&quot;id&quot;:7596,&quot;size&quot;:&quot;&quot;,&quot;alt&quot;:&quot;&quot;,&quot;source&quot;:&quot;library&quot;},&quot;link_to&quot;:&quot;custom&quot;,&quot;custom_link&quot;:{&quot;url&quot;:&quot;#continue&quot;,&quot;is_external&quot;:&quot;&quot;,&quot;nofollow&quot;:&quot;&quot;,&quot;custom_attributes&quot;:&quot;&quot;},&quot;loop&quot;:&quot;yes&quot;,&quot;renderer&quot;:&quot;canvas&quot;,&quot;source&quot;:&quot;media_file&quot;,&quot;caption_source&quot;:&quot;none&quot;,&quot;trigger&quot;:&quot;arriving_to_viewport&quot;,&quot;viewport&quot;:{&quot;unit&quot;:&quot;%&quot;,&quot;size&quot;:&quot;&quot;,&quot;sizes&quot;:{&quot;start&quot;:0,&quot;end&quot;:100}},&quot;play_speed&quot;:{&quot;unit&quot;:&quot;px&quot;,&quot;size&quot;:1,&quot;sizes&quot;:[]},&quot;start_point&quot;:{&quot;unit&quot;:&quot;%&quot;,&quot;size&quot;:0,&quot;sizes&quot;:[]},&quot;end_point&quot;:{&quot;unit&quot;:&quot;%&quot;,&quot;size&quot;:100,&quot;sizes&quot;:[]}}\" data-widget_type=\"lottie.default\">\n\t\t\t\t<div class=\"elementor-widget-container\">\n\t\t\t\t\t<a class=\"e-lottie__container__link\" href=\"#continue\"><div class=\"e-lottie__container\"><div class=\"e-lottie__animation\"><\/div><\/div><\/a>\t\t\t\t<\/div>\n\t\t\t\t<\/div>\n\t\t\t\t\t<\/div>\n\t\t\t\t<\/div>\n\t\t<div class=\"elementor-element elementor-element-7493084 e-flex e-con-boxed e-con e-parent\" data-id=\"7493084\" data-element_type=\"container\" data-e-type=\"container\" id=\"continue\">\n\t\t\t\t\t<div class=\"e-con-inner\">\n\t\t\t\t<div class=\"elementor-element elementor-element-9cc436c elementor-widget elementor-widget-heading\" data-id=\"9cc436c\" data-element_type=\"widget\" data-e-type=\"widget\" data-widget_type=\"heading.default\">\n\t\t\t\t<div class=\"elementor-widget-container\">\n\t\t\t\t\t<h2 class=\"elementor-heading-title elementor-size-default\">HER ZAMAN <span>G\u00dcNCEL<\/span><\/h2>\t\t\t\t<\/div>\n\t\t\t\t<\/div>\n\t\t<div class=\"elementor-element elementor-element-bbb6255 e-con-full e-flex e-con e-child\" data-id=\"bbb6255\" data-element_type=\"container\" data-e-type=\"container\">\n\t\t<div class=\"elementor-element elementor-element-7784ca4 e-con-full e-flex e-con e-child\" data-id=\"7784ca4\" data-element_type=\"container\" data-e-type=\"container\">\n\t\t\t\t<div class=\"elementor-element elementor-element-66ff0b3 elementor-widget elementor-widget-text-editor\" data-id=\"66ff0b3\" data-element_type=\"widget\" data-e-type=\"widget\" data-widget_type=\"text-editor.default\">\n\t\t\t\t<div class=\"elementor-widget-container\">\n\t\t\t\t\t\t\t\t\t<p><span style=\"font-weight: 400;\">\u00d6zteknik, hem yurt i\u00e7i hem de yurt d\u0131\u015f\u0131 pazarlarda s\u00fcrekli de\u011fi\u015fen ara\u00e7 filosu dinamiklerini, m\u00fc\u015fteri ihtiya\u00e7lar\u0131n\u0131 ve end\u00fcstriyel tasar\u0131m geli\u015fmelerini yak\u0131ndan takip ederek \u00fcr\u00fcn portf\u00f6y\u00fcn\u00fc g\u00fcncel tutmaya \u00f6ncelik vermektedir. M\u00fc\u015fteri taleplerine en h\u0131zl\u0131 \u015fekilde cevap verebilmek i\u00e7in mevcut \u00fcr\u00fcn gam\u0131n\u0131 geni\u015fletiyor ve yeni \u00fcr\u00fcnler geli\u015ftiriyor. \u015eirketin hedefi, de\u011fi\u015fen pazar ko\u015fullar\u0131na uyum sa\u011flarken sekt\u00f6rdeki yenilik\u00e7i geli\u015fmelere de en k\u0131sa s\u00fcrede entegre olmakt\u0131r.  <\/span><\/p>\n<p><span style=\"font-weight: 400;\">Ayr\u0131ca \u00d6zteknik, kendi \u00fcretim yelpazesiyle s\u0131n\u0131rl\u0131 kalmay\u0131p, bu \u00fcr\u00fcnlerle birlikte kullan\u0131lan katma de\u011feri y\u00fcksek tamamlay\u0131c\u0131 sistem par\u00e7alar\u0131n\u0131 da titizlikle \u00fcretmektedir. \u00dcretim s\u00fcre\u00e7lerinde kalite standartlar\u0131na titizlikle uyulmakta ve m\u00fc\u015fteri memnuniyeti odakl\u0131 bir yakla\u015f\u0131m asla g\u00f6z ard\u0131 edilmemektedir. Kalite kontrol ve test s\u00fcre\u00e7leri her a\u015famada uygulanarak pazara sunulan her bir \u00fcr\u00fcn\u00fcn g\u00fcvenilirli\u011fi ve dayan\u0131kl\u0131l\u0131\u011f\u0131 g\u00fcvence alt\u0131na al\u0131nmaktad\u0131r.  <\/span><\/p>\n<p><span style=\"font-weight: 400;\">M\u00fc\u015fteri memnuniyetine verilen \u00f6nem, firman\u0131n uzun y\u0131llara dayanan tecr\u00fcbesi ile harmanlanarak m\u00fc\u015fteri beklentilerine zaman\u0131nda ve eksiksiz cevap verme prensibine dayanmaktad\u0131r. Teknolojik geli\u015fmeleri, AR-GE \u00e7al\u0131\u015fmalar\u0131n\u0131 ve yenilik\u00e7i tasar\u0131m s\u00fcre\u00e7lerini takip ederek \u00fcretti\u011fi her par\u00e7ada \u00fcst\u00fcn kaliteyi hedefleyen \u00d6zteknik, sekt\u00f6r\u00fcn ihtiya\u00e7lar\u0131na uygun yenilik\u00e7i \u00e7\u00f6z\u00fcmler sunmaktad\u0131r <\/span><\/p>\n\t\t\t\t\t\t\t\t<\/div>\n\t\t\t\t<\/div>\n\t\t\t\t<\/div>\n\t\t\t\t<\/div>\n\t\t\t\t\t<\/div>\n\t\t\t\t<\/div>\n\t\t\t\t<\/div>\n\t\t","protected":false},"excerpt":{"rendered":"<p>\u00dcR\u00dcN GELI\u0307\u015eTI\u0307RME HER ZAMAN G\u00dcNCEL \u00d6zteknik, hem yurt i\u00e7i hem de yurt d\u0131\u015f\u0131 pazarlarda s\u00fcrekli de\u011fi\u015fen ara\u00e7 filosu dinamiklerini, m\u00fc\u015fteri ihtiya\u00e7lar\u0131n\u0131 ve end\u00fcstriyel tasar\u0131m geli\u015fmelerini yak\u0131ndan takip ederek \u00fcr\u00fcn portf\u00f6y\u00fcn\u00fc g\u00fcncel tutmaya \u00f6ncelik vermektedir. M\u00fc\u015fteri taleplerine en h\u0131zl\u0131 \u015fekilde cevap verebilmek i\u00e7in mevcut \u00fcr\u00fcn gam\u0131n\u0131 geni\u015fletiyor ve yeni \u00fcr\u00fcnler geli\u015ftiriyor. \u015eirketin hedefi, de\u011fi\u015fen pazar ko\u015fullar\u0131na uyum sa\u011flarken sekt\u00f6rdeki yenilik\u00e7i geli\u015fmelere de en k\u0131sa s\u00fcrede entegre olmakt\u0131r. Ayr\u0131ca \u00d6zteknik, kendi \u00fcretim yelpazesiyle s\u0131n\u0131rl\u0131 kalmay\u0131p, bu \u00fcr\u00fcnlerle birlikte kullan\u0131lan katma de\u011feri y\u00fcksek tamamlay\u0131c\u0131 sistem par\u00e7alar\u0131n\u0131 da titizlikle \u00fcretmektedir. \u00dcretim s\u00fcre\u00e7lerinde kalite standartlar\u0131na titizlikle uyulmakta ve m\u00fc\u015fteri memnuniyeti odakl\u0131 bir yakla\u015f\u0131m asla g\u00f6z ard\u0131 edilmemektedir. Kalite kontrol ve test s\u00fcre\u00e7leri her a\u015famada uygulanarak pazara sunulan her bir \u00fcr\u00fcn\u00fcn g\u00fcvenilirli\u011fi ve dayan\u0131kl\u0131l\u0131\u011f\u0131 g\u00fcvence alt\u0131na al\u0131nmaktad\u0131r. M\u00fc\u015fteri memnuniyetine verilen \u00f6nem, firman\u0131n uzun y\u0131llara dayanan tecr\u00fcbesi ile harmanlanarak m\u00fc\u015fteri beklentilerine zaman\u0131nda ve eksiksiz cevap verme prensibine dayanmaktad\u0131r. Teknolojik geli\u015fmeleri, AR-GE \u00e7al\u0131\u015fmalar\u0131n\u0131 ve yenilik\u00e7i tasar\u0131m s\u00fcre\u00e7lerini takip ederek \u00fcretti\u011fi her par\u00e7ada \u00fcst\u00fcn kaliteyi hedefleyen \u00d6zteknik, sekt\u00f6r\u00fcn ihtiya\u00e7lar\u0131na uygun yenilik\u00e7i \u00e7\u00f6z\u00fcmler sunmaktad\u0131r<\/p>\n","protected":false},"author":1,"featured_media":0,"parent":0,"menu_order":0,"comment_status":"closed","ping_status":"closed","template":"","meta":{"_acf_changed":false,"footnotes":""},"class_list":["post-15927","page","type-page","status-publish","hentry"],"acf":[],"_links":{"self":[{"href":"https:\/\/ozteknikoto.com\/tr\/wp-json\/wp\/v2\/pages\/15927","targetHints":{"allow":["GET"]}}],"collection":[{"href":"https:\/\/ozteknikoto.com\/tr\/wp-json\/wp\/v2\/pages"}],"about":[{"href":"https:\/\/ozteknikoto.com\/tr\/wp-json\/wp\/v2\/types\/page"}],"author":[{"embeddable":true,"href":"https:\/\/ozteknikoto.com\/tr\/wp-json\/wp\/v2\/users\/1"}],"replies":[{"embeddable":true,"href":"https:\/\/ozteknikoto.com\/tr\/wp-json\/wp\/v2\/comments?post=15927"}],"version-history":[{"count":1,"href":"https:\/\/ozteknikoto.com\/tr\/wp-json\/wp\/v2\/pages\/15927\/revisions"}],"predecessor-version":[{"id":15929,"href":"https:\/\/ozteknikoto.com\/tr\/wp-json\/wp\/v2\/pages\/15927\/revisions\/15929"}],"wp:attachment":[{"href":"https:\/\/ozteknikoto.com\/tr\/wp-json\/wp\/v2\/media?parent=15927"}],"curies":[{"name":"wp","href":"https:\/\/api.w.org\/{rel}","templated":true}]}}