{"id":15914,"date":"2024-08-13T11:18:07","date_gmt":"2024-08-13T11:18:07","guid":{"rendered":"https:\/\/ozteknikoto.com\/tedarik\/"},"modified":"2024-12-04T10:52:54","modified_gmt":"2024-12-04T10:52:54","slug":"tedarik","status":"publish","type":"page","link":"https:\/\/ozteknikoto.com\/tr\/tedarik\/","title":{"rendered":"Tedarik"},"content":{"rendered":"\t\t<div data-elementor-type=\"wp-page\" data-elementor-id=\"15914\" class=\"elementor elementor-15914 elementor-299\" data-elementor-post-type=\"page\">\n\t\t\t\t<div class=\"elementor-element elementor-element-5cba2bb e-flex e-con-boxed e-con e-parent\" data-id=\"5cba2bb\" data-element_type=\"container\" data-e-type=\"container\" data-settings=\"{&quot;background_background&quot;:&quot;classic&quot;}\">\n\t\t\t\t\t<div class=\"e-con-inner\">\n\t\t\t\t<div class=\"elementor-element elementor-element-7cdd472 elementor-widget__width-inherit elementor-widget elementor-widget-heading\" data-id=\"7cdd472\" data-element_type=\"widget\" data-e-type=\"widget\" data-widget_type=\"heading.default\">\n\t\t\t\t<div class=\"elementor-widget-container\">\n\t\t\t\t\t<h1 class=\"elementor-heading-title elementor-size-default\">TEDAR\u0130K<\/h1>\t\t\t\t<\/div>\n\t\t\t\t<\/div>\n\t\t\t\t<div class=\"elementor-element elementor-element-ab141d1 elementor-align-center elementor-widget elementor-widget-lottie\" data-id=\"ab141d1\" data-element_type=\"widget\" data-e-type=\"widget\" data-settings=\"{&quot;source_json&quot;:{&quot;url&quot;:&quot;https:\\\/\\\/ozteknikoto.com\\\/wp-content\\\/uploads\\\/2024\\\/09\\\/scroll-down.json&quot;,&quot;id&quot;:7596,&quot;size&quot;:&quot;&quot;,&quot;alt&quot;:&quot;&quot;,&quot;source&quot;:&quot;library&quot;},&quot;link_to&quot;:&quot;custom&quot;,&quot;custom_link&quot;:{&quot;url&quot;:&quot;#continue&quot;,&quot;is_external&quot;:&quot;&quot;,&quot;nofollow&quot;:&quot;&quot;,&quot;custom_attributes&quot;:&quot;&quot;},&quot;loop&quot;:&quot;yes&quot;,&quot;renderer&quot;:&quot;canvas&quot;,&quot;source&quot;:&quot;media_file&quot;,&quot;caption_source&quot;:&quot;none&quot;,&quot;trigger&quot;:&quot;arriving_to_viewport&quot;,&quot;viewport&quot;:{&quot;unit&quot;:&quot;%&quot;,&quot;size&quot;:&quot;&quot;,&quot;sizes&quot;:{&quot;start&quot;:0,&quot;end&quot;:100}},&quot;play_speed&quot;:{&quot;unit&quot;:&quot;px&quot;,&quot;size&quot;:1,&quot;sizes&quot;:[]},&quot;start_point&quot;:{&quot;unit&quot;:&quot;%&quot;,&quot;size&quot;:0,&quot;sizes&quot;:[]},&quot;end_point&quot;:{&quot;unit&quot;:&quot;%&quot;,&quot;size&quot;:100,&quot;sizes&quot;:[]}}\" data-widget_type=\"lottie.default\">\n\t\t\t\t<div class=\"elementor-widget-container\">\n\t\t\t\t\t<a class=\"e-lottie__container__link\" href=\"#continue\"><div class=\"e-lottie__container\"><div class=\"e-lottie__animation\"><\/div><\/div><\/a>\t\t\t\t<\/div>\n\t\t\t\t<\/div>\n\t\t\t\t\t<\/div>\n\t\t\t\t<\/div>\n\t\t<div class=\"elementor-element elementor-element-f8b99ab e-flex e-con-boxed e-con e-parent\" data-id=\"f8b99ab\" data-element_type=\"container\" data-e-type=\"container\" id=\"continue\">\n\t\t\t\t\t<div class=\"e-con-inner\">\n\t\t\t\t<div class=\"elementor-element elementor-element-5ce175f elementor-widget elementor-widget-heading\" data-id=\"5ce175f\" data-element_type=\"widget\" data-e-type=\"widget\" data-widget_type=\"heading.default\">\n\t\t\t\t<div class=\"elementor-widget-container\">\n\t\t\t\t\t<h2 class=\"elementor-heading-title elementor-size-default\">ZAMANINDA TEDAR\u0130K <span>KES\u0130NT\u0130S\u0130Z \u00dcRET\u0130M<\/span><\/h2>\t\t\t\t<\/div>\n\t\t\t\t<\/div>\n\t\t<div class=\"elementor-element elementor-element-0878621 e-con-full e-flex e-con e-child\" data-id=\"0878621\" data-element_type=\"container\" data-e-type=\"container\">\n\t\t<div class=\"elementor-element elementor-element-401ffbc e-con-full e-flex e-con e-child\" data-id=\"401ffbc\" data-element_type=\"container\" data-e-type=\"container\">\n\t\t\t\t<div class=\"elementor-element elementor-element-d9379c7 elementor-widget elementor-widget-text-editor\" data-id=\"d9379c7\" data-element_type=\"widget\" data-e-type=\"widget\" data-widget_type=\"text-editor.default\">\n\t\t\t\t<div class=\"elementor-widget-container\">\n\t\t\t\t\t\t\t\t\t<p><span style=\"font-weight: 400;\">\u00d6ZTEKN\u0130K olarak 50 y\u0131l\u0131 a\u015fk\u0131n s\u00fcredir sekt\u00f6rde edindi\u011fimiz bilgi ve tecr\u00fcbe ile g\u00fc\u00e7l\u00fc ticaret a\u011f\u0131m\u0131z sayesinde siz de\u011ferli i\u015f ortaklar\u0131m\u0131za kesintisiz hizmet vermekten gurur duyuyoruz. Uzun y\u0131llard\u0131r kurdu\u011fumuz ili\u015fkiler ve sekt\u00f6r i\u00e7indeki derinlemesine anlay\u0131\u015f\u0131m\u0131z bizi sekt\u00f6r\u00fcn en g\u00fcvenilir \u00e7\u00f6z\u00fcm ortaklar\u0131ndan biri haline getiriyor. <\/span><\/p>\n<p><span style=\"font-weight: 400;\">Otomotiv sekt\u00f6r\u00fcne y\u00f6nelik geni\u015f bir \u00fcr\u00fcn ve hizmet yelpazesi sunarak m\u00fc\u015fterilerimizin ihtiya\u00e7lar\u0131n\u0131 en y\u00fcksek kalite ve g\u00fcvence ile kar\u015f\u0131l\u0131yoruz. \u00dcr\u00fcn portf\u00f6y\u00fcm\u00fcz, orijinal ekipman \u00fcreticileri ve pazar sonras\u0131 yedek par\u00e7a pazar\u0131nda kapsaml\u0131 bir hizmet anlay\u0131\u015f\u0131n\u0131 yans\u0131t\u0131yor. Bu sayede sekt\u00f6rdeki her t\u00fcrl\u00fc talebi kar\u015f\u0131layabilecek \u00e7e\u015fitlili\u011fe sahibiz.  <\/span><\/p>\n<p><span style=\"font-weight: 400;\">Tedarik zinciri y\u00f6netimi s\u00fcre\u00e7lerimizde, m\u00fc\u015fterilerimize sa\u011flad\u0131\u011f\u0131m\u0131z \u00e7e\u015fitlilik ve uluslararas\u0131 standartlara uygun \u00fcr\u00fcn tedarik edebilme yetkinli\u011fimiz ile sekt\u00f6rdeki en iyi fiyat ve ko\u015fullar\u0131 sunmay\u0131 hedefliyoruz. Ayr\u0131ca s\u00fcrekli yenilik ve geli\u015fim odakl\u0131 yakla\u015f\u0131m\u0131m\u0131zla sekt\u00f6rdeki de\u011fi\u015fimlere h\u0131zl\u0131 bir \u015fekilde uyum sa\u011flayarak m\u00fc\u015fterilerimizin beklentilerini a\u015fmay\u0131 hedefliyoruz. <\/span><\/p>\n<p><span style=\"font-weight: 400;\">\u00d6ZTEKN\u0130K olarak m\u00fc\u015fteri memnuniyetini her zaman \u00f6n planda tutarak i\u015f ortaklar\u0131m\u0131z\u0131n b\u00fcy\u00fcmesine ve rekabet avantaj\u0131 kazanmas\u0131na katk\u0131 sa\u011flamaya devam ediyoruz. Bizimle i\u015fbirli\u011fi yaparak sekt\u00f6rdeki geli\u015fmelere ayak uydurabilir ve daha g\u00fc\u00e7l\u00fc bir tedarik zinciri olu\u015fturabilirsiniz. Kalite ve g\u00fcvence anlay\u0131\u015f\u0131m\u0131zla gelecekte de birlikte b\u00fcy\u00fcmeye ve ba\u015farmaya devam edece\u011fiz.  <\/span><\/p>\n\t\t\t\t\t\t\t\t<\/div>\n\t\t\t\t<\/div>\n\t\t\t\t<\/div>\n\t\t\t\t<\/div>\n\t\t\t\t\t<\/div>\n\t\t\t\t<\/div>\n\t\t\t\t<\/div>\n\t\t","protected":false},"excerpt":{"rendered":"<p>TEDAR\u0130K ZAMANINDA TEDAR\u0130K KES\u0130NT\u0130S\u0130Z \u00dcRET\u0130M \u00d6ZTEKN\u0130K olarak 50 y\u0131l\u0131 a\u015fk\u0131n s\u00fcredir sekt\u00f6rde edindi\u011fimiz bilgi ve tecr\u00fcbe ile g\u00fc\u00e7l\u00fc ticaret a\u011f\u0131m\u0131z sayesinde siz de\u011ferli i\u015f ortaklar\u0131m\u0131za kesintisiz hizmet vermekten gurur duyuyoruz. Uzun y\u0131llard\u0131r kurdu\u011fumuz ili\u015fkiler ve sekt\u00f6r i\u00e7indeki derinlemesine anlay\u0131\u015f\u0131m\u0131z bizi sekt\u00f6r\u00fcn en g\u00fcvenilir \u00e7\u00f6z\u00fcm ortaklar\u0131ndan biri haline getiriyor. Otomotiv sekt\u00f6r\u00fcne y\u00f6nelik geni\u015f bir \u00fcr\u00fcn ve hizmet yelpazesi sunarak m\u00fc\u015fterilerimizin ihtiya\u00e7lar\u0131n\u0131 en y\u00fcksek kalite ve g\u00fcvence ile kar\u015f\u0131l\u0131yoruz. \u00dcr\u00fcn portf\u00f6y\u00fcm\u00fcz, orijinal ekipman \u00fcreticileri ve pazar sonras\u0131 yedek par\u00e7a pazar\u0131nda kapsaml\u0131 bir hizmet anlay\u0131\u015f\u0131n\u0131 yans\u0131t\u0131yor. Bu sayede sekt\u00f6rdeki her t\u00fcrl\u00fc talebi kar\u015f\u0131layabilecek \u00e7e\u015fitlili\u011fe sahibiz. Tedarik zinciri y\u00f6netimi s\u00fcre\u00e7lerimizde, m\u00fc\u015fterilerimize sa\u011flad\u0131\u011f\u0131m\u0131z \u00e7e\u015fitlilik ve uluslararas\u0131 standartlara uygun \u00fcr\u00fcn tedarik edebilme yetkinli\u011fimiz ile sekt\u00f6rdeki en iyi fiyat ve ko\u015fullar\u0131 sunmay\u0131 hedefliyoruz. Ayr\u0131ca s\u00fcrekli yenilik ve geli\u015fim odakl\u0131 yakla\u015f\u0131m\u0131m\u0131zla sekt\u00f6rdeki de\u011fi\u015fimlere h\u0131zl\u0131 bir \u015fekilde uyum sa\u011flayarak m\u00fc\u015fterilerimizin beklentilerini a\u015fmay\u0131 hedefliyoruz. \u00d6ZTEKN\u0130K olarak m\u00fc\u015fteri memnuniyetini her zaman \u00f6n planda tutarak i\u015f ortaklar\u0131m\u0131z\u0131n b\u00fcy\u00fcmesine ve rekabet avantaj\u0131 kazanmas\u0131na katk\u0131 sa\u011flamaya devam ediyoruz. Bizimle i\u015fbirli\u011fi yaparak sekt\u00f6rdeki geli\u015fmelere ayak uydurabilir ve daha g\u00fc\u00e7l\u00fc bir tedarik zinciri olu\u015fturabilirsiniz. Kalite ve g\u00fcvence anlay\u0131\u015f\u0131m\u0131zla gelecekte de birlikte b\u00fcy\u00fcmeye ve ba\u015farmaya devam edece\u011fiz.<\/p>\n","protected":false},"author":1,"featured_media":0,"parent":0,"menu_order":0,"comment_status":"closed","ping_status":"closed","template":"","meta":{"_acf_changed":false,"footnotes":""},"class_list":["post-15914","page","type-page","status-publish","hentry"],"acf":[],"_links":{"self":[{"href":"https:\/\/ozteknikoto.com\/tr\/wp-json\/wp\/v2\/pages\/15914","targetHints":{"allow":["GET"]}}],"collection":[{"href":"https:\/\/ozteknikoto.com\/tr\/wp-json\/wp\/v2\/pages"}],"about":[{"href":"https:\/\/ozteknikoto.com\/tr\/wp-json\/wp\/v2\/types\/page"}],"author":[{"embeddable":true,"href":"https:\/\/ozteknikoto.com\/tr\/wp-json\/wp\/v2\/users\/1"}],"replies":[{"embeddable":true,"href":"https:\/\/ozteknikoto.com\/tr\/wp-json\/wp\/v2\/comments?post=15914"}],"version-history":[{"count":4,"href":"https:\/\/ozteknikoto.com\/tr\/wp-json\/wp\/v2\/pages\/15914\/revisions"}],"predecessor-version":[{"id":26684,"href":"https:\/\/ozteknikoto.com\/tr\/wp-json\/wp\/v2\/pages\/15914\/revisions\/26684"}],"wp:attachment":[{"href":"https:\/\/ozteknikoto.com\/tr\/wp-json\/wp\/v2\/media?parent=15914"}],"curies":[{"name":"wp","href":"https:\/\/api.w.org\/{rel}","templated":true}]}}