{"id":15898,"date":"2024-08-13T07:52:17","date_gmt":"2024-08-13T07:52:17","guid":{"rendered":"https:\/\/ozteknikoto.com\/insan-kaynaklari\/"},"modified":"2024-11-04T11:06:44","modified_gmt":"2024-11-04T11:06:44","slug":"insan-kaynaklari","status":"publish","type":"page","link":"https:\/\/ozteknikoto.com\/tr\/insan-kaynaklari\/","title":{"rendered":"\u0130nsan Kaynaklar\u0131"},"content":{"rendered":"\t\t<div data-elementor-type=\"wp-page\" data-elementor-id=\"15898\" class=\"elementor elementor-15898 elementor-264\" data-elementor-post-type=\"page\">\n\t\t\t\t<div class=\"elementor-element elementor-element-4d13054 e-flex e-con-boxed e-con e-parent\" data-id=\"4d13054\" data-element_type=\"container\" data-e-type=\"container\" data-settings=\"{&quot;background_background&quot;:&quot;classic&quot;}\">\n\t\t\t\t\t<div class=\"e-con-inner\">\n\t\t\t\t<div class=\"elementor-element elementor-element-98af24e elementor-widget__width-inherit elementor-widget elementor-widget-heading\" data-id=\"98af24e\" data-element_type=\"widget\" data-e-type=\"widget\" data-widget_type=\"heading.default\">\n\t\t\t\t<div class=\"elementor-widget-container\">\n\t\t\t\t\t<h1 class=\"elementor-heading-title elementor-size-default\">I\u0307NSAN KAYNAKLARI<\/h1>\t\t\t\t<\/div>\n\t\t\t\t<\/div>\n\t\t\t\t<div class=\"elementor-element elementor-element-a17d80e elementor-align-center elementor-widget elementor-widget-lottie\" data-id=\"a17d80e\" data-element_type=\"widget\" data-e-type=\"widget\" data-settings=\"{&quot;source_json&quot;:{&quot;url&quot;:&quot;https:\\\/\\\/ozteknikoto.com\\\/wp-content\\\/uploads\\\/2024\\\/09\\\/scroll-down.json&quot;,&quot;id&quot;:7596,&quot;size&quot;:&quot;&quot;,&quot;alt&quot;:&quot;&quot;,&quot;source&quot;:&quot;library&quot;},&quot;link_to&quot;:&quot;custom&quot;,&quot;custom_link&quot;:{&quot;url&quot;:&quot;#continue&quot;,&quot;is_external&quot;:&quot;&quot;,&quot;nofollow&quot;:&quot;&quot;,&quot;custom_attributes&quot;:&quot;&quot;},&quot;loop&quot;:&quot;yes&quot;,&quot;renderer&quot;:&quot;canvas&quot;,&quot;source&quot;:&quot;media_file&quot;,&quot;caption_source&quot;:&quot;none&quot;,&quot;trigger&quot;:&quot;arriving_to_viewport&quot;,&quot;viewport&quot;:{&quot;unit&quot;:&quot;%&quot;,&quot;size&quot;:&quot;&quot;,&quot;sizes&quot;:{&quot;start&quot;:0,&quot;end&quot;:100}},&quot;play_speed&quot;:{&quot;unit&quot;:&quot;px&quot;,&quot;size&quot;:1,&quot;sizes&quot;:[]},&quot;start_point&quot;:{&quot;unit&quot;:&quot;%&quot;,&quot;size&quot;:0,&quot;sizes&quot;:[]},&quot;end_point&quot;:{&quot;unit&quot;:&quot;%&quot;,&quot;size&quot;:100,&quot;sizes&quot;:[]}}\" data-widget_type=\"lottie.default\">\n\t\t\t\t<div class=\"elementor-widget-container\">\n\t\t\t\t\t<a class=\"e-lottie__container__link\" href=\"#continue\"><div class=\"e-lottie__container\"><div class=\"e-lottie__animation\"><\/div><\/div><\/a>\t\t\t\t<\/div>\n\t\t\t\t<\/div>\n\t\t\t\t\t<\/div>\n\t\t\t\t<\/div>\n\t\t<div class=\"elementor-element elementor-element-ebd7d7b e-flex e-con-boxed e-con e-parent\" data-id=\"ebd7d7b\" data-element_type=\"container\" data-e-type=\"container\" id=\"continue\">\n\t\t\t\t\t<div class=\"e-con-inner\">\n\t\t\t\t<div class=\"elementor-element elementor-element-dacfca9 elementor-widget elementor-widget-heading\" data-id=\"dacfca9\" data-element_type=\"widget\" data-e-type=\"widget\" data-widget_type=\"heading.default\">\n\t\t\t\t<div class=\"elementor-widget-container\">\n\t\t\t\t\t<h2 class=\"elementor-heading-title elementor-size-default\"><span>BI\u0307ZI\u0307MLE<\/span> \u00c7ALI\u015eIN<\/h2>\t\t\t\t<\/div>\n\t\t\t\t<\/div>\n\t\t<div class=\"elementor-element elementor-element-796377b e-con-full e-flex e-con e-child\" data-id=\"796377b\" data-element_type=\"container\" data-e-type=\"container\">\n\t\t<div class=\"elementor-element elementor-element-55eb41e e-con-full e-flex e-con e-child\" data-id=\"55eb41e\" data-element_type=\"container\" data-e-type=\"container\">\n\t\t\t\t<div class=\"elementor-element elementor-element-767db45 elementor-widget elementor-widget-text-editor\" data-id=\"767db45\" data-element_type=\"widget\" data-e-type=\"widget\" data-widget_type=\"text-editor.default\">\n\t\t\t\t<div class=\"elementor-widget-container\">\n\t\t\t\t\t\t\t\t\t<p>\u00d6ZTEKN\u0130K olarak, en b\u00fcy\u00fck varl\u0131\u011f\u0131m\u0131z\u0131n nitelikli insan kayna\u011f\u0131m\u0131z oldu\u011funa inan\u0131yoruz. \u00c7al\u0131\u015fanlar\u0131m\u0131z ba\u015far\u0131m\u0131z\u0131n kalbinde yer al\u0131yor ve onlar\u0131n geli\u015fimine ve refah\u0131na yat\u0131r\u0131m yapmaya kararl\u0131y\u0131z. \u0130\u015fe al\u0131mdan \u00f6zl\u00fck haklar\u0131n\u0131n y\u00f6netimine, kapsaml\u0131 e\u011fitim programlar\u0131ndan kariyer geli\u015fim f\u0131rsatlar\u0131na ve g\u00fc\u00e7l\u00fc bir performans y\u00f6netim sistemine kadar t\u00fcm s\u00fcre\u00e7lerimizi s\u00fcrekli olarak geli\u015ftiriyoruz. Her ekip \u00fcyesinin geli\u015febilece\u011fi, b\u00fcy\u00fcyebilece\u011fi ve tam potansiyeline ula\u015fabilece\u011fi destekleyici ve dinamik bir \u00e7al\u0131\u015fma ortam\u0131 yaratmaya \u00e7al\u0131\u015f\u0131yoruz.   <\/p>\n<p>\u00c7al\u0131\u015fanlar\u0131m\u0131z\u0131n katk\u0131lar\u0131n\u0131 takdir etmeye ve \u00f6d\u00fcllendirmeye de b\u00fcy\u00fck \u00f6nem veriyoruz. Yaratt\u0131klar\u0131 katma de\u011fer, \u015firket i\u00e7inde aidiyet, motivasyon ve ba\u011fl\u0131l\u0131k duygusunu te\u015fvik etmek i\u00e7in tasarlanm\u0131\u015f \u00e7e\u015fitli giri\u015fimler arac\u0131l\u0131\u011f\u0131yla onlarla payla\u015f\u0131lmaktad\u0131r. Amac\u0131m\u0131z, \u015firketimizi ileriye ta\u015f\u0131mak i\u00e7in gereken bilgi ve becerilerle donat\u0131lm\u0131\u015f g\u00fc\u00e7l\u00fc ve uyumlu bir ekip olu\u015fturmakt\u0131r.  <\/p>\n\t\t\t\t\t\t\t\t<\/div>\n\t\t\t\t<\/div>\n\t\t\t\t<\/div>\n\t\t<div class=\"elementor-element elementor-element-e66e669 e-con-full e-flex e-con e-child\" data-id=\"e66e669\" data-element_type=\"container\" data-e-type=\"container\">\n\t\t\t\t<div class=\"elementor-element elementor-element-02bec06 elementor-widget elementor-widget-heading\" data-id=\"02bec06\" data-element_type=\"widget\" data-e-type=\"widget\" data-widget_type=\"heading.default\">\n\t\t\t\t<div class=\"elementor-widget-container\">\n\t\t\t\t\t<h4 class=\"elementor-heading-title elementor-size-default\">Ba\u015fvuru Formu<\/h4>\t\t\t\t<\/div>\n\t\t\t\t<\/div>\n\t\t\t\t<div class=\"elementor-element elementor-element-612bf90 elementor-button-align-stretch elementor-widget elementor-widget-form\" data-id=\"612bf90\" data-element_type=\"widget\" data-e-type=\"widget\" data-settings=\"{&quot;step_next_label&quot;:&quot;Sonraki&quot;,&quot;step_previous_label&quot;:&quot;\\u00d6nceki&quot;,&quot;button_width&quot;:&quot;100&quot;,&quot;step_type&quot;:&quot;number_text&quot;,&quot;step_icon_shape&quot;:&quot;circle&quot;}\" data-widget_type=\"form.default\">\n\t\t\t\t<div class=\"elementor-widget-container\">\n\t\t\t\t\t\t\t<form class=\"elementor-form\" method=\"post\" name=\"HRform\" aria-label=\"HRform\">\n\t\t\t<input type=\"hidden\" name=\"post_id\" value=\"15898\"\/>\n\t\t\t<input type=\"hidden\" name=\"form_id\" value=\"612bf90\"\/>\n\t\t\t<input type=\"hidden\" name=\"referer_title\" value=\"\u0130nsan Kaynaklar\u0131 - \u00d6zteknik Oto\" \/>\n\n\t\t\t\t\t\t\t<input type=\"hidden\" name=\"queried_id\" value=\"15898\"\/>\n\t\t\t\n\t\t\t<div class=\"elementor-form-fields-wrapper elementor-labels-\">\n\t\t\t\t\t\t\t\t<div class=\"elementor-field-type-select elementor-field-group elementor-column elementor-field-group-department elementor-col-100 elementor-field-required\">\n\t\t\t\t\t\t\t\t\t\t\t\t<label for=\"form-field-department\" class=\"elementor-field-label elementor-screen-only\">\n\t\t\t\t\t\t\t\tDepartman\t\t\t\t\t\t\t<\/label>\n\t\t\t\t\t\t\t\t<div class=\"elementor-field elementor-select-wrapper remove-before \">\n\t\t\t<div class=\"select-caret-down-wrapper\">\n\t\t\t\t<svg aria-hidden=\"true\" class=\"e-font-icon-svg e-eicon-caret-down\" viewBox=\"0 0 571.4 571.4\" xmlns=\"http:\/\/www.w3.org\/2000\/svg\"><path d=\"M571 393Q571 407 561 418L311 668Q300 679 286 679T261 668L11 418Q0 407 0 393T11 368 36 357H536Q550 357 561 368T571 393Z\"><\/path><\/svg>\t\t\t<\/div>\n\t\t\t<select name=\"form_fields[department]\" id=\"form-field-department\" class=\"elementor-field-textual elementor-size-sm\" required=\"required\">\n\t\t\t\t\t\t\t\t\t<option value=\"\">Departman Se\u00e7iniz<\/option>\n\t\t\t\t\t\t\t\t\t<option value=\"\u00dcretim\">\u00dcretim<\/option>\n\t\t\t\t\t\t\t\t\t<option value=\"\u0130hracat\">\u0130hracat<\/option>\n\t\t\t\t\t\t\t\t\t<option value=\"Muhasebe\">Muhasebe<\/option>\n\t\t\t\t\t\t\t<\/select>\n\t\t<\/div>\n\t\t\t\t\t\t<\/div>\n\t\t\t\t\t\t\t\t<div class=\"elementor-field-type-text elementor-field-group elementor-column elementor-field-group-name elementor-col-100 elementor-field-required\">\n\t\t\t\t\t\t\t\t\t\t\t\t<label for=\"form-field-name\" class=\"elementor-field-label elementor-screen-only\">\n\t\t\t\t\t\t\t\t\u0130sim\t\t\t\t\t\t\t<\/label>\n\t\t\t\t\t\t\t\t\t\t\t\t\t\t<input size=\"1\" type=\"text\" name=\"form_fields[name]\" id=\"form-field-name\" class=\"elementor-field elementor-size-sm  elementor-field-textual\" placeholder=\"\u0130sim Soyisim\" required=\"required\">\n\t\t\t\t\t\t\t\t\t\t\t<\/div>\n\t\t\t\t\t\t\t\t<div class=\"elementor-field-type-email elementor-field-group elementor-column elementor-field-group-email elementor-col-100 elementor-field-required\">\n\t\t\t\t\t\t\t\t\t\t\t\t<label for=\"form-field-email\" class=\"elementor-field-label elementor-screen-only\">\n\t\t\t\t\t\t\t\tE-posta\t\t\t\t\t\t\t<\/label>\n\t\t\t\t\t\t\t\t\t\t\t\t\t\t<input size=\"1\" type=\"email\" name=\"form_fields[email]\" id=\"form-field-email\" class=\"elementor-field elementor-size-sm  elementor-field-textual\" placeholder=\"E-posta\" required=\"required\">\n\t\t\t\t\t\t\t\t\t\t\t<\/div>\n\t\t\t\t\t\t\t\t<div class=\"elementor-field-type-tel elementor-field-group elementor-column elementor-field-group-phone_number elementor-col-100 elementor-field-required\">\n\t\t\t\t\t\t\t\t\t\t\t\t<label for=\"form-field-phone_number\" class=\"elementor-field-label elementor-screen-only\">\n\t\t\t\t\t\t\t\tTelefon\t\t\t\t\t\t\t<\/label>\n\t\t\t\t\t\t\t\t<input size=\"1\" type=\"tel\" name=\"form_fields[phone_number]\" id=\"form-field-phone_number\" class=\"elementor-field elementor-size-sm  elementor-field-textual\" placeholder=\"Telefon Numaras\u0131\" required=\"required\" pattern=\"[0-9()#&amp;+*-=.]+\" title=\"Only numbers and phone characters (#, -, *, etc) are accepted.\">\n\n\t\t\t\t\t\t<\/div>\n\t\t\t\t\t\t\t\t<div class=\"elementor-field-type-upload elementor-field-group elementor-column elementor-field-group-field_29de756 elementor-col-100 elementor-field-required\">\n\t\t\t\t\t\t\t\t\t\t\t\t<label for=\"form-field-field_29de756\" class=\"elementor-field-label elementor-screen-only\">\n\t\t\t\t\t\t\t\tCV\t\t\t\t\t\t\t<\/label>\n\t\t\t\t\t\t\t\t<input type=\"file\" name=\"form_fields[field_29de756][]\" id=\"form-field-field_29de756\" class=\"elementor-field elementor-size-sm  elementor-upload-field\" required=\"required\" multiple=\"multiple\" data-maxsize=\"10\" data-maxsize-message=\"This file exceeds the maximum allowed size.\">\n\n\t\t\t\t\t\t<\/div>\n\t\t\t\t\t\t\t\t<div class=\"elementor-field-group elementor-column elementor-field-type-submit elementor-col-100 e-form__buttons\">\n\t\t\t\t\t<button class=\"elementor-button elementor-size-sm\" type=\"submit\">\n\t\t\t\t\t\t<span class=\"elementor-button-content-wrapper\">\n\t\t\t\t\t\t\t\t\t\t\t\t\t\t\t\t\t\t\t\t\t\t<span class=\"elementor-button-text\">G\u00f6nder<\/span>\n\t\t\t\t\t\t\t\t\t\t\t\t\t<\/span>\n\t\t\t\t\t<\/button>\n\t\t\t\t<\/div>\n\t\t\t<\/div>\n\t\t<\/form>\n\t\t\t\t\t\t<\/div>\n\t\t\t\t<\/div>\n\t\t\t\t<\/div>\n\t\t\t\t<\/div>\n\t\t\t\t\t<\/div>\n\t\t\t\t<\/div>\n\t\t\t\t<\/div>\n\t\t","protected":false},"excerpt":{"rendered":"<p>I\u0307NSAN KAYNAKLARI BI\u0307ZI\u0307MLE \u00c7ALI\u015eIN \u00d6ZTEKN\u0130K olarak, en b\u00fcy\u00fck varl\u0131\u011f\u0131m\u0131z\u0131n nitelikli insan kayna\u011f\u0131m\u0131z oldu\u011funa inan\u0131yoruz. \u00c7al\u0131\u015fanlar\u0131m\u0131z ba\u015far\u0131m\u0131z\u0131n kalbinde yer al\u0131yor ve onlar\u0131n geli\u015fimine ve refah\u0131na yat\u0131r\u0131m yapmaya kararl\u0131y\u0131z. \u0130\u015fe al\u0131mdan \u00f6zl\u00fck haklar\u0131n\u0131n y\u00f6netimine, kapsaml\u0131 e\u011fitim programlar\u0131ndan kariyer geli\u015fim f\u0131rsatlar\u0131na ve g\u00fc\u00e7l\u00fc bir performans y\u00f6netim sistemine kadar t\u00fcm s\u00fcre\u00e7lerimizi s\u00fcrekli olarak geli\u015ftiriyoruz. Her ekip \u00fcyesinin geli\u015febilece\u011fi, b\u00fcy\u00fcyebilece\u011fi ve tam potansiyeline ula\u015fabilece\u011fi destekleyici ve dinamik bir \u00e7al\u0131\u015fma ortam\u0131 yaratmaya \u00e7al\u0131\u015f\u0131yoruz. \u00c7al\u0131\u015fanlar\u0131m\u0131z\u0131n katk\u0131lar\u0131n\u0131 takdir etmeye ve \u00f6d\u00fcllendirmeye de b\u00fcy\u00fck \u00f6nem veriyoruz. Yaratt\u0131klar\u0131 katma de\u011fer, \u015firket i\u00e7inde aidiyet, motivasyon ve ba\u011fl\u0131l\u0131k duygusunu te\u015fvik etmek i\u00e7in tasarlanm\u0131\u015f \u00e7e\u015fitli giri\u015fimler arac\u0131l\u0131\u011f\u0131yla onlarla payla\u015f\u0131lmaktad\u0131r. Amac\u0131m\u0131z, \u015firketimizi ileriye ta\u015f\u0131mak i\u00e7in gereken bilgi ve becerilerle donat\u0131lm\u0131\u015f g\u00fc\u00e7l\u00fc ve uyumlu bir ekip olu\u015fturmakt\u0131r. Ba\u015fvuru Formu<\/p>\n","protected":false},"author":1,"featured_media":0,"parent":0,"menu_order":0,"comment_status":"closed","ping_status":"closed","template":"","meta":{"_acf_changed":false,"footnotes":""},"class_list":["post-15898","page","type-page","status-publish","hentry"],"acf":[],"_links":{"self":[{"href":"https:\/\/ozteknikoto.com\/tr\/wp-json\/wp\/v2\/pages\/15898","targetHints":{"allow":["GET"]}}],"collection":[{"href":"https:\/\/ozteknikoto.com\/tr\/wp-json\/wp\/v2\/pages"}],"about":[{"href":"https:\/\/ozteknikoto.com\/tr\/wp-json\/wp\/v2\/types\/page"}],"author":[{"embeddable":true,"href":"https:\/\/ozteknikoto.com\/tr\/wp-json\/wp\/v2\/users\/1"}],"replies":[{"embeddable":true,"href":"https:\/\/ozteknikoto.com\/tr\/wp-json\/wp\/v2\/comments?post=15898"}],"version-history":[{"count":1,"href":"https:\/\/ozteknikoto.com\/tr\/wp-json\/wp\/v2\/pages\/15898\/revisions"}],"predecessor-version":[{"id":15900,"href":"https:\/\/ozteknikoto.com\/tr\/wp-json\/wp\/v2\/pages\/15898\/revisions\/15900"}],"wp:attachment":[{"href":"https:\/\/ozteknikoto.com\/tr\/wp-json\/wp\/v2\/media?parent=15898"}],"curies":[{"name":"wp","href":"https:\/\/api.w.org\/{rel}","templated":true}]}}