{"id":15892,"date":"2024-08-13T06:02:55","date_gmt":"2024-08-13T06:02:55","guid":{"rendered":"https:\/\/ozteknikoto.com\/hakkinda\/"},"modified":"2024-11-04T13:36:07","modified_gmt":"2024-11-04T13:36:07","slug":"hakkimizda","status":"publish","type":"page","link":"https:\/\/ozteknikoto.com\/tr\/hakkimizda\/","title":{"rendered":"Hakk\u0131m\u0131zda"},"content":{"rendered":"\t\t<div data-elementor-type=\"wp-page\" data-elementor-id=\"15892\" class=\"elementor elementor-15892 elementor-227\" data-elementor-post-type=\"page\">\n\t\t\t\t<div class=\"elementor-element elementor-element-1441825 e-flex e-con-boxed e-con e-parent\" data-id=\"1441825\" data-element_type=\"container\" data-e-type=\"container\" data-settings=\"{&quot;background_background&quot;:&quot;classic&quot;}\">\n\t\t\t\t\t<div class=\"e-con-inner\">\n\t\t\t\t<div class=\"elementor-element elementor-element-35c9664 elementor-widget__width-inherit elementor-widget elementor-widget-heading\" data-id=\"35c9664\" data-element_type=\"widget\" data-e-type=\"widget\" data-widget_type=\"heading.default\">\n\t\t\t\t<div class=\"elementor-widget-container\">\n\t\t\t\t\t<h1 class=\"elementor-heading-title elementor-size-default\">\u00d6ZTEKN\u0130K HAKKINDA<\/h1>\t\t\t\t<\/div>\n\t\t\t\t<\/div>\n\t\t\t\t<div class=\"elementor-element elementor-element-9c72d8a elementor-align-center elementor-widget elementor-widget-lottie\" data-id=\"9c72d8a\" data-element_type=\"widget\" data-e-type=\"widget\" data-settings=\"{&quot;source_json&quot;:{&quot;url&quot;:&quot;https:\\\/\\\/ozteknikoto.com\\\/wp-content\\\/uploads\\\/2024\\\/09\\\/scroll-down.json&quot;,&quot;id&quot;:7596,&quot;size&quot;:&quot;&quot;,&quot;alt&quot;:&quot;&quot;,&quot;source&quot;:&quot;library&quot;},&quot;link_to&quot;:&quot;custom&quot;,&quot;custom_link&quot;:{&quot;url&quot;:&quot;#continue&quot;,&quot;is_external&quot;:&quot;&quot;,&quot;nofollow&quot;:&quot;&quot;,&quot;custom_attributes&quot;:&quot;&quot;},&quot;loop&quot;:&quot;yes&quot;,&quot;renderer&quot;:&quot;canvas&quot;,&quot;source&quot;:&quot;media_file&quot;,&quot;caption_source&quot;:&quot;none&quot;,&quot;trigger&quot;:&quot;arriving_to_viewport&quot;,&quot;viewport&quot;:{&quot;unit&quot;:&quot;%&quot;,&quot;size&quot;:&quot;&quot;,&quot;sizes&quot;:{&quot;start&quot;:0,&quot;end&quot;:100}},&quot;play_speed&quot;:{&quot;unit&quot;:&quot;px&quot;,&quot;size&quot;:1,&quot;sizes&quot;:[]},&quot;start_point&quot;:{&quot;unit&quot;:&quot;%&quot;,&quot;size&quot;:0,&quot;sizes&quot;:[]},&quot;end_point&quot;:{&quot;unit&quot;:&quot;%&quot;,&quot;size&quot;:100,&quot;sizes&quot;:[]}}\" data-widget_type=\"lottie.default\">\n\t\t\t\t<div class=\"elementor-widget-container\">\n\t\t\t\t\t<a class=\"e-lottie__container__link\" href=\"#continue\"><div class=\"e-lottie__container\"><div class=\"e-lottie__animation\"><\/div><\/div><\/a>\t\t\t\t<\/div>\n\t\t\t\t<\/div>\n\t\t\t\t\t<\/div>\n\t\t\t\t<\/div>\n\t\t<div class=\"elementor-element elementor-element-9ae6b0e e-flex e-con-boxed e-con e-parent\" data-id=\"9ae6b0e\" data-element_type=\"container\" data-e-type=\"container\" id=\"continue\">\n\t\t\t\t\t<div class=\"e-con-inner\">\n\t\t<div class=\"elementor-element elementor-element-fc38270 e-con-full e-flex e-con e-child\" data-id=\"fc38270\" data-element_type=\"container\" data-e-type=\"container\">\n\t\t\t\t<div class=\"elementor-element elementor-element-043c56c elementor-widget elementor-widget-text-editor\" data-id=\"043c56c\" data-element_type=\"widget\" data-e-type=\"widget\" data-widget_type=\"text-editor.default\">\n\t\t\t\t<div class=\"elementor-widget-container\">\n\t\t\t\t\t\t\t\t\t<p><span style=\"font-weight: 400;\">\u015eirket, 1971 y\u0131l\u0131nda \u0130brahim \u00d6zt\u00fcrk taraf\u0131ndan otomotiv sekt\u00f6r\u00fcnde faaliyet g\u00f6stermek \u00fczere 50 m2&#8217;lik k\u00fc\u00e7\u00fck bir at\u00f6lyede kurulmu\u015ftur.<\/span><\/p>\n<p><span style=\"font-weight: 400;\">\u015eirket kuruldu\u011fu g\u00fcnden bu yana \u00e7e\u015fitli otomotiv par\u00e7alar\u0131 \u00fcretmektedir. Bug\u00fcn 3 ana \u00fcr\u00fcn grubunda markalar\u0131 ile \u00fcretim faaliyetlerini s\u00fcrd\u00fcrmektedir: EGEROT, HYDCAB, REVOL markalar\u0131 ile \u0130zmir&#8217;deki iki tesisinde orijinal ekipman \u00fcreticileri ve after-market yedek par\u00e7a pazar\u0131 i\u00e7in toplam 30.000 m2 alanda \u00fcretim faaliyetlerini s\u00fcrd\u00fcrmektedir. <\/span><\/p>\n<p><span style=\"font-weight: 400;\">Otomotiv sekt\u00f6r\u00fcnde 50 y\u0131l\u0131 a\u015fk\u0131n bir s\u00fcredir varl\u0131\u011f\u0131n\u0131 s\u00fcrd\u00fcren \u015firket, i\u015f ortaklar\u0131n\u0131n ihtiya\u00e7 ve beklentilerini daha iyi anlamak i\u00e7in ili\u015fkilerini dikkatle y\u00f6netiyor. \u015eirket, hem de\u011fi\u015fen talepleri kar\u015f\u0131lamak i\u00e7in \u00fcr\u00fcn \u00e7e\u015fitlili\u011fini art\u0131rmakta hem de kaliteden \u00f6d\u00fcn vermeden tedarik s\u00fcreklili\u011fini sa\u011flamaktad\u0131r. <\/span><\/p>\n<p><span style=\"font-weight: 400;\">\u00d6zteknik Grup olarak potansiyelimizi ortaya \u00e7\u0131kararak, t\u00fcm payda\u015flar\u0131m\u0131zla birlikte s\u00fcrekli geli\u015fen ve sekt\u00f6re katma de\u011fer sa\u011flayan strateji odakl\u0131 bir g\u00fc\u00e7 olma vizyonumuz do\u011frultusunda ilerliyoruz. \u015eirketimiz otomotiv, tar\u0131m makineleri, i\u015f makineleri ve a\u011f\u0131r vas\u0131talara y\u00f6nelik hizmet vermektedir. Kurumsal de\u011ferleri g\u00f6z \u00f6n\u00fcnde bulundurarak faaliyet g\u00f6stererek tasarlad\u0131\u011f\u0131 ve \u00fcretti\u011fi \u00fcr\u00fcnlerle &#8220;T\u00fcrk Mal\u0131&#8221; imaj\u0131n\u0131n geli\u015fmesine katk\u0131da bulunmay\u0131 misyon edinmi\u015ftir.  <\/span><\/p>\n\t\t\t\t\t\t\t\t<\/div>\n\t\t\t\t<\/div>\n\t\t\t\t<\/div>\n\t\t\t\t\t<\/div>\n\t\t\t\t<\/div>\n\t\t<div class=\"elementor-element elementor-element-4a5d025 e-flex e-con-boxed e-con e-parent\" data-id=\"4a5d025\" data-element_type=\"container\" data-e-type=\"container\">\n\t\t\t\t\t<div class=\"e-con-inner\">\n\t\t\t\t<div class=\"elementor-element elementor-element-d53b3eb elementor-widget elementor-widget-heading\" data-id=\"d53b3eb\" data-element_type=\"widget\" data-e-type=\"widget\" data-widget_type=\"heading.default\">\n\t\t\t\t<div class=\"elementor-widget-container\">\n\t\t\t\t\t<h4 class=\"elementor-heading-title elementor-size-default\">K\u0130LOMETRELER<\/h4>\t\t\t\t<\/div>\n\t\t\t\t<\/div>\n\t\t\t\t<div class=\"elementor-element elementor-element-1075f9e elementor-widget elementor-widget-heading\" data-id=\"1075f9e\" data-element_type=\"widget\" data-e-type=\"widget\" data-widget_type=\"heading.default\">\n\t\t\t\t<div class=\"elementor-widget-container\">\n\t\t\t\t\t<h2 class=\"elementor-heading-title elementor-size-default\">1971'DEN <span>G\u00dcN\u00dcM\u00dcZE<\/span><\/h2>\t\t\t\t<\/div>\n\t\t\t\t<\/div>\n\t\t\t\t<div class=\"elementor-element elementor-element-7b2c862 elementor-widget elementor-widget-text-editor\" data-id=\"7b2c862\" data-element_type=\"widget\" data-e-type=\"widget\" data-widget_type=\"text-editor.default\">\n\t\t\t\t<div class=\"elementor-widget-container\">\n\t\t\t\t\t\t\t\t\t<p>\u015eirket, 1971 y\u0131l\u0131nda ba\u015flad\u0131\u011f\u0131 \u00fcretim yolculu\u011funda 50 y\u0131l\u0131 geride b\u0131rak\u0131rken bir\u00e7ok d\u00f6n\u00fcm noktas\u0131 ya\u015fad\u0131.<br \/>Her deneyimle b\u00fcy\u00fcd\u00fck, b\u00fcy\u00fcd\u00fck\u00e7e \u00f6\u011frendik, \u00f6\u011frendik\u00e7e operasyonlar\u0131m\u0131z\u0131 geli\u015ftirdik. Ge\u00e7mi\u015ften ilham almaya devam ettik ve gelece\u011fi in\u015fa ederken daha iyisini \u00fcretme inanc\u0131m\u0131z\u0131 koruduk <\/p>\n\t\t\t\t\t\t\t\t<\/div>\n\t\t\t\t<\/div>\n\t\t\t\t<div class=\"elementor-element elementor-element-8564cd4 elementor-widget elementor-widget-timeline-widget-addon\" data-id=\"8564cd4\" data-element_type=\"widget\" data-e-type=\"widget\" data-widget_type=\"timeline-widget-addon.default\">\n\t\t\t\t<div class=\"elementor-widget-container\">\n\t\t\t\t\t<!-- ========= Timeline Widget Addon For Elementor 1.6.23 ========= -->\n<div id=\"twae-wrapper-8564cd4\" class=\"twae-vertical twae-wrapper  twae-both-sided\">   \n    <div class=\"twae-start\"><\/div>    \n    <div id=\"twea-timeline-8564cd4\" class=\"twae-timeline\" ><!-- Start of Story Repeater Content --><div id=\"story-85ecd81\" class=\"twae-story twae-repeater-item twae-story-right twae-story-no-icon\"><!-- Story Label --><div class=\"twae-labels\"><div class=\"twae-label-big\">1971<\/div><\/div><!-- Story Icon --><div class=\"twae-icon\"><i aria-hidden=\"true\" class=\"far fa-clock\"><\/i><\/div><!-- Story Arrow --><div class=\"twae-arrow\"><\/div><!-- Start of Story Content --><div class=\"twae-content\"><!-- Story Title --><div class=\"twae-title\">\u015eirket, \u0130brahim \u00d6zt\u00fcrk taraf\u0131ndan kal\u0131p \u00fcretimi i\u00e7in kurulmu\u015ftur.<\/div><\/div><\/div><!-- Start of Story Repeater Content --><div id=\"story-409c914\" class=\"twae-story twae-repeater-item twae-story-left twae-story-no-icon\"><!-- Story Label --><div class=\"twae-labels\"><div class=\"twae-label-big\">1975<\/div><\/div><!-- Story Icon --><div class=\"twae-icon\"><i aria-hidden=\"true\" class=\"far fa-clock\"><\/i><\/div><!-- Story Arrow --><div class=\"twae-arrow\"><\/div><!-- Start of Story Content --><div class=\"twae-content\"><!-- Story Title --><div class=\"twae-title\">\u0130lk b\u00fcy\u00fck end\u00fcstri temas\u0131 ba\u015flat\u0131ld\u0131.<\/div><\/div><\/div><!-- Start of Story Repeater Content --><div id=\"story-4c1ec4b\" class=\"twae-story twae-repeater-item twae-story-right twae-story-no-icon\"><!-- Story Label --><div class=\"twae-labels\"><div class=\"twae-label-big\">1988<\/div><\/div><!-- Story Icon --><div class=\"twae-icon\"><i aria-hidden=\"true\" class=\"far fa-clock\"><\/i><\/div><!-- Story Arrow --><div class=\"twae-arrow\"><\/div><!-- Start of Story Content --><div class=\"twae-content\"><!-- Story Title --><div class=\"twae-title\">Tesis, \u0130zmir P\u0131narba\u015f\u0131'ndaki yeni tesise ta\u015f\u0131nm\u0131\u015f ve ana sanayi firmalar\u0131na Tier 1 ve Tier 2 olarak \u00fcr\u00fcn tedari\u011fine devam edilmi\u015ftir.<\/div><\/div><\/div><!-- Start of Story Repeater Content --><div id=\"story-7c8777b\" class=\"twae-story twae-repeater-item twae-story-left twae-story-no-icon\"><!-- Story Label --><div class=\"twae-labels\"><div class=\"twae-label-big\">1996<\/div><\/div><!-- Story Icon --><div class=\"twae-icon\"><i aria-hidden=\"true\" class=\"far fa-clock\"><\/i><\/div><!-- Story Arrow --><div class=\"twae-arrow\"><\/div><!-- Start of Story Content --><div class=\"twae-content\"><!-- Story Title --><div class=\"twae-title\">\u00d6zteknik Motorlu Ta\u015f\u0131tlar ve Mak. San. Tic. Ltd. \u015eti. yeniden yap\u0131lanma temelinde kurulmu\u015ftur.     <\/div><\/div><\/div><!-- Start of Story Repeater Content --><div id=\"story-61aeb94\" class=\"twae-story twae-repeater-item twae-story-right twae-story-no-icon\"><!-- Story Label --><div class=\"twae-labels\"><div class=\"twae-label-big\">2001<\/div><\/div><!-- Story Icon --><div class=\"twae-icon\"><i aria-hidden=\"true\" class=\"far fa-clock\"><\/i><\/div><!-- Story Arrow --><div class=\"twae-arrow\"><\/div><!-- Start of Story Content --><div class=\"twae-content\"><!-- Story Title --><div class=\"twae-title\">ISO 9001: 2000 Kalite Y\u00f6netim Sistemi sertifikas\u0131 al\u0131nm\u0131\u015ft\u0131r.<\/div><\/div><\/div><!-- Start of Story Repeater Content --><div id=\"story-7fe9cce\" class=\"twae-story twae-repeater-item twae-story-left twae-story-no-icon\"><!-- Story Label --><div class=\"twae-labels\"><div class=\"twae-label-big\">2003<\/div><\/div><!-- Story Icon --><div class=\"twae-icon\"><i aria-hidden=\"true\" class=\"far fa-clock\"><\/i><\/div><!-- Story Arrow --><div class=\"twae-arrow\"><\/div><!-- Start of Story Content --><div class=\"twae-content\"><!-- Story Title --><div class=\"twae-title\">Fabrika, \u0130zmir'in Kemalpa\u015fa il\u00e7esindeki yeni fabrikaya ta\u015f\u0131nd\u0131.<\/div><\/div><\/div><!-- Start of Story Repeater Content --><div id=\"story-148982e\" class=\"twae-story twae-repeater-item twae-story-right twae-story-no-icon\"><!-- Story Label --><div class=\"twae-labels\"><div class=\"twae-label-big\">2004<\/div><\/div><!-- Story Icon --><div class=\"twae-icon\"><i aria-hidden=\"true\" class=\"far fa-clock\"><\/i><\/div><!-- Story Arrow --><div class=\"twae-arrow\"><\/div><!-- Start of Story Content --><div class=\"twae-content\"><!-- Story Title --><div class=\"twae-title\">HYDCAB markas\u0131, a\u011f\u0131r ticari ekipmanlar i\u00e7in kabin kald\u0131rma sistemleri \u00fcretimine yat\u0131r\u0131m yap\u0131larak kurulmu\u015ftur.<\/div><\/div><\/div><!-- Start of Story Repeater Content --><div id=\"story-8f9f56f\" class=\"twae-story twae-repeater-item twae-story-left twae-story-no-icon\"><!-- Story Label --><div class=\"twae-labels\"><div class=\"twae-label-big\">2005<\/div><\/div><!-- Story Icon --><div class=\"twae-icon\"><i aria-hidden=\"true\" class=\"far fa-clock\"><\/i><\/div><!-- Story Arrow --><div class=\"twae-arrow\"><\/div><!-- Start of Story Content --><div class=\"twae-content\"><!-- Story Title --><div class=\"twae-title\">A\u011f\u0131r ticari ekipmanlar i\u00e7in direksiyon ve s\u00fcspansiyon sistemleri \u00fcretimine yat\u0131r\u0131m yap\u0131larak EGEROT i\u00e7in marka tescili ger\u00e7ekle\u015ftirildi.<\/div><\/div><\/div><!-- Start of Story Repeater Content --><div id=\"story-aeba6f8\" class=\"twae-story twae-repeater-item twae-story-right twae-story-no-icon\"><!-- Story Label --><div class=\"twae-labels\"><div class=\"twae-label-big\">2006<\/div><\/div><!-- Story Icon --><div class=\"twae-icon\"><i aria-hidden=\"true\" class=\"far fa-clock\"><\/i><\/div><!-- Story Arrow --><div class=\"twae-arrow\"><\/div><!-- Start of Story Content --><div class=\"twae-content\"><!-- Story Title --><div class=\"twae-title\">D\u0131\u015f ticaret \u015firketi EgeROT San. Tic. Ltd. \u015eti. kuruldu.    <\/div><\/div><\/div><!-- Start of Story Repeater Content --><div id=\"story-762ab4c\" class=\"twae-story twae-repeater-item twae-story-left twae-story-no-icon\"><!-- Story Label --><div class=\"twae-labels\"><div class=\"twae-label-big\">2007<\/div><\/div><!-- Story Icon --><div class=\"twae-icon\"><i aria-hidden=\"true\" class=\"far fa-clock\"><\/i><\/div><!-- Story Arrow --><div class=\"twae-arrow\"><\/div><!-- Start of Story Content --><div class=\"twae-content\"><!-- Story Title --><div class=\"twae-title\">ISO TS 16949: 2002 Kalite Y\u00f6netim Sistemi sertifikas\u0131 al\u0131nm\u0131\u015ft\u0131r.<\/div><\/div><\/div><!-- Start of Story Repeater Content --><div id=\"story-2786a24\" class=\"twae-story twae-repeater-item twae-story-right twae-story-no-icon\"><!-- Story Label --><div class=\"twae-labels\"><div class=\"twae-label-big\">2009<\/div><\/div><!-- Story Icon --><div class=\"twae-icon\"><i aria-hidden=\"true\" class=\"far fa-clock\"><\/i><\/div><!-- Story Arrow --><div class=\"twae-arrow\"><\/div><!-- Start of Story Content --><div class=\"twae-content\"><!-- Story Title --><div class=\"twae-title\">Ta\u015fsan A.\u015e. s\u0131cak d\u00f6vme tesisi \u00d6zteknik Grubu'na kat\u0131ld\u0131.<\/div><\/div><\/div><!-- Start of Story Repeater Content --><div id=\"story-34b1f81\" class=\"twae-story twae-repeater-item twae-story-left twae-story-no-icon\"><!-- Story Label --><div class=\"twae-labels\"><div class=\"twae-label-big\">2012<\/div><\/div><!-- Story Icon --><div class=\"twae-icon\"><i aria-hidden=\"true\" class=\"far fa-clock\"><\/i><\/div><!-- Story Arrow --><div class=\"twae-arrow\"><\/div><!-- Start of Story Content --><div class=\"twae-content\"><!-- Story Title --><div class=\"twae-title\">\u015eirket, a\u011f\u0131r ticari ekipmanlar i\u00e7in direksiyon yard\u0131mc\u0131 silindirleri \u00fcretimine yat\u0131r\u0131m yapt\u0131. Plastik enjekte edilerek \u00fcretilen metal kapl\u0131 d\u0131\u015f yata\u011fa sahip rulman eleman\u0131 i\u00e7in patent al\u0131nd\u0131. <\/div><\/div><\/div><!-- Start of Story Repeater Content --><div id=\"story-f886623\" class=\"twae-story twae-repeater-item twae-story-right twae-story-no-icon\"><!-- Story Label --><div class=\"twae-labels\"><div class=\"twae-label-big\">2013<\/div><\/div><!-- Story Icon --><div class=\"twae-icon\"><i aria-hidden=\"true\" class=\"far fa-clock\"><\/i><\/div><!-- Story Arrow --><div class=\"twae-arrow\"><\/div><!-- Start of Story Content --><div class=\"twae-content\"><!-- Story Title --><div class=\"twae-title\">REVOL markas\u0131, a\u011f\u0131r ticari ekipmanlar i\u00e7in debriyaj \u00fcretimine yat\u0131r\u0131m yap\u0131larak kurulmu\u015ftur.<\/div><\/div><\/div><!-- Start of Story Repeater Content --><div id=\"story-4d677ec\" class=\"twae-story twae-repeater-item twae-story-left twae-story-no-icon\"><!-- Story Label --><div class=\"twae-labels\"><div class=\"twae-label-big\">2016<\/div><\/div><!-- Story Icon --><div class=\"twae-icon\"><i aria-hidden=\"true\" class=\"far fa-clock\"><\/i><\/div><!-- Story Arrow --><div class=\"twae-arrow\"><\/div><!-- Start of Story Content --><div class=\"twae-content\"><!-- Story Title --><div class=\"twae-title\">Emniyet halkas\u0131n\u0131n \u00fcretim teknolojisinin geli\u015ftirilmesine ili\u015fkin faydal\u0131 model elde etme s\u00fcreci tamamland\u0131.<\/div><\/div><\/div><!-- Start of Story Repeater Content --><div id=\"story-95a2cba\" class=\"twae-story twae-repeater-item twae-story-right twae-story-no-icon\"><!-- Story Label --><div class=\"twae-labels\"><div class=\"twae-label-big\">2020<\/div><\/div><!-- Story Icon --><div class=\"twae-icon\"><i aria-hidden=\"true\" class=\"far fa-clock\"><\/i><\/div><!-- Story Arrow --><div class=\"twae-arrow\"><\/div><!-- Start of Story Content --><div class=\"twae-content\"><!-- Story Title --><div class=\"twae-title\">Hidrolik silindirlerde diren\u00e7 kaynak makinesinin projeksiyon kaynak y\u00f6ntemi ile port\/kovan kayna\u011f\u0131 konusunda faydal\u0131 model elde etme s\u00fcreci ba\u015far\u0131ld\u0131. \u015eirket, i\u015f makineleri ve tar\u0131m ekipmanlar\u0131 i\u00e7in par\u00e7a \u00fcretimine ba\u015flad\u0131. <\/div><\/div><\/div><\/div>\n    <div class=\"twae-end\"><\/div>\n    <\/div><style type=\"text\/css\">@media (max-width: 1024px){ .twae-wrapper{--tw-ybx-size: 80px !important;}}@media (max-width: 767px){ .twae-wrapper{--tw-ybx-size: 80px !important}}<\/style>\t\t\t\t<\/div>\n\t\t\t\t<\/div>\n\t\t\t\t\t<\/div>\n\t\t\t\t<\/div>\n\t\t\t\t<\/div>\n\t\t","protected":false},"excerpt":{"rendered":"<p>\u00d6ZTEKN\u0130K HAKKINDA \u015eirket, 1971 y\u0131l\u0131nda \u0130brahim \u00d6zt\u00fcrk taraf\u0131ndan otomotiv sekt\u00f6r\u00fcnde faaliyet g\u00f6stermek \u00fczere 50 m2&#8217;lik k\u00fc\u00e7\u00fck bir at\u00f6lyede kurulmu\u015ftur. \u015eirket kuruldu\u011fu g\u00fcnden bu yana \u00e7e\u015fitli otomotiv par\u00e7alar\u0131 \u00fcretmektedir. Bug\u00fcn 3 ana \u00fcr\u00fcn grubunda markalar\u0131 ile \u00fcretim faaliyetlerini s\u00fcrd\u00fcrmektedir: EGEROT, HYDCAB, REVOL markalar\u0131 ile \u0130zmir&#8217;deki iki tesisinde orijinal ekipman \u00fcreticileri ve after-market yedek par\u00e7a pazar\u0131 i\u00e7in toplam 30.000 m2 alanda \u00fcretim faaliyetlerini s\u00fcrd\u00fcrmektedir. Otomotiv sekt\u00f6r\u00fcnde 50 y\u0131l\u0131 a\u015fk\u0131n bir s\u00fcredir varl\u0131\u011f\u0131n\u0131 s\u00fcrd\u00fcren \u015firket, i\u015f ortaklar\u0131n\u0131n ihtiya\u00e7 ve beklentilerini daha iyi anlamak i\u00e7in ili\u015fkilerini dikkatle y\u00f6netiyor. \u015eirket, hem de\u011fi\u015fen talepleri kar\u015f\u0131lamak i\u00e7in \u00fcr\u00fcn \u00e7e\u015fitlili\u011fini art\u0131rmakta hem de kaliteden \u00f6d\u00fcn vermeden tedarik s\u00fcreklili\u011fini sa\u011flamaktad\u0131r. \u00d6zteknik Grup olarak potansiyelimizi ortaya \u00e7\u0131kararak, t\u00fcm payda\u015flar\u0131m\u0131zla birlikte s\u00fcrekli geli\u015fen ve sekt\u00f6re katma de\u011fer sa\u011flayan strateji odakl\u0131 bir g\u00fc\u00e7 olma vizyonumuz do\u011frultusunda ilerliyoruz. \u015eirketimiz otomotiv, tar\u0131m makineleri, i\u015f makineleri ve a\u011f\u0131r vas\u0131talara y\u00f6nelik hizmet vermektedir. Kurumsal de\u011ferleri g\u00f6z \u00f6n\u00fcnde bulundurarak faaliyet g\u00f6stererek tasarlad\u0131\u011f\u0131 ve \u00fcretti\u011fi \u00fcr\u00fcnlerle &#8220;T\u00fcrk Mal\u0131&#8221; imaj\u0131n\u0131n geli\u015fmesine katk\u0131da bulunmay\u0131 misyon edinmi\u015ftir. K\u0130LOMETRELER 1971&#8217;DEN G\u00dcN\u00dcM\u00dcZE \u015eirket, 1971 y\u0131l\u0131nda ba\u015flad\u0131\u011f\u0131 \u00fcretim yolculu\u011funda 50 y\u0131l\u0131 geride b\u0131rak\u0131rken bir\u00e7ok d\u00f6n\u00fcm noktas\u0131 ya\u015fad\u0131.Her deneyimle b\u00fcy\u00fcd\u00fck, b\u00fcy\u00fcd\u00fck\u00e7e \u00f6\u011frendik, \u00f6\u011frendik\u00e7e operasyonlar\u0131m\u0131z\u0131 geli\u015ftirdik. Ge\u00e7mi\u015ften ilham almaya devam ettik ve gelece\u011fi in\u015fa ederken daha iyisini \u00fcretme inanc\u0131m\u0131z\u0131 koruduk 1971\u015eirket, \u0130brahim \u00d6zt\u00fcrk taraf\u0131ndan kal\u0131p \u00fcretimi i\u00e7in kurulmu\u015ftur.1975\u0130lk b\u00fcy\u00fck end\u00fcstri temas\u0131 ba\u015flat\u0131ld\u0131.1988Tesis, \u0130zmir P\u0131narba\u015f\u0131&#8217;ndaki yeni tesise ta\u015f\u0131nm\u0131\u015f ve ana sanayi firmalar\u0131na Tier 1 ve Tier 2 olarak \u00fcr\u00fcn tedari\u011fine devam edilmi\u015ftir.1996\u00d6zteknik Motorlu Ta\u015f\u0131tlar ve Mak. San. Tic. Ltd. \u015eti. yeniden yap\u0131lanma temelinde kurulmu\u015ftur. 2001ISO 9001: 2000 Kalite Y\u00f6netim Sistemi sertifikas\u0131 al\u0131nm\u0131\u015ft\u0131r.2003Fabrika, \u0130zmir&#8217;in Kemalpa\u015fa il\u00e7esindeki yeni fabrikaya ta\u015f\u0131nd\u0131.2004HYDCAB markas\u0131, a\u011f\u0131r ticari ekipmanlar i\u00e7in kabin kald\u0131rma sistemleri \u00fcretimine yat\u0131r\u0131m yap\u0131larak kurulmu\u015ftur.2005A\u011f\u0131r ticari ekipmanlar i\u00e7in direksiyon ve s\u00fcspansiyon sistemleri \u00fcretimine yat\u0131r\u0131m yap\u0131larak EGEROT i\u00e7in marka tescili ger\u00e7ekle\u015ftirildi.2006D\u0131\u015f ticaret \u015firketi EgeROT San. Tic. Ltd. \u015eti. kuruldu. 2007ISO TS 16949: 2002 Kalite Y\u00f6netim Sistemi sertifikas\u0131 al\u0131nm\u0131\u015ft\u0131r.2009Ta\u015fsan A.\u015e. s\u0131cak d\u00f6vme tesisi \u00d6zteknik Grubu&#8217;na kat\u0131ld\u0131.2012\u015eirket, a\u011f\u0131r ticari ekipmanlar i\u00e7in direksiyon yard\u0131mc\u0131 silindirleri \u00fcretimine yat\u0131r\u0131m yapt\u0131. Plastik enjekte edilerek \u00fcretilen metal kapl\u0131 d\u0131\u015f yata\u011fa sahip rulman eleman\u0131 i\u00e7in patent al\u0131nd\u0131. 2013REVOL markas\u0131, a\u011f\u0131r ticari ekipmanlar i\u00e7in debriyaj \u00fcretimine yat\u0131r\u0131m yap\u0131larak kurulmu\u015ftur.2016Emniyet halkas\u0131n\u0131n \u00fcretim teknolojisinin geli\u015ftirilmesine ili\u015fkin faydal\u0131 model elde etme s\u00fcreci tamamland\u0131.2020Hidrolik silindirlerde diren\u00e7 kaynak makinesinin projeksiyon kaynak y\u00f6ntemi ile port\/kovan kayna\u011f\u0131 konusunda faydal\u0131 model elde etme s\u00fcreci ba\u015far\u0131ld\u0131. \u015eirket, i\u015f makineleri ve tar\u0131m ekipmanlar\u0131 i\u00e7in par\u00e7a \u00fcretimine ba\u015flad\u0131.<\/p>\n","protected":false},"author":1,"featured_media":0,"parent":0,"menu_order":0,"comment_status":"closed","ping_status":"closed","template":"","meta":{"_acf_changed":false,"footnotes":""},"class_list":["post-15892","page","type-page","status-publish","hentry"],"acf":[],"_links":{"self":[{"href":"https:\/\/ozteknikoto.com\/tr\/wp-json\/wp\/v2\/pages\/15892","targetHints":{"allow":["GET"]}}],"collection":[{"href":"https:\/\/ozteknikoto.com\/tr\/wp-json\/wp\/v2\/pages"}],"about":[{"href":"https:\/\/ozteknikoto.com\/tr\/wp-json\/wp\/v2\/types\/page"}],"author":[{"embeddable":true,"href":"https:\/\/ozteknikoto.com\/tr\/wp-json\/wp\/v2\/users\/1"}],"replies":[{"embeddable":true,"href":"https:\/\/ozteknikoto.com\/tr\/wp-json\/wp\/v2\/comments?post=15892"}],"version-history":[{"count":2,"href":"https:\/\/ozteknikoto.com\/tr\/wp-json\/wp\/v2\/pages\/15892\/revisions"}],"predecessor-version":[{"id":16016,"href":"https:\/\/ozteknikoto.com\/tr\/wp-json\/wp\/v2\/pages\/15892\/revisions\/16016"}],"wp:attachment":[{"href":"https:\/\/ozteknikoto.com\/tr\/wp-json\/wp\/v2\/media?parent=15892"}],"curies":[{"name":"wp","href":"https:\/\/api.w.org\/{rel}","templated":true}]}}