{"id":29496,"date":"2024-08-15T14:35:25","date_gmt":"2024-08-15T14:35:25","guid":{"rendered":"https:\/\/ozteknikoto.com\/product\/er1118\/"},"modified":"2024-08-15T14:35:25","modified_gmt":"2024-08-15T14:35:25","slug":"er1118","status":"publish","type":"product","link":"https:\/\/ozteknikoto.com\/it\/product\/er1118\/","title":{"rendered":"ER1118"},"content":{"rendered":"<p><strong>Tubo:  \u00d8: <\/strong> \u00d836 <\/p>\n<p><strong>Cono:  \u00d8S\/\u00d8B (mm): <\/strong> 23,5\/26 <\/p>\n<p><strong>Lunghezza:  (mm): <\/strong> 300mm <\/p>\n","protected":false},"excerpt":{"rendered":"<p>\u00d8: \u00d836 \u00d8S\/\u00d8B (mm): 23,5\/26 (mm): 300mm<\/p>\n","protected":false},"featured_media":29497,"comment_status":"closed","ping_status":"open","template":"","meta":{"_acf_changed":false},"marka":[56475],"model":[60292],"referans-numarasi":[60293,60294,60295],"uretici":[56478],"product_brand":[],"product_cat":[57427],"product_tag":[],"class_list":{"0":"post-29496","1":"product","2":"type-product","3":"status-publish","4":"has-post-thumbnail","6":"marka-egerot-it","7":"model-o-500-r-o500-rs-1632-1725-1728-1732-o-500-touro-it","8":"referans-numarasi-6343260016-it","9":"referans-numarasi-6343260516-it","10":"referans-numarasi-6343260716-it","11":"uretici-mercedes-it","12":"product_cat-stabilizzatore","14":"first","15":"instock","16":"product-type-simple"},"acf":[],"_links":{"self":[{"href":"https:\/\/ozteknikoto.com\/it\/wp-json\/wp\/v2\/product\/29496","targetHints":{"allow":["GET"]}}],"collection":[{"href":"https:\/\/ozteknikoto.com\/it\/wp-json\/wp\/v2\/product"}],"about":[{"href":"https:\/\/ozteknikoto.com\/it\/wp-json\/wp\/v2\/types\/product"}],"replies":[{"embeddable":true,"href":"https:\/\/ozteknikoto.com\/it\/wp-json\/wp\/v2\/comments?post=29496"}],"wp:featuredmedia":[{"embeddable":true,"href":"https:\/\/ozteknikoto.com\/it\/wp-json\/wp\/v2\/media\/29497"}],"wp:attachment":[{"href":"https:\/\/ozteknikoto.com\/it\/wp-json\/wp\/v2\/media?parent=29496"}],"wp:term":[{"taxonomy":"marka","embeddable":true,"href":"https:\/\/ozteknikoto.com\/it\/wp-json\/wp\/v2\/marka?post=29496"},{"taxonomy":"model","embeddable":true,"href":"https:\/\/ozteknikoto.com\/it\/wp-json\/wp\/v2\/model?post=29496"},{"taxonomy":"referans-numarasi","embeddable":true,"href":"https:\/\/ozteknikoto.com\/it\/wp-json\/wp\/v2\/referans-numarasi?post=29496"},{"taxonomy":"uretici","embeddable":true,"href":"https:\/\/ozteknikoto.com\/it\/wp-json\/wp\/v2\/uretici?post=29496"},{"taxonomy":"product_brand","embeddable":true,"href":"https:\/\/ozteknikoto.com\/it\/wp-json\/wp\/v2\/product_brand?post=29496"},{"taxonomy":"product_cat","embeddable":true,"href":"https:\/\/ozteknikoto.com\/it\/wp-json\/wp\/v2\/product_cat?post=29496"},{"taxonomy":"product_tag","embeddable":true,"href":"https:\/\/ozteknikoto.com\/it\/wp-json\/wp\/v2\/product_tag?post=29496"}],"curies":[{"name":"wp","href":"https:\/\/api.w.org\/{rel}","templated":true}]}}