{"id":27124,"date":"2024-08-13T06:02:55","date_gmt":"2024-08-13T06:02:55","guid":{"rendered":"https:\/\/ozteknikoto.com\/informazioni-su\/"},"modified":"2025-02-04T10:34:37","modified_gmt":"2025-02-04T10:34:37","slug":"chi-siamo","status":"publish","type":"page","link":"https:\/\/ozteknikoto.com\/it\/chi-siamo\/","title":{"rendered":"Chi Siamo"},"content":{"rendered":"\t\t<div data-elementor-type=\"wp-page\" data-elementor-id=\"27124\" class=\"elementor elementor-27124 elementor-227\" data-elementor-post-type=\"page\">\n\t\t\t\t<div class=\"elementor-element elementor-element-1441825 e-flex e-con-boxed e-con e-parent\" data-id=\"1441825\" data-element_type=\"container\" data-e-type=\"container\" data-settings=\"{&quot;background_background&quot;:&quot;classic&quot;}\">\n\t\t\t\t\t<div class=\"e-con-inner\">\n\t\t\t\t<div class=\"elementor-element elementor-element-35c9664 elementor-widget__width-inherit elementor-widget elementor-widget-heading\" data-id=\"35c9664\" data-element_type=\"widget\" data-e-type=\"widget\" data-widget_type=\"heading.default\">\n\t\t\t\t<div class=\"elementor-widget-container\">\n\t\t\t\t\t<h1 class=\"elementor-heading-title elementor-size-default\">SU \u00d6ZTEKN\u0130K<\/h1>\t\t\t\t<\/div>\n\t\t\t\t<\/div>\n\t\t\t\t<div class=\"elementor-element elementor-element-9c72d8a elementor-align-center elementor-widget elementor-widget-lottie\" data-id=\"9c72d8a\" data-element_type=\"widget\" data-e-type=\"widget\" data-settings=\"{&quot;source_json&quot;:{&quot;url&quot;:&quot;https:\\\/\\\/ozteknikoto.com\\\/wp-content\\\/uploads\\\/2024\\\/09\\\/scroll-down.json&quot;,&quot;id&quot;:&quot;7596&quot;,&quot;size&quot;:&quot;&quot;,&quot;alt&quot;:&quot;&quot;,&quot;source&quot;:&quot;library&quot;},&quot;link_to&quot;:&quot;custom&quot;,&quot;custom_link&quot;:{&quot;url&quot;:&quot;#continue&quot;,&quot;is_external&quot;:&quot;&quot;,&quot;nofollow&quot;:&quot;&quot;,&quot;custom_attributes&quot;:&quot;&quot;},&quot;loop&quot;:&quot;yes&quot;,&quot;renderer&quot;:&quot;canvas&quot;,&quot;source&quot;:&quot;media_file&quot;,&quot;caption_source&quot;:&quot;none&quot;,&quot;trigger&quot;:&quot;arriving_to_viewport&quot;,&quot;viewport&quot;:{&quot;unit&quot;:&quot;%&quot;,&quot;size&quot;:&quot;&quot;,&quot;sizes&quot;:{&quot;start&quot;:0,&quot;end&quot;:100}},&quot;play_speed&quot;:{&quot;unit&quot;:&quot;px&quot;,&quot;size&quot;:1,&quot;sizes&quot;:[]},&quot;start_point&quot;:{&quot;unit&quot;:&quot;%&quot;,&quot;size&quot;:0,&quot;sizes&quot;:[]},&quot;end_point&quot;:{&quot;unit&quot;:&quot;%&quot;,&quot;size&quot;:100,&quot;sizes&quot;:[]}}\" data-widget_type=\"lottie.default\">\n\t\t\t\t<div class=\"elementor-widget-container\">\n\t\t\t\t\t<a class=\"e-lottie__container__link\" href=\"#continue\"><div class=\"e-lottie__container\"><div class=\"e-lottie__animation\"><\/div><\/div><\/a>\t\t\t\t<\/div>\n\t\t\t\t<\/div>\n\t\t\t\t\t<\/div>\n\t\t\t\t<\/div>\n\t\t<div class=\"elementor-element elementor-element-9ae6b0e e-flex e-con-boxed e-con e-parent\" data-id=\"9ae6b0e\" data-element_type=\"container\" data-e-type=\"container\" id=\"continue\">\n\t\t\t\t\t<div class=\"e-con-inner\">\n\t\t<div class=\"elementor-element elementor-element-fc38270 e-con-full e-flex e-con e-child\" data-id=\"fc38270\" data-element_type=\"container\" data-e-type=\"container\">\n\t\t\t\t<div class=\"elementor-element elementor-element-043c56c elementor-widget elementor-widget-text-editor\" data-id=\"043c56c\" data-element_type=\"widget\" data-e-type=\"widget\" data-widget_type=\"text-editor.default\">\n\t\t\t\t<div class=\"elementor-widget-container\">\n\t\t\t\t\t\t\t\t\t<p><span style=\"font-weight: 400;\">La societ\u00e0 \u00e8 stata fondata nel 1971 da \u0130brahim \u00d6zt\u00fcrk in una piccola officina di 50 m2 per operare nel settore automotive.<\/span><\/p><p><span style=\"font-weight: 400;\">La societ\u00e0 produce diversi componenti per automotive fin dalla sua fondazione. Oggi continua la sua attivit\u00e0 di produzione con i suoi marchi in 3 gruppi di prodotti principali: EGEROT, HYDCAB, REVOL su una superficie totale di 30.000 m2 per i produttori di apparecchiature originali e per il mercato dei ricambi after-market in due stabilimenti a Izmir.<\/span><\/p><p><span style=\"font-weight: 400;\">La societ\u00e0, che opera nel settore automotive da oltre 50 anni, gestisce con attenzione le proprie relazioni per comprendere meglio le esigenze e le aspettative dei propri partner commerciali. La societ\u00e0 aumenta la propria gamma di prodotti per soddisfare le mutevoli richieste e assicura la continuit\u00e0 delle forniture senza compromettere la qualit\u00e0.<\/span><\/p><p><span style=\"font-weight: 400;\">Come Gruppo \u00d6zteknik, stiamo progredendo in linea con la nostra visione di diventare una potenza orientata alla strategia che si sviluppa continuamente con tutti i nostri interlocutori e fornisce valore aggiunto al settore rivelando il nostro potenziale. La nostra societ\u00e0 fornisce servizi per il settore automotive, le macchine agricole, le macchine da costruzione e i veicoli pesanti. Ha adottato la missione di contribuire allo sviluppo dell&#8217;immagine \u201cMade in Turkey\u201d con i prodotti che progetta e produce, operando nel rispetto dei valori aziendali.<\/span><\/p>\t\t\t\t\t\t\t\t<\/div>\n\t\t\t\t<\/div>\n\t\t\t\t<\/div>\n\t\t\t\t\t<\/div>\n\t\t\t\t<\/div>\n\t\t<div class=\"elementor-element elementor-element-4a5d025 e-flex e-con-boxed e-con e-parent\" data-id=\"4a5d025\" data-element_type=\"container\" data-e-type=\"container\">\n\t\t\t\t\t<div class=\"e-con-inner\">\n\t\t\t\t<div class=\"elementor-element elementor-element-d53b3eb elementor-widget elementor-widget-heading\" data-id=\"d53b3eb\" data-element_type=\"widget\" data-e-type=\"widget\" data-widget_type=\"heading.default\">\n\t\t\t\t<div class=\"elementor-widget-container\">\n\t\t\t\t\t<h4 class=\"elementor-heading-title elementor-size-default\">PIETRE MILIARI<\/h4>\t\t\t\t<\/div>\n\t\t\t\t<\/div>\n\t\t\t\t<div class=\"elementor-element elementor-element-1075f9e elementor-widget elementor-widget-heading\" data-id=\"1075f9e\" data-element_type=\"widget\" data-e-type=\"widget\" data-widget_type=\"heading.default\">\n\t\t\t\t<div class=\"elementor-widget-container\">\n\t\t\t\t\t<h2 class=\"elementor-heading-title elementor-size-default\">DAL 1971 <span>AD OGGI<\/span><\/h2>\t\t\t\t<\/div>\n\t\t\t\t<\/div>\n\t\t\t\t<div class=\"elementor-element elementor-element-7b2c862 elementor-widget elementor-widget-text-editor\" data-id=\"7b2c862\" data-element_type=\"widget\" data-e-type=\"widget\" data-widget_type=\"text-editor.default\">\n\t\t\t\t<div class=\"elementor-widget-container\">\n\t\t\t\t\t\t\t\t\t<p><span style=\"font-weight: 400;\">La societ\u00e0 ha vissuto numerose esperienze nei 50 anni del suo percorso produttivo, iniziato nel 1971.<\/span><span style=\"font-weight: 400;\"><br \/><\/span><span style=\"font-weight: 400;\">Siamo cresciuti con ogni esperienza, abbiamo imparato mentre crescevamo e abbiamo migliorato le nostre operazioni mentre imparavamo. Abbiamo continuato a ispirarci al passato e abbiamo mantenuto la nostra convinzione di produrre meglio mentre costruivamo il futuro.<\/span><\/p>\t\t\t\t\t\t\t\t<\/div>\n\t\t\t\t<\/div>\n\t\t\t\t<div class=\"elementor-element elementor-element-8564cd4 elementor-widget elementor-widget-timeline-widget-addon\" data-id=\"8564cd4\" data-element_type=\"widget\" data-e-type=\"widget\" data-widget_type=\"timeline-widget-addon.default\">\n\t\t\t\t<div class=\"elementor-widget-container\">\n\t\t\t\t\t<!-- ========= Timeline Widget Addon For Elementor 1.6.23 ========= -->\n<div id=\"twae-wrapper-8564cd4\" class=\"twae-vertical twae-wrapper  twae-both-sided\">   \n    <div class=\"twae-start\"><\/div>    \n    <div id=\"twea-timeline-8564cd4\" class=\"twae-timeline\" ><!-- Start of Story Repeater Content --><div id=\"story-85ecd81\" class=\"twae-story twae-repeater-item twae-story-right twae-story-no-icon\"><!-- Story Label --><div class=\"twae-labels\"><div class=\"twae-label-big\">1971<\/div><\/div><!-- Story Icon --><div class=\"twae-icon\"><i aria-hidden=\"true\" class=\"far fa-clock\"><\/i><\/div><!-- Story Arrow --><div class=\"twae-arrow\"><\/div><!-- Start of Story Content --><div class=\"twae-content\"><!-- Story Title --><div class=\"twae-title\">La societ\u00e0 \u00e8 stata fondata da \u0130brahim \u00d6zt\u00fcrk per la produzione di stampi.<\/div><\/div><\/div><!-- Start of Story Repeater Content --><div id=\"story-409c914\" class=\"twae-story twae-repeater-item twae-story-left twae-story-no-icon\"><!-- Story Label --><div class=\"twae-labels\"><div class=\"twae-label-big\">1975<\/div><\/div><!-- Story Icon --><div class=\"twae-icon\"><i aria-hidden=\"true\" class=\"far fa-clock\"><\/i><\/div><!-- Story Arrow --><div class=\"twae-arrow\"><\/div><!-- Start of Story Content --><div class=\"twae-content\"><!-- Story Title --><div class=\"twae-title\">\u00c8 stato avviato il primo importante contatto industriale.<\/div><\/div><\/div><!-- Start of Story Repeater Content --><div id=\"story-4c1ec4b\" class=\"twae-story twae-repeater-item twae-story-right twae-story-no-icon\"><!-- Story Label --><div class=\"twae-labels\"><div class=\"twae-label-big\">1988<\/div><\/div><!-- Story Icon --><div class=\"twae-icon\"><i aria-hidden=\"true\" class=\"far fa-clock\"><\/i><\/div><!-- Story Arrow --><div class=\"twae-arrow\"><\/div><!-- Start of Story Content --><div class=\"twae-content\"><!-- Story Title --><div class=\"twae-title\">L'impianto \u00e8 stato trasferito in una nuova struttura a P\u0131narba\u015f\u0131, Izmir, e ha continuato a fornire prodotti Tier (Livello) 1 e Tier (Livello) 2 alle principali aziende del settore.<\/div><\/div><\/div><!-- Start of Story Repeater Content --><div id=\"story-7c8777b\" class=\"twae-story twae-repeater-item twae-story-left twae-story-no-icon\"><!-- Story Label --><div class=\"twae-labels\"><div class=\"twae-label-big\">1996<\/div><\/div><!-- Story Icon --><div class=\"twae-icon\"><i aria-hidden=\"true\" class=\"far fa-clock\"><\/i><\/div><!-- Story Arrow --><div class=\"twae-arrow\"><\/div><!-- Start of Story Content --><div class=\"twae-content\"><!-- Story Title --><div class=\"twae-title\">\u00d6zteknik Motorlu Ta\u015f\u0131tlar ve Mak. San. Tic. Ltd. \u015eti. \u00e8 stata fondata sulla base di una ristrutturazione.<\/div><\/div><\/div><!-- Start of Story Repeater Content --><div id=\"story-61aeb94\" class=\"twae-story twae-repeater-item twae-story-right twae-story-no-icon\"><!-- Story Label --><div class=\"twae-labels\"><div class=\"twae-label-big\">2001<\/div><\/div><!-- Story Icon --><div class=\"twae-icon\"><i aria-hidden=\"true\" class=\"far fa-clock\"><\/i><\/div><!-- Story Arrow --><div class=\"twae-arrow\"><\/div><!-- Start of Story Content --><div class=\"twae-content\"><!-- Story Title --><div class=\"twae-title\">\u00c8 stato ottenuto il Certificato del Sistema di Gestione della Qualit\u00e0 ISO 9001:2000.<\/div><\/div><\/div><!-- Start of Story Repeater Content --><div id=\"story-7fe9cce\" class=\"twae-story twae-repeater-item twae-story-left twae-story-no-icon\"><!-- Story Label --><div class=\"twae-labels\"><div class=\"twae-label-big\">2003<\/div><\/div><!-- Story Icon --><div class=\"twae-icon\"><i aria-hidden=\"true\" class=\"far fa-clock\"><\/i><\/div><!-- Story Arrow --><div class=\"twae-arrow\"><\/div><!-- Start of Story Content --><div class=\"twae-content\"><!-- Story Title --><div class=\"twae-title\">La fabbrica si \u00e8 trasferita nel nuovo stabilimento nel distretto di Kemalpa\u015fa a Izmir.<\/div><\/div><\/div><!-- Start of Story Repeater Content --><div id=\"story-148982e\" class=\"twae-story twae-repeater-item twae-story-right twae-story-no-icon\"><!-- Story Label --><div class=\"twae-labels\"><div class=\"twae-label-big\">2004<\/div><\/div><!-- Story Icon --><div class=\"twae-icon\"><i aria-hidden=\"true\" class=\"far fa-clock\"><\/i><\/div><!-- Story Arrow --><div class=\"twae-arrow\"><\/div><!-- Start of Story Content --><div class=\"twae-content\"><!-- Story Title --><div class=\"twae-title\">Il marchio HYDCAB \u00e8 stato creato investendo nella produzione di sistemi di sollevamento di cabine per attrezzature commerciali pesanti.<\/div><\/div><\/div><!-- Start of Story Repeater Content --><div id=\"story-8f9f56f\" class=\"twae-story twae-repeater-item twae-story-left twae-story-no-icon\"><!-- Story Label --><div class=\"twae-labels\"><div class=\"twae-label-big\">2005<\/div><\/div><!-- Story Icon --><div class=\"twae-icon\"><i aria-hidden=\"true\" class=\"far fa-clock\"><\/i><\/div><!-- Story Arrow --><div class=\"twae-arrow\"><\/div><!-- Start of Story Content --><div class=\"twae-content\"><!-- Story Title --><div class=\"twae-title\">Sono stati effettuati investimenti nella produzione di sistemi di sterzo e sospensione per attrezzature commerciali pesanti ed \u00e8 stata realizzata la registrazione del marchio EGEROT.<\/div><\/div><\/div><!-- Start of Story Repeater Content --><div id=\"story-aeba6f8\" class=\"twae-story twae-repeater-item twae-story-right twae-story-no-icon\"><!-- Story Label --><div class=\"twae-labels\"><div class=\"twae-label-big\">2006<\/div><\/div><!-- Story Icon --><div class=\"twae-icon\"><i aria-hidden=\"true\" class=\"far fa-clock\"><\/i><\/div><!-- Story Arrow --><div class=\"twae-arrow\"><\/div><!-- Start of Story Content --><div class=\"twae-content\"><!-- Story Title --><div class=\"twae-title\">La societ\u00e0 D\u0131\u015f ticaret \u015firketi EgeROT San. Tic. Ltd. \u015eti. \u00e8 stata fondata.<\/div><\/div><\/div><!-- Start of Story Repeater Content --><div id=\"story-762ab4c\" class=\"twae-story twae-repeater-item twae-story-left twae-story-no-icon\"><!-- Story Label --><div class=\"twae-labels\"><div class=\"twae-label-big\">2007<\/div><\/div><!-- Story Icon --><div class=\"twae-icon\"><i aria-hidden=\"true\" class=\"far fa-clock\"><\/i><\/div><!-- Story Arrow --><div class=\"twae-arrow\"><\/div><!-- Start of Story Content --><div class=\"twae-content\"><!-- Story Title --><div class=\"twae-title\">\u00c8 stato ottenuto il certificato del Sistema di Gestione della Qualit\u00e0 ISO TS 16949: 2002.<\/div><\/div><\/div><!-- Start of Story Repeater Content --><div id=\"story-2786a24\" class=\"twae-story twae-repeater-item twae-story-right twae-story-no-icon\"><!-- Story Label --><div class=\"twae-labels\"><div class=\"twae-label-big\">2009<\/div><\/div><!-- Story Icon --><div class=\"twae-icon\"><i aria-hidden=\"true\" class=\"far fa-clock\"><\/i><\/div><!-- Story Arrow --><div class=\"twae-arrow\"><\/div><!-- Start of Story Content --><div class=\"twae-content\"><!-- Story Title --><div class=\"twae-title\">L'impianto di forgiatura a caldo Ta\u015fsan A.\u015e. si unisce al Gruppo \u00d6zteknik.<\/div><\/div><\/div><!-- Start of Story Repeater Content --><div id=\"story-34b1f81\" class=\"twae-story twae-repeater-item twae-story-left twae-story-no-icon\"><!-- Story Label --><div class=\"twae-labels\"><div class=\"twae-label-big\">2012<\/div><\/div><!-- Story Icon --><div class=\"twae-icon\"><i aria-hidden=\"true\" class=\"far fa-clock\"><\/i><\/div><!-- Story Arrow --><div class=\"twae-arrow\"><\/div><!-- Start of Story Content --><div class=\"twae-content\"><!-- Story Title --><div class=\"twae-title\">La societ\u00e0 ha effettuato investimenti nella produzione di cilindri di sterzo per attrezzature commerciali pesanti. Concesso il brevetto per un elemento di cuscinetto con una pista esterna rivestita in metallo, prodotto mediante stampaggio a iniezione di plastica.<\/div><\/div><\/div><!-- Start of Story Repeater Content --><div id=\"story-f886623\" class=\"twae-story twae-repeater-item twae-story-right twae-story-no-icon\"><!-- Story Label --><div class=\"twae-labels\"><div class=\"twae-label-big\">2013<\/div><\/div><!-- Story Icon --><div class=\"twae-icon\"><i aria-hidden=\"true\" class=\"far fa-clock\"><\/i><\/div><!-- Story Arrow --><div class=\"twae-arrow\"><\/div><!-- Start of Story Content --><div class=\"twae-content\"><!-- Story Title --><div class=\"twae-title\">Il marchio REVOL \u00e8 stato creato investendo nella produzione di frizioni per attrezzature commerciali pesanti.<\/div><\/div><\/div><!-- Start of Story Repeater Content --><div id=\"story-4d677ec\" class=\"twae-story twae-repeater-item twae-story-left twae-story-no-icon\"><!-- Story Label --><div class=\"twae-labels\"><div class=\"twae-label-big\">2016<\/div><\/div><!-- Story Icon --><div class=\"twae-icon\"><i aria-hidden=\"true\" class=\"far fa-clock\"><\/i><\/div><!-- Story Arrow --><div class=\"twae-arrow\"><\/div><!-- Start of Story Content --><div class=\"twae-content\"><!-- Story Title --><div class=\"twae-title\">\u00c8 stato completato il processo di ottenimento di un modello di utilit\u00e0 per lo sviluppo della tecnologia di produzione dell'anello di sicurezza.<\/div><\/div><\/div><!-- Start of Story Repeater Content --><div id=\"story-95a2cba\" class=\"twae-story twae-repeater-item twae-story-right twae-story-no-icon\"><!-- Story Label --><div class=\"twae-labels\"><div class=\"twae-label-big\">2020<\/div><\/div><!-- Story Icon --><div class=\"twae-icon\"><i aria-hidden=\"true\" class=\"far fa-clock\"><\/i><\/div><!-- Story Arrow --><div class=\"twae-arrow\"><\/div><!-- Start of Story Content --><div class=\"twae-content\"><!-- Story Title --><div class=\"twae-title\">Il processo di ottenimento di un modello di utilit\u00e0 per la saldatura di porto\/ barilotto con il metodo di saldatura a proiezione della saldatrice a resistenza nei cilindri idraulici ha avuto successo. L'azienda ha iniziato a produrre componenti per macchine da costruzione e attrezzature agricole.<\/div><\/div><\/div><\/div>\n    <div class=\"twae-end\"><\/div>\n    <\/div><style type=\"text\/css\">@media (max-width: 1024px){ .twae-wrapper{--tw-ybx-size: 80px !important;}}@media (max-width: 767px){ .twae-wrapper{--tw-ybx-size: 80px !important}}<\/style>\t\t\t\t<\/div>\n\t\t\t\t<\/div>\n\t\t\t\t\t<\/div>\n\t\t\t\t<\/div>\n\t\t\t\t<\/div>\n\t\t","protected":false},"excerpt":{"rendered":"<p>SU \u00d6ZTEKN\u0130K La societ\u00e0 \u00e8 stata fondata nel 1971 da \u0130brahim \u00d6zt\u00fcrk in una piccola officina di 50 m2 per operare nel settore automotive. La societ\u00e0 produce diversi componenti per automotive fin dalla sua fondazione. Oggi continua la sua attivit\u00e0 di produzione con i suoi marchi in 3 gruppi di prodotti principali: EGEROT, HYDCAB, REVOL su una superficie totale di 30.000 m2 per i produttori di apparecchiature originali e per il mercato dei ricambi after-market in due stabilimenti a Izmir. La societ\u00e0, che opera nel settore automotive da oltre 50 anni, gestisce con attenzione le proprie relazioni per comprendere meglio le esigenze e le aspettative dei propri partner commerciali. La societ\u00e0 aumenta la propria gamma di prodotti per soddisfare le mutevoli richieste e assicura la continuit\u00e0 delle forniture senza compromettere la qualit\u00e0. Come Gruppo \u00d6zteknik, stiamo progredendo in linea con la nostra visione di diventare una potenza orientata alla strategia che si sviluppa continuamente con tutti i nostri interlocutori e fornisce valore aggiunto al settore rivelando il nostro potenziale. La nostra societ\u00e0 fornisce servizi per il settore automotive, le macchine agricole, le macchine da costruzione e i veicoli pesanti. Ha adottato la missione di contribuire allo sviluppo dell&#8217;immagine \u201cMade in Turkey\u201d con i prodotti che progetta e produce, operando nel rispetto dei valori aziendali. PIETRE MILIARI DAL 1971 AD OGGI La societ\u00e0 ha vissuto numerose esperienze nei 50 anni del suo percorso produttivo, iniziato nel 1971.Siamo cresciuti con ogni esperienza, abbiamo imparato mentre crescevamo e abbiamo migliorato le nostre operazioni mentre imparavamo. Abbiamo continuato a ispirarci al passato e abbiamo mantenuto la nostra convinzione di produrre meglio mentre costruivamo il futuro. 1971La societ\u00e0 \u00e8 stata fondata da \u0130brahim \u00d6zt\u00fcrk per la produzione di stampi.1975\u00c8 stato avviato il primo importante contatto industriale.1988L&#8217;impianto \u00e8 stato trasferito in una nuova struttura a P\u0131narba\u015f\u0131, Izmir, e ha continuato a fornire prodotti Tier (Livello) 1 e Tier (Livello) 2 alle principali aziende del settore.1996\u00d6zteknik Motorlu Ta\u015f\u0131tlar ve Mak. San. Tic. Ltd. \u015eti. \u00e8 stata fondata sulla base di una ristrutturazione.2001\u00c8 stato ottenuto il Certificato del Sistema di Gestione della Qualit\u00e0 ISO 9001:2000.2003La fabbrica si \u00e8 trasferita nel nuovo stabilimento nel distretto di Kemalpa\u015fa a Izmir.2004Il marchio HYDCAB \u00e8 stato creato investendo nella produzione di sistemi di sollevamento di cabine per attrezzature commerciali pesanti.2005Sono stati effettuati investimenti nella produzione di sistemi di sterzo e sospensione per attrezzature commerciali pesanti ed \u00e8 stata realizzata la registrazione del marchio EGEROT.2006La societ\u00e0 D\u0131\u015f ticaret \u015firketi EgeROT San. Tic. Ltd. \u015eti. \u00e8 stata fondata.2007\u00c8 stato ottenuto il certificato del Sistema di Gestione della Qualit\u00e0 ISO TS 16949: 2002.2009L&#8217;impianto di forgiatura a caldo Ta\u015fsan A.\u015e. si unisce al Gruppo \u00d6zteknik.2012La societ\u00e0 ha effettuato investimenti nella produzione di cilindri di sterzo per attrezzature commerciali pesanti. Concesso il brevetto per un elemento di cuscinetto con una pista esterna rivestita in metallo, prodotto mediante stampaggio a iniezione di plastica.2013Il marchio REVOL \u00e8 stato creato investendo nella produzione di frizioni per attrezzature commerciali pesanti.2016\u00c8 stato completato il processo di ottenimento di un modello di utilit\u00e0 per lo sviluppo della tecnologia di produzione dell&#8217;anello di sicurezza.2020Il processo di ottenimento di un modello di utilit\u00e0 per la saldatura di porto\/ barilotto con il metodo di saldatura a proiezione della saldatrice a resistenza nei cilindri idraulici ha avuto successo. L&#8217;azienda ha iniziato a produrre componenti per macchine da costruzione e attrezzature agricole.<\/p>\n","protected":false},"author":1,"featured_media":0,"parent":0,"menu_order":0,"comment_status":"closed","ping_status":"closed","template":"","meta":{"_acf_changed":false,"footnotes":""},"class_list":["post-27124","page","type-page","status-publish","hentry"],"acf":[],"_links":{"self":[{"href":"https:\/\/ozteknikoto.com\/it\/wp-json\/wp\/v2\/pages\/27124","targetHints":{"allow":["GET"]}}],"collection":[{"href":"https:\/\/ozteknikoto.com\/it\/wp-json\/wp\/v2\/pages"}],"about":[{"href":"https:\/\/ozteknikoto.com\/it\/wp-json\/wp\/v2\/types\/page"}],"author":[{"embeddable":true,"href":"https:\/\/ozteknikoto.com\/it\/wp-json\/wp\/v2\/users\/1"}],"replies":[{"embeddable":true,"href":"https:\/\/ozteknikoto.com\/it\/wp-json\/wp\/v2\/comments?post=27124"}],"version-history":[{"count":5,"href":"https:\/\/ozteknikoto.com\/it\/wp-json\/wp\/v2\/pages\/27124\/revisions"}],"predecessor-version":[{"id":31398,"href":"https:\/\/ozteknikoto.com\/it\/wp-json\/wp\/v2\/pages\/27124\/revisions\/31398"}],"wp:attachment":[{"href":"https:\/\/ozteknikoto.com\/it\/wp-json\/wp\/v2\/media?parent=27124"}],"curies":[{"name":"wp","href":"https:\/\/api.w.org\/{rel}","templated":true}]}}