{"id":27076,"date":"2024-08-13T11:27:22","date_gmt":"2024-08-13T11:27:22","guid":{"rendered":"https:\/\/ozteknikoto.com\/assistenza-post-vendita\/"},"modified":"2025-02-04T13:57:19","modified_gmt":"2025-02-04T13:57:19","slug":"assistenza-post-vendita","status":"publish","type":"page","link":"https:\/\/ozteknikoto.com\/it\/assistenza-post-vendita\/","title":{"rendered":"Assistenza post-vendita"},"content":{"rendered":"\t\t<div data-elementor-type=\"wp-page\" data-elementor-id=\"27076\" class=\"elementor elementor-27076 elementor-305\" data-elementor-post-type=\"page\">\n\t\t\t\t<div class=\"elementor-element elementor-element-e3c7d97 e-flex e-con-boxed e-con e-parent\" data-id=\"e3c7d97\" data-element_type=\"container\" data-e-type=\"container\" data-settings=\"{&quot;background_background&quot;:&quot;classic&quot;}\">\n\t\t\t\t\t<div class=\"e-con-inner\">\n\t\t\t\t<div class=\"elementor-element elementor-element-45ddaba elementor-widget__width-inherit elementor-widget elementor-widget-heading\" data-id=\"45ddaba\" data-element_type=\"widget\" data-e-type=\"widget\" data-widget_type=\"heading.default\">\n\t\t\t\t<div class=\"elementor-widget-container\">\n\t\t\t\t\t<h1 class=\"elementor-heading-title elementor-size-default\">Assistenza post-vendita<\/h1>\t\t\t\t<\/div>\n\t\t\t\t<\/div>\n\t\t\t\t<div class=\"elementor-element elementor-element-3cc7473 elementor-align-center elementor-widget elementor-widget-lottie\" data-id=\"3cc7473\" data-element_type=\"widget\" data-e-type=\"widget\" data-settings=\"{&quot;source_json&quot;:{&quot;url&quot;:&quot;https:\\\/\\\/ozteknikoto.com\\\/wp-content\\\/uploads\\\/2024\\\/09\\\/scroll-down.json&quot;,&quot;id&quot;:7596,&quot;size&quot;:&quot;&quot;,&quot;alt&quot;:&quot;&quot;,&quot;source&quot;:&quot;library&quot;},&quot;link_to&quot;:&quot;custom&quot;,&quot;custom_link&quot;:{&quot;url&quot;:&quot;#continue&quot;,&quot;is_external&quot;:&quot;&quot;,&quot;nofollow&quot;:&quot;&quot;,&quot;custom_attributes&quot;:&quot;&quot;},&quot;loop&quot;:&quot;yes&quot;,&quot;renderer&quot;:&quot;canvas&quot;,&quot;source&quot;:&quot;media_file&quot;,&quot;caption_source&quot;:&quot;none&quot;,&quot;trigger&quot;:&quot;arriving_to_viewport&quot;,&quot;viewport&quot;:{&quot;unit&quot;:&quot;%&quot;,&quot;size&quot;:&quot;&quot;,&quot;sizes&quot;:{&quot;start&quot;:0,&quot;end&quot;:100}},&quot;play_speed&quot;:{&quot;unit&quot;:&quot;px&quot;,&quot;size&quot;:1,&quot;sizes&quot;:[]},&quot;start_point&quot;:{&quot;unit&quot;:&quot;%&quot;,&quot;size&quot;:0,&quot;sizes&quot;:[]},&quot;end_point&quot;:{&quot;unit&quot;:&quot;%&quot;,&quot;size&quot;:100,&quot;sizes&quot;:[]}}\" data-widget_type=\"lottie.default\">\n\t\t\t\t<div class=\"elementor-widget-container\">\n\t\t\t\t\t<a class=\"e-lottie__container__link\" href=\"#continue\"><div class=\"e-lottie__container\"><div class=\"e-lottie__animation\"><\/div><\/div><\/a>\t\t\t\t<\/div>\n\t\t\t\t<\/div>\n\t\t\t\t\t<\/div>\n\t\t\t\t<\/div>\n\t\t<div class=\"elementor-element elementor-element-fa9082d e-flex e-con-boxed e-con e-parent\" data-id=\"fa9082d\" data-element_type=\"container\" data-e-type=\"container\" id=\"continue\">\n\t\t\t\t\t<div class=\"e-con-inner\">\n\t\t\t\t<div class=\"elementor-element elementor-element-a83bce1 elementor-widget elementor-widget-heading\" data-id=\"a83bce1\" data-element_type=\"widget\" data-e-type=\"widget\" data-widget_type=\"heading.default\">\n\t\t\t\t<div class=\"elementor-widget-container\">\n\t\t\t\t\t<h2 class=\"elementor-heading-title elementor-size-default\">SIAMO SEMPRE <span> CON VOI<\/span><\/h2>\t\t\t\t<\/div>\n\t\t\t\t<\/div>\n\t\t<div class=\"elementor-element elementor-element-dac6605 e-con-full e-flex e-con e-child\" data-id=\"dac6605\" data-element_type=\"container\" data-e-type=\"container\">\n\t\t<div class=\"elementor-element elementor-element-aae0f2b e-con-full e-flex e-con e-child\" data-id=\"aae0f2b\" data-element_type=\"container\" data-e-type=\"container\">\n\t\t\t\t<div class=\"elementor-element elementor-element-b20a2be elementor-widget elementor-widget-text-editor\" data-id=\"b20a2be\" data-element_type=\"widget\" data-e-type=\"widget\" data-widget_type=\"text-editor.default\">\n\t\t\t\t<div class=\"elementor-widget-container\">\n\t\t\t\t\t\t\t\t\t<p><span style=\"font-weight: 400;\">Il Gruppo \u00d6zteknik offre ai suoi clienti durata, affidabilit\u00e0 e redditivit\u00e0 con i prodotti per frizioni a marchio REVOL, i prodotti per il sollevamento idraulico delle cabine a marchio HYDCAB, i prodotti per lo sterzo e le sospensioni a marchio EGEROT e un eccellente servizio post-vendita.<\/span><\/p><p><span style=\"font-weight: 400;\">Tutti i prodotti sono coperti da garanzia del produttore contro i difetti di fabbricazione. Il team tecnico post-vendita visita regolarmente gli impianti per comprendere meglio le esigenze e le aspettative dei clienti, segue i cambiamenti delle apparecchiature e dei prodotti e le aspettative dei clienti sul campo. L&#8217;azienda \u00e8 sempre al fianco dei propri clienti nell&#8217;assistenza tecnica e sul campo e opera in questo contesto, sapendo che la chiave del successo \u00e8 il valore dato ai partner commerciali e la soddisfazione incondizionata dei clienti.<\/span><\/p>\t\t\t\t\t\t\t\t<\/div>\n\t\t\t\t<\/div>\n\t\t\t\t<\/div>\n\t\t\t\t<\/div>\n\t\t\t\t\t<\/div>\n\t\t\t\t<\/div>\n\t\t\t\t<\/div>\n\t\t","protected":false},"excerpt":{"rendered":"<p>SIAMO SEMPRE CON VOI Il Gruppo \u00d6zteknik offre ai suoi clienti durata, affidabilit\u00e0 e redditivit\u00e0 con i prodotti per frizioni a marchio REVOL, i prodotti per il sollevamento idraulico delle cabine a marchio HYDCAB, i prodotti per lo sterzo e le sospensioni a marchio EGEROT e un eccellente servizio post-vendita. Tutti i prodotti sono coperti da garanzia del produttore contro i difetti di fabbricazione. Il team tecnico post-vendita visita regolarmente gli impianti per comprendere meglio le esigenze e le aspettative dei clienti, segue i cambiamenti delle apparecchiature e dei prodotti e le aspettative dei clienti sul campo. L&#8217;azienda \u00e8 sempre al fianco dei propri clienti nell&#8217;assistenza tecnica e sul campo e opera in questo contesto, sapendo che la chiave del successo \u00e8 il valore dato ai partner commerciali e la soddisfazione incondizionata dei clienti.<\/p>\n","protected":false},"author":1,"featured_media":0,"parent":0,"menu_order":0,"comment_status":"closed","ping_status":"closed","template":"","meta":{"_acf_changed":false,"footnotes":""},"class_list":["post-27076","page","type-page","status-publish","hentry"],"acf":[],"_links":{"self":[{"href":"https:\/\/ozteknikoto.com\/it\/wp-json\/wp\/v2\/pages\/27076","targetHints":{"allow":["GET"]}}],"collection":[{"href":"https:\/\/ozteknikoto.com\/it\/wp-json\/wp\/v2\/pages"}],"about":[{"href":"https:\/\/ozteknikoto.com\/it\/wp-json\/wp\/v2\/types\/page"}],"author":[{"embeddable":true,"href":"https:\/\/ozteknikoto.com\/it\/wp-json\/wp\/v2\/users\/1"}],"replies":[{"embeddable":true,"href":"https:\/\/ozteknikoto.com\/it\/wp-json\/wp\/v2\/comments?post=27076"}],"version-history":[{"count":4,"href":"https:\/\/ozteknikoto.com\/it\/wp-json\/wp\/v2\/pages\/27076\/revisions"}],"predecessor-version":[{"id":31419,"href":"https:\/\/ozteknikoto.com\/it\/wp-json\/wp\/v2\/pages\/27076\/revisions\/31419"}],"wp:attachment":[{"href":"https:\/\/ozteknikoto.com\/it\/wp-json\/wp\/v2\/media?parent=27076"}],"curies":[{"name":"wp","href":"https:\/\/api.w.org\/{rel}","templated":true}]}}