{"id":15918,"date":"2024-08-13T11:18:07","date_gmt":"2024-08-13T11:18:07","guid":{"rendered":"https:\/\/ozteknikoto.com\/suministro\/"},"modified":"2024-11-04T11:06:53","modified_gmt":"2024-11-04T11:06:53","slug":"suministro","status":"publish","type":"page","link":"https:\/\/ozteknikoto.com\/es\/suministro\/","title":{"rendered":"Suministro"},"content":{"rendered":"\t\t<div data-elementor-type=\"wp-page\" data-elementor-id=\"15918\" class=\"elementor elementor-15918 elementor-299\" data-elementor-post-type=\"page\">\n\t\t\t\t<div class=\"elementor-element elementor-element-5cba2bb e-flex e-con-boxed e-con e-parent\" data-id=\"5cba2bb\" data-element_type=\"container\" data-e-type=\"container\" data-settings=\"{&quot;background_background&quot;:&quot;classic&quot;}\">\n\t\t\t\t\t<div class=\"e-con-inner\">\n\t\t\t\t<div class=\"elementor-element elementor-element-7cdd472 elementor-widget__width-inherit elementor-widget elementor-widget-heading\" data-id=\"7cdd472\" data-element_type=\"widget\" data-e-type=\"widget\" data-widget_type=\"heading.default\">\n\t\t\t\t<div class=\"elementor-widget-container\">\n\t\t\t\t\t<h1 class=\"elementor-heading-title elementor-size-default\">SUMINISTRO<\/h1>\t\t\t\t<\/div>\n\t\t\t\t<\/div>\n\t\t\t\t<div class=\"elementor-element elementor-element-ab141d1 elementor-align-center elementor-widget elementor-widget-lottie\" data-id=\"ab141d1\" data-element_type=\"widget\" data-e-type=\"widget\" data-settings=\"{&quot;source_json&quot;:{&quot;url&quot;:&quot;https:\\\/\\\/ozteknikoto.com\\\/wp-content\\\/uploads\\\/2024\\\/09\\\/scroll-down.json&quot;,&quot;id&quot;:7596,&quot;size&quot;:&quot;&quot;,&quot;alt&quot;:&quot;&quot;,&quot;source&quot;:&quot;library&quot;},&quot;link_to&quot;:&quot;custom&quot;,&quot;custom_link&quot;:{&quot;url&quot;:&quot;#continue&quot;,&quot;is_external&quot;:&quot;&quot;,&quot;nofollow&quot;:&quot;&quot;,&quot;custom_attributes&quot;:&quot;&quot;},&quot;loop&quot;:&quot;yes&quot;,&quot;renderer&quot;:&quot;canvas&quot;,&quot;source&quot;:&quot;media_file&quot;,&quot;caption_source&quot;:&quot;none&quot;,&quot;trigger&quot;:&quot;arriving_to_viewport&quot;,&quot;viewport&quot;:{&quot;unit&quot;:&quot;%&quot;,&quot;size&quot;:&quot;&quot;,&quot;sizes&quot;:{&quot;start&quot;:0,&quot;end&quot;:100}},&quot;play_speed&quot;:{&quot;unit&quot;:&quot;px&quot;,&quot;size&quot;:1,&quot;sizes&quot;:[]},&quot;start_point&quot;:{&quot;unit&quot;:&quot;%&quot;,&quot;size&quot;:0,&quot;sizes&quot;:[]},&quot;end_point&quot;:{&quot;unit&quot;:&quot;%&quot;,&quot;size&quot;:100,&quot;sizes&quot;:[]}}\" data-widget_type=\"lottie.default\">\n\t\t\t\t<div class=\"elementor-widget-container\">\n\t\t\t\t\t<a class=\"e-lottie__container__link\" href=\"#continue\"><div class=\"e-lottie__container\"><div class=\"e-lottie__animation\"><\/div><\/div><\/a>\t\t\t\t<\/div>\n\t\t\t\t<\/div>\n\t\t\t\t\t<\/div>\n\t\t\t\t<\/div>\n\t\t<div class=\"elementor-element elementor-element-f8b99ab e-flex e-con-boxed e-con e-parent\" data-id=\"f8b99ab\" data-element_type=\"container\" data-e-type=\"container\" id=\"continue\">\n\t\t\t\t\t<div class=\"e-con-inner\">\n\t\t\t\t<div class=\"elementor-element elementor-element-5ce175f elementor-widget elementor-widget-heading\" data-id=\"5ce175f\" data-element_type=\"widget\" data-e-type=\"widget\" data-widget_type=\"heading.default\">\n\t\t\t\t<div class=\"elementor-widget-container\">\n\t\t\t\t\t<h2 class=\"elementor-heading-title elementor-size-default\">LA MAYOR\u00cdA DE LOS <span>PRODUCTOS COMERCIALES<\/span> B\u00c1SICOS<\/h2>\t\t\t\t<\/div>\n\t\t\t\t<\/div>\n\t\t<div class=\"elementor-element elementor-element-0878621 e-con-full e-flex e-con e-child\" data-id=\"0878621\" data-element_type=\"container\" data-e-type=\"container\">\n\t\t<div class=\"elementor-element elementor-element-401ffbc e-con-full e-flex e-con e-child\" data-id=\"401ffbc\" data-element_type=\"container\" data-e-type=\"container\">\n\t\t\t\t<div class=\"elementor-element elementor-element-d9379c7 elementor-widget elementor-widget-text-editor\" data-id=\"d9379c7\" data-element_type=\"widget\" data-e-type=\"widget\" data-widget_type=\"text-editor.default\">\n\t\t\t\t<div class=\"elementor-widget-container\">\n\t\t\t\t\t\t\t\t\t<p><span style=\"font-weight: 400;\">Como \u00d6ZTEKN\u0130K, estamos orgullosos de ofrecer un servicio ininterrumpido a nuestros valiosos socios comerciales gracias a nuestra s\u00f3lida red comercial y a los conocimientos y experiencia que hemos adquirido en el sector durante m\u00e1s de 50 a\u00f1os. Las relaciones que hemos establecido durante muchos a\u00f1os y nuestro profundo conocimiento del sector nos convierten en uno de los socios de soluciones m\u00e1s fiables de la industria. <\/span><\/p>\n<p><span style=\"font-weight: 400;\">Satisfacemos las necesidades de nuestros clientes con la m\u00e1xima calidad y garant\u00eda ofreciendo una amplia gama de productos y servicios para el sector de la automoci\u00f3n. Nuestra cartera de productos refleja un conocimiento exhaustivo del servicio en el mercado de fabricantes de equipos originales y recambios posventa. De este modo, disponemos de la diversidad necesaria para satisfacer todo tipo de demandas del sector.  <\/span><\/p>\n<p><span style=\"font-weight: 400;\">En nuestros procesos de gesti\u00f3n de la cadena de suministro, pretendemos ofrecer los mejores precios y condiciones del sector con la diversidad que proporcionamos a nuestros clientes y nuestra competencia para suministrar productos de acuerdo con las normas internacionales. Adem\u00e1s, con nuestro enfoque orientado a la innovaci\u00f3n y el desarrollo continuos, pretendemos superar las expectativas de nuestros clientes adapt\u00e1ndonos r\u00e1pidamente a los cambios del sector. <\/span><\/p>\n<p><span style=\"font-weight: 400;\">Como \u00d6ZTEKN\u0130K, seguimos contribuyendo al crecimiento de nuestros socios comerciales y obteniendo una ventaja competitiva dando siempre prioridad a la satisfacci\u00f3n del cliente. Cooperando con nosotros, podr\u00e1s estar al d\u00eda de los avances del sector y crear una cadena de suministro m\u00e1s s\u00f3lida. Con nuestra comprensi\u00f3n de la calidad y la garant\u00eda, seguiremos creciendo y triunfando juntos en el futuro.  <\/span><\/p>\n\t\t\t\t\t\t\t\t<\/div>\n\t\t\t\t<\/div>\n\t\t\t\t<\/div>\n\t\t\t\t<\/div>\n\t\t\t\t\t<\/div>\n\t\t\t\t<\/div>\n\t\t\t\t<\/div>\n\t\t","protected":false},"excerpt":{"rendered":"<p>SUMINISTRO LA MAYOR\u00cdA DE LOS PRODUCTOS COMERCIALES B\u00c1SICOS Como \u00d6ZTEKN\u0130K, estamos orgullosos de ofrecer un servicio ininterrumpido a nuestros valiosos socios comerciales gracias a nuestra s\u00f3lida red comercial y a los conocimientos y experiencia que hemos adquirido en el sector durante m\u00e1s de 50 a\u00f1os. Las relaciones que hemos establecido durante muchos a\u00f1os y nuestro profundo conocimiento del sector nos convierten en uno de los socios de soluciones m\u00e1s fiables de la industria. Satisfacemos las necesidades de nuestros clientes con la m\u00e1xima calidad y garant\u00eda ofreciendo una amplia gama de productos y servicios para el sector de la automoci\u00f3n. Nuestra cartera de productos refleja un conocimiento exhaustivo del servicio en el mercado de fabricantes de equipos originales y recambios posventa. De este modo, disponemos de la diversidad necesaria para satisfacer todo tipo de demandas del sector. En nuestros procesos de gesti\u00f3n de la cadena de suministro, pretendemos ofrecer los mejores precios y condiciones del sector con la diversidad que proporcionamos a nuestros clientes y nuestra competencia para suministrar productos de acuerdo con las normas internacionales. Adem\u00e1s, con nuestro enfoque orientado a la innovaci\u00f3n y el desarrollo continuos, pretendemos superar las expectativas de nuestros clientes adapt\u00e1ndonos r\u00e1pidamente a los cambios del sector. Como \u00d6ZTEKN\u0130K, seguimos contribuyendo al crecimiento de nuestros socios comerciales y obteniendo una ventaja competitiva dando siempre prioridad a la satisfacci\u00f3n del cliente. Cooperando con nosotros, podr\u00e1s estar al d\u00eda de los avances del sector y crear una cadena de suministro m\u00e1s s\u00f3lida. Con nuestra comprensi\u00f3n de la calidad y la garant\u00eda, seguiremos creciendo y triunfando juntos en el futuro.<\/p>\n","protected":false},"author":1,"featured_media":0,"parent":0,"menu_order":0,"comment_status":"closed","ping_status":"closed","template":"","meta":{"_acf_changed":false,"footnotes":""},"class_list":["post-15918","page","type-page","status-publish","hentry"],"acf":[],"_links":{"self":[{"href":"https:\/\/ozteknikoto.com\/es\/wp-json\/wp\/v2\/pages\/15918","targetHints":{"allow":["GET"]}}],"collection":[{"href":"https:\/\/ozteknikoto.com\/es\/wp-json\/wp\/v2\/pages"}],"about":[{"href":"https:\/\/ozteknikoto.com\/es\/wp-json\/wp\/v2\/types\/page"}],"author":[{"embeddable":true,"href":"https:\/\/ozteknikoto.com\/es\/wp-json\/wp\/v2\/users\/1"}],"replies":[{"embeddable":true,"href":"https:\/\/ozteknikoto.com\/es\/wp-json\/wp\/v2\/comments?post=15918"}],"version-history":[{"count":1,"href":"https:\/\/ozteknikoto.com\/es\/wp-json\/wp\/v2\/pages\/15918\/revisions"}],"predecessor-version":[{"id":15920,"href":"https:\/\/ozteknikoto.com\/es\/wp-json\/wp\/v2\/pages\/15918\/revisions\/15920"}],"wp:attachment":[{"href":"https:\/\/ozteknikoto.com\/es\/wp-json\/wp\/v2\/media?parent=15918"}],"curies":[{"name":"wp","href":"https:\/\/api.w.org\/{rel}","templated":true}]}}