{"id":15902,"date":"2024-08-13T07:52:17","date_gmt":"2024-08-13T07:52:17","guid":{"rendered":"https:\/\/ozteknikoto.com\/recursos-humanos\/"},"modified":"2024-11-04T11:06:44","modified_gmt":"2024-11-04T11:06:44","slug":"recursos-humanos","status":"publish","type":"page","link":"https:\/\/ozteknikoto.com\/es\/recursos-humanos\/","title":{"rendered":"Recursos Humanos"},"content":{"rendered":"\t\t<div data-elementor-type=\"wp-page\" data-elementor-id=\"15902\" class=\"elementor elementor-15902 elementor-264\" data-elementor-post-type=\"page\">\n\t\t\t\t<div class=\"elementor-element elementor-element-4d13054 e-flex e-con-boxed e-con e-parent\" data-id=\"4d13054\" data-element_type=\"container\" data-e-type=\"container\" data-settings=\"{&quot;background_background&quot;:&quot;classic&quot;}\">\n\t\t\t\t\t<div class=\"e-con-inner\">\n\t\t\t\t<div class=\"elementor-element elementor-element-98af24e elementor-widget__width-inherit elementor-widget elementor-widget-heading\" data-id=\"98af24e\" data-element_type=\"widget\" data-e-type=\"widget\" data-widget_type=\"heading.default\">\n\t\t\t\t<div class=\"elementor-widget-container\">\n\t\t\t\t\t<h1 class=\"elementor-heading-title elementor-size-default\">RECURSOS HUMANOS<\/h1>\t\t\t\t<\/div>\n\t\t\t\t<\/div>\n\t\t\t\t<div class=\"elementor-element elementor-element-a17d80e elementor-align-center elementor-widget elementor-widget-lottie\" data-id=\"a17d80e\" data-element_type=\"widget\" data-e-type=\"widget\" data-settings=\"{&quot;source_json&quot;:{&quot;url&quot;:&quot;https:\\\/\\\/ozteknikoto.com\\\/wp-content\\\/uploads\\\/2024\\\/09\\\/scroll-down.json&quot;,&quot;id&quot;:7596,&quot;size&quot;:&quot;&quot;,&quot;alt&quot;:&quot;&quot;,&quot;source&quot;:&quot;library&quot;},&quot;link_to&quot;:&quot;custom&quot;,&quot;custom_link&quot;:{&quot;url&quot;:&quot;#continue&quot;,&quot;is_external&quot;:&quot;&quot;,&quot;nofollow&quot;:&quot;&quot;,&quot;custom_attributes&quot;:&quot;&quot;},&quot;loop&quot;:&quot;yes&quot;,&quot;renderer&quot;:&quot;canvas&quot;,&quot;source&quot;:&quot;media_file&quot;,&quot;caption_source&quot;:&quot;none&quot;,&quot;trigger&quot;:&quot;arriving_to_viewport&quot;,&quot;viewport&quot;:{&quot;unit&quot;:&quot;%&quot;,&quot;size&quot;:&quot;&quot;,&quot;sizes&quot;:{&quot;start&quot;:0,&quot;end&quot;:100}},&quot;play_speed&quot;:{&quot;unit&quot;:&quot;px&quot;,&quot;size&quot;:1,&quot;sizes&quot;:[]},&quot;start_point&quot;:{&quot;unit&quot;:&quot;%&quot;,&quot;size&quot;:0,&quot;sizes&quot;:[]},&quot;end_point&quot;:{&quot;unit&quot;:&quot;%&quot;,&quot;size&quot;:100,&quot;sizes&quot;:[]}}\" data-widget_type=\"lottie.default\">\n\t\t\t\t<div class=\"elementor-widget-container\">\n\t\t\t\t\t<a class=\"e-lottie__container__link\" href=\"#continue\"><div class=\"e-lottie__container\"><div class=\"e-lottie__animation\"><\/div><\/div><\/a>\t\t\t\t<\/div>\n\t\t\t\t<\/div>\n\t\t\t\t\t<\/div>\n\t\t\t\t<\/div>\n\t\t<div class=\"elementor-element elementor-element-ebd7d7b e-flex e-con-boxed e-con e-parent\" data-id=\"ebd7d7b\" data-element_type=\"container\" data-e-type=\"container\" id=\"continue\">\n\t\t\t\t\t<div class=\"e-con-inner\">\n\t\t\t\t<div class=\"elementor-element elementor-element-dacfca9 elementor-widget elementor-widget-heading\" data-id=\"dacfca9\" data-element_type=\"widget\" data-e-type=\"widget\" data-widget_type=\"heading.default\">\n\t\t\t\t<div class=\"elementor-widget-container\">\n\t\t\t\t\t<h2 class=\"elementor-heading-title elementor-size-default\">TRABAJA <span>CON NOSOTROS<\/span><\/h2>\t\t\t\t<\/div>\n\t\t\t\t<\/div>\n\t\t<div class=\"elementor-element elementor-element-796377b e-con-full e-flex e-con e-child\" data-id=\"796377b\" data-element_type=\"container\" data-e-type=\"container\">\n\t\t<div class=\"elementor-element elementor-element-55eb41e e-con-full e-flex e-con e-child\" data-id=\"55eb41e\" data-element_type=\"container\" data-e-type=\"container\">\n\t\t\t\t<div class=\"elementor-element elementor-element-767db45 elementor-widget elementor-widget-text-editor\" data-id=\"767db45\" data-element_type=\"widget\" data-e-type=\"widget\" data-widget_type=\"text-editor.default\">\n\t\t\t\t<div class=\"elementor-widget-container\">\n\t\t\t\t\t\t\t\t\t<p>Como \u00d6ZTEKN\u0130K, creemos firmemente que nuestro mayor activo reside en nuestros recursos humanos cualificados. Nuestros empleados est\u00e1n en el centro de nuestro \u00e9xito, y nos comprometemos a invertir en su crecimiento y bienestar. Mejoramos continuamente todos nuestros procesos, desde la contrataci\u00f3n y la incorporaci\u00f3n hasta la gesti\u00f3n de los derechos personales, los programas integrales de formaci\u00f3n, las oportunidades de desarrollo profesional y un s\u00f3lido sistema de gesti\u00f3n del rendimiento. Nos esforzamos por crear un entorno de trabajo solidario y din\u00e1mico en el que cada miembro del equipo pueda prosperar, crecer y alcanzar todo su potencial.   <\/p>\n<p>Tambi\u00e9n ponemos gran \u00e9nfasis en reconocer y recompensar las contribuciones de nuestros empleados. El valor a\u00f1adido que crean se comparte con ellos a trav\u00e9s de diversas iniciativas dise\u00f1adas para fomentar un sentimiento de pertenencia, motivaci\u00f3n y compromiso dentro de la empresa. Nuestro objetivo es construir un equipo fuerte y cohesionado, dotado de las capacidades y los conocimientos necesarios para impulsar nuestra empresa.  <\/p>\n\t\t\t\t\t\t\t\t<\/div>\n\t\t\t\t<\/div>\n\t\t\t\t<\/div>\n\t\t<div class=\"elementor-element elementor-element-e66e669 e-con-full e-flex e-con e-child\" data-id=\"e66e669\" data-element_type=\"container\" data-e-type=\"container\">\n\t\t\t\t<div class=\"elementor-element elementor-element-02bec06 elementor-widget elementor-widget-heading\" data-id=\"02bec06\" data-element_type=\"widget\" data-e-type=\"widget\" data-widget_type=\"heading.default\">\n\t\t\t\t<div class=\"elementor-widget-container\">\n\t\t\t\t\t<h4 class=\"elementor-heading-title elementor-size-default\">Formulario de solicitud<\/h4>\t\t\t\t<\/div>\n\t\t\t\t<\/div>\n\t\t\t\t<div class=\"elementor-element elementor-element-612bf90 elementor-button-align-stretch elementor-widget elementor-widget-form\" data-id=\"612bf90\" data-element_type=\"widget\" data-e-type=\"widget\" data-settings=\"{&quot;step_next_label&quot;:&quot;Siguiente&quot;,&quot;step_previous_label&quot;:&quot;Anterior&quot;,&quot;button_width&quot;:&quot;100&quot;,&quot;step_type&quot;:&quot;number_text&quot;,&quot;step_icon_shape&quot;:&quot;circle&quot;}\" data-widget_type=\"form.default\">\n\t\t\t\t<div class=\"elementor-widget-container\">\n\t\t\t\t\t\t\t<form class=\"elementor-form\" method=\"post\" name=\"HRform\" aria-label=\"HRform\">\n\t\t\t<input type=\"hidden\" name=\"post_id\" value=\"15902\"\/>\n\t\t\t<input type=\"hidden\" name=\"form_id\" value=\"612bf90\"\/>\n\t\t\t<input type=\"hidden\" name=\"referer_title\" value=\"Recursos Humanos - \u00d6zteknik Oto\" \/>\n\n\t\t\t\t\t\t\t<input type=\"hidden\" name=\"queried_id\" value=\"15902\"\/>\n\t\t\t\n\t\t\t<div class=\"elementor-form-fields-wrapper elementor-labels-\">\n\t\t\t\t\t\t\t\t<div class=\"elementor-field-type-select elementor-field-group elementor-column elementor-field-group-department elementor-col-100 elementor-field-required\">\n\t\t\t\t\t\t\t\t\t\t\t\t<label for=\"form-field-department\" class=\"elementor-field-label elementor-screen-only\">\n\t\t\t\t\t\t\t\tDepartamento\t\t\t\t\t\t\t<\/label>\n\t\t\t\t\t\t\t\t<div class=\"elementor-field elementor-select-wrapper remove-before \">\n\t\t\t<div class=\"select-caret-down-wrapper\">\n\t\t\t\t<svg aria-hidden=\"true\" class=\"e-font-icon-svg e-eicon-caret-down\" viewBox=\"0 0 571.4 571.4\" xmlns=\"http:\/\/www.w3.org\/2000\/svg\"><path d=\"M571 393Q571 407 561 418L311 668Q300 679 286 679T261 668L11 418Q0 407 0 393T11 368 36 357H536Q550 357 561 368T571 393Z\"><\/path><\/svg>\t\t\t<\/div>\n\t\t\t<select name=\"form_fields[department]\" id=\"form-field-department\" class=\"elementor-field-textual elementor-size-sm\" required=\"required\">\n\t\t\t\t\t\t\t\t\t<option value=\"\">Selecciona Departamento<\/option>\n\t\t\t\t\t\t\t\t\t<option value=\"Producci\u00f3n\">Producci\u00f3n<\/option>\n\t\t\t\t\t\t\t\t\t<option value=\"Exportaci\u00f3n\">Exportaci\u00f3n<\/option>\n\t\t\t\t\t\t\t\t\t<option value=\"Contabilidad\">Contabilidad<\/option>\n\t\t\t\t\t\t\t<\/select>\n\t\t<\/div>\n\t\t\t\t\t\t<\/div>\n\t\t\t\t\t\t\t\t<div class=\"elementor-field-type-text elementor-field-group elementor-column elementor-field-group-name elementor-col-100 elementor-field-required\">\n\t\t\t\t\t\t\t\t\t\t\t\t<label for=\"form-field-name\" class=\"elementor-field-label elementor-screen-only\">\n\t\t\t\t\t\t\t\tNombre\t\t\t\t\t\t\t<\/label>\n\t\t\t\t\t\t\t\t\t\t\t\t\t\t<input size=\"1\" type=\"text\" name=\"form_fields[name]\" id=\"form-field-name\" class=\"elementor-field elementor-size-sm  elementor-field-textual\" placeholder=\"Nombre Apellidos\" required=\"required\">\n\t\t\t\t\t\t\t\t\t\t\t<\/div>\n\t\t\t\t\t\t\t\t<div class=\"elementor-field-type-email elementor-field-group elementor-column elementor-field-group-email elementor-col-100 elementor-field-required\">\n\t\t\t\t\t\t\t\t\t\t\t\t<label for=\"form-field-email\" class=\"elementor-field-label elementor-screen-only\">\n\t\t\t\t\t\t\t\tEnv\u00eda un correo electr\u00f3nico a\t\t\t\t\t\t\t<\/label>\n\t\t\t\t\t\t\t\t\t\t\t\t\t\t<input size=\"1\" type=\"email\" name=\"form_fields[email]\" id=\"form-field-email\" class=\"elementor-field elementor-size-sm  elementor-field-textual\" placeholder=\"Env\u00eda un correo electr\u00f3nico a\" required=\"required\">\n\t\t\t\t\t\t\t\t\t\t\t<\/div>\n\t\t\t\t\t\t\t\t<div class=\"elementor-field-type-tel elementor-field-group elementor-column elementor-field-group-phone_number elementor-col-100 elementor-field-required\">\n\t\t\t\t\t\t\t\t\t\t\t\t<label for=\"form-field-phone_number\" class=\"elementor-field-label elementor-screen-only\">\n\t\t\t\t\t\t\t\tTel\u00e9fono\t\t\t\t\t\t\t<\/label>\n\t\t\t\t\t\t\t\t<input size=\"1\" type=\"tel\" name=\"form_fields[phone_number]\" id=\"form-field-phone_number\" class=\"elementor-field elementor-size-sm  elementor-field-textual\" placeholder=\"N\u00famero de tel\u00e9fono\" required=\"required\" pattern=\"[0-9()#&amp;+*-=.]+\" title=\"Solo se aceptan n\u00fameros y caracteres de tel\u00e9fono (#,-,*,etc).\">\n\n\t\t\t\t\t\t<\/div>\n\t\t\t\t\t\t\t\t<div class=\"elementor-field-type-upload elementor-field-group elementor-column elementor-field-group-field_29de756 elementor-col-100 elementor-field-required\">\n\t\t\t\t\t\t\t\t\t\t\t\t<label for=\"form-field-field_29de756\" class=\"elementor-field-label elementor-screen-only\">\n\t\t\t\t\t\t\t\tCV\t\t\t\t\t\t\t<\/label>\n\t\t\t\t\t\t\t\t<input type=\"file\" name=\"form_fields[field_29de756][]\" id=\"form-field-field_29de756\" class=\"elementor-field elementor-size-sm  elementor-upload-field\" required=\"required\" multiple=\"multiple\" data-maxsize=\"10\" data-maxsize-message=\"Este archivo excede el tama\u00f1o m\u00e1ximo permitido.\">\n\n\t\t\t\t\t\t<\/div>\n\t\t\t\t\t\t\t\t<div class=\"elementor-field-group elementor-column elementor-field-type-submit elementor-col-100 e-form__buttons\">\n\t\t\t\t\t<button class=\"elementor-button elementor-size-sm\" type=\"submit\">\n\t\t\t\t\t\t<span class=\"elementor-button-content-wrapper\">\n\t\t\t\t\t\t\t\t\t\t\t\t\t\t\t\t\t\t\t\t\t\t<span class=\"elementor-button-text\">Env\u00eda<\/span>\n\t\t\t\t\t\t\t\t\t\t\t\t\t<\/span>\n\t\t\t\t\t<\/button>\n\t\t\t\t<\/div>\n\t\t\t<\/div>\n\t\t<\/form>\n\t\t\t\t\t\t<\/div>\n\t\t\t\t<\/div>\n\t\t\t\t<\/div>\n\t\t\t\t<\/div>\n\t\t\t\t\t<\/div>\n\t\t\t\t<\/div>\n\t\t\t\t<\/div>\n\t\t","protected":false},"excerpt":{"rendered":"<p>RECURSOS HUMANOS TRABAJA CON NOSOTROS Como \u00d6ZTEKN\u0130K, creemos firmemente que nuestro mayor activo reside en nuestros recursos humanos cualificados. Nuestros empleados est\u00e1n en el centro de nuestro \u00e9xito, y nos comprometemos a invertir en su crecimiento y bienestar. Mejoramos continuamente todos nuestros procesos, desde la contrataci\u00f3n y la incorporaci\u00f3n hasta la gesti\u00f3n de los derechos personales, los programas integrales de formaci\u00f3n, las oportunidades de desarrollo profesional y un s\u00f3lido sistema de gesti\u00f3n del rendimiento. Nos esforzamos por crear un entorno de trabajo solidario y din\u00e1mico en el que cada miembro del equipo pueda prosperar, crecer y alcanzar todo su potencial. Tambi\u00e9n ponemos gran \u00e9nfasis en reconocer y recompensar las contribuciones de nuestros empleados. El valor a\u00f1adido que crean se comparte con ellos a trav\u00e9s de diversas iniciativas dise\u00f1adas para fomentar un sentimiento de pertenencia, motivaci\u00f3n y compromiso dentro de la empresa. Nuestro objetivo es construir un equipo fuerte y cohesionado, dotado de las capacidades y los conocimientos necesarios para impulsar nuestra empresa. Formulario de solicitud<\/p>\n","protected":false},"author":1,"featured_media":0,"parent":0,"menu_order":0,"comment_status":"closed","ping_status":"closed","template":"","meta":{"_acf_changed":false,"footnotes":""},"class_list":["post-15902","page","type-page","status-publish","hentry"],"acf":[],"_links":{"self":[{"href":"https:\/\/ozteknikoto.com\/es\/wp-json\/wp\/v2\/pages\/15902","targetHints":{"allow":["GET"]}}],"collection":[{"href":"https:\/\/ozteknikoto.com\/es\/wp-json\/wp\/v2\/pages"}],"about":[{"href":"https:\/\/ozteknikoto.com\/es\/wp-json\/wp\/v2\/types\/page"}],"author":[{"embeddable":true,"href":"https:\/\/ozteknikoto.com\/es\/wp-json\/wp\/v2\/users\/1"}],"replies":[{"embeddable":true,"href":"https:\/\/ozteknikoto.com\/es\/wp-json\/wp\/v2\/comments?post=15902"}],"version-history":[{"count":1,"href":"https:\/\/ozteknikoto.com\/es\/wp-json\/wp\/v2\/pages\/15902\/revisions"}],"predecessor-version":[{"id":15904,"href":"https:\/\/ozteknikoto.com\/es\/wp-json\/wp\/v2\/pages\/15902\/revisions\/15904"}],"wp:attachment":[{"href":"https:\/\/ozteknikoto.com\/es\/wp-json\/wp\/v2\/media?parent=15902"}],"curies":[{"name":"wp","href":"https:\/\/api.w.org\/{rel}","templated":true}]}}