{"id":15896,"date":"2024-08-13T06:02:55","date_gmt":"2024-08-13T06:02:55","guid":{"rendered":"https:\/\/ozteknikoto.com\/acerca-de\/"},"modified":"2024-11-04T11:06:31","modified_gmt":"2024-11-04T11:06:31","slug":"acerca-de","status":"publish","type":"page","link":"https:\/\/ozteknikoto.com\/es\/acerca-de\/","title":{"rendered":"Acerca de"},"content":{"rendered":"\t\t<div data-elementor-type=\"wp-page\" data-elementor-id=\"15896\" class=\"elementor elementor-15896 elementor-227\" data-elementor-post-type=\"page\">\n\t\t\t\t<div class=\"elementor-element elementor-element-1441825 e-flex e-con-boxed e-con e-parent\" data-id=\"1441825\" data-element_type=\"container\" data-e-type=\"container\" data-settings=\"{&quot;background_background&quot;:&quot;classic&quot;}\">\n\t\t\t\t\t<div class=\"e-con-inner\">\n\t\t\t\t<div class=\"elementor-element elementor-element-35c9664 elementor-widget__width-inherit elementor-widget elementor-widget-heading\" data-id=\"35c9664\" data-element_type=\"widget\" data-e-type=\"widget\" data-widget_type=\"heading.default\">\n\t\t\t\t<div class=\"elementor-widget-container\">\n\t\t\t\t\t<h1 class=\"elementor-heading-title elementor-size-default\">SOBRE \u00d6ZTEKN\u0130K<\/h1>\t\t\t\t<\/div>\n\t\t\t\t<\/div>\n\t\t\t\t<div class=\"elementor-element elementor-element-9c72d8a elementor-align-center elementor-widget elementor-widget-lottie\" data-id=\"9c72d8a\" data-element_type=\"widget\" data-e-type=\"widget\" data-settings=\"{&quot;source_json&quot;:{&quot;url&quot;:&quot;https:\\\/\\\/ozteknikoto.com\\\/wp-content\\\/uploads\\\/2024\\\/09\\\/scroll-down.json&quot;,&quot;id&quot;:7596,&quot;size&quot;:&quot;&quot;,&quot;alt&quot;:&quot;&quot;,&quot;source&quot;:&quot;library&quot;},&quot;link_to&quot;:&quot;custom&quot;,&quot;custom_link&quot;:{&quot;url&quot;:&quot;#continue&quot;,&quot;is_external&quot;:&quot;&quot;,&quot;nofollow&quot;:&quot;&quot;,&quot;custom_attributes&quot;:&quot;&quot;},&quot;loop&quot;:&quot;yes&quot;,&quot;renderer&quot;:&quot;canvas&quot;,&quot;source&quot;:&quot;media_file&quot;,&quot;caption_source&quot;:&quot;none&quot;,&quot;trigger&quot;:&quot;arriving_to_viewport&quot;,&quot;viewport&quot;:{&quot;unit&quot;:&quot;%&quot;,&quot;size&quot;:&quot;&quot;,&quot;sizes&quot;:{&quot;start&quot;:0,&quot;end&quot;:100}},&quot;play_speed&quot;:{&quot;unit&quot;:&quot;px&quot;,&quot;size&quot;:1,&quot;sizes&quot;:[]},&quot;start_point&quot;:{&quot;unit&quot;:&quot;%&quot;,&quot;size&quot;:0,&quot;sizes&quot;:[]},&quot;end_point&quot;:{&quot;unit&quot;:&quot;%&quot;,&quot;size&quot;:100,&quot;sizes&quot;:[]}}\" data-widget_type=\"lottie.default\">\n\t\t\t\t<div class=\"elementor-widget-container\">\n\t\t\t\t\t<a class=\"e-lottie__container__link\" href=\"#continue\"><div class=\"e-lottie__container\"><div class=\"e-lottie__animation\"><\/div><\/div><\/a>\t\t\t\t<\/div>\n\t\t\t\t<\/div>\n\t\t\t\t\t<\/div>\n\t\t\t\t<\/div>\n\t\t<div class=\"elementor-element elementor-element-9ae6b0e e-flex e-con-boxed e-con e-parent\" data-id=\"9ae6b0e\" data-element_type=\"container\" data-e-type=\"container\" id=\"continue\">\n\t\t\t\t\t<div class=\"e-con-inner\">\n\t\t<div class=\"elementor-element elementor-element-fc38270 e-con-full e-flex e-con e-child\" data-id=\"fc38270\" data-element_type=\"container\" data-e-type=\"container\">\n\t\t\t\t<div class=\"elementor-element elementor-element-043c56c elementor-widget elementor-widget-text-editor\" data-id=\"043c56c\" data-element_type=\"widget\" data-e-type=\"widget\" data-widget_type=\"text-editor.default\">\n\t\t\t\t<div class=\"elementor-widget-container\">\n\t\t\t\t\t\t\t\t\t<p><span style=\"font-weight: 400;\">La empresa fue fundada por \u0130brahim \u00d6zt\u00fcrk en 1971 para operar en la industria del autom\u00f3vil en un peque\u00f1o taller de 50 m2.<\/span><\/p>\n<p><span style=\"font-weight: 400;\">La empresa fabrica diversas piezas de autom\u00f3vil desde el d\u00eda de su fundaci\u00f3n. Hoy en d\u00eda, contin\u00faa sus operaciones de producci\u00f3n con sus marcas en 3 grupos de productos principales: EGEROT, HYDCAB, REVOL en una superficie total de 30.000 m2 para los fabricantes de equipos originales y el mercado de recambios posventa en sus dos instalaciones de Esmirna. <\/span><\/p>\n<p><span style=\"font-weight: 400;\">Con m\u00e1s de 50 a\u00f1os de presencia en el sector de la automoci\u00f3n, la empresa ha estado gestionando las relaciones cuidadosamente para comprender mejor las necesidades y expectativas de los socios comerciales. La empresa ha aumentado la variedad de productos para satisfacer las demandas cambiantes y garantizar la continuidad del suministro sin comprometer la calidad. <\/span><\/p>\n<p><span style=\"font-weight: 400;\">Como Grupo \u00d6zteknik, al revelar nuestro potencial, procedemos de acuerdo con nuestra visi\u00f3n de ser una potencia orientada a la estrategia que mejora constantemente junto con todas nuestras partes interesadas y que aporta valor a\u00f1adido a la industria. Nuestra empresa presta servicios para automoci\u00f3n, maquinaria agr\u00edcola, equipos de construcci\u00f3n y veh\u00edculos pesados. Se basa en la misi\u00f3n de contribuir al desarrollo de la imagen de \u00abFabricado en Turqu\u00eda\u00bb con los productos que dise\u00f1a y produce, actuando teniendo en cuenta los valores corporativos.  <\/span><\/p>\n\t\t\t\t\t\t\t\t<\/div>\n\t\t\t\t<\/div>\n\t\t\t\t<\/div>\n\t\t\t\t\t<\/div>\n\t\t\t\t<\/div>\n\t\t<div class=\"elementor-element elementor-element-4a5d025 e-flex e-con-boxed e-con e-parent\" data-id=\"4a5d025\" data-element_type=\"container\" data-e-type=\"container\">\n\t\t\t\t\t<div class=\"e-con-inner\">\n\t\t\t\t<div class=\"elementor-element elementor-element-d53b3eb elementor-widget elementor-widget-heading\" data-id=\"d53b3eb\" data-element_type=\"widget\" data-e-type=\"widget\" data-widget_type=\"heading.default\">\n\t\t\t\t<div class=\"elementor-widget-container\">\n\t\t\t\t\t<h4 class=\"elementor-heading-title elementor-size-default\">HITOS<\/h4>\t\t\t\t<\/div>\n\t\t\t\t<\/div>\n\t\t\t\t<div class=\"elementor-element elementor-element-1075f9e elementor-widget elementor-widget-heading\" data-id=\"1075f9e\" data-element_type=\"widget\" data-e-type=\"widget\" data-widget_type=\"heading.default\">\n\t\t\t\t<div class=\"elementor-widget-container\">\n\t\t\t\t\t<h2 class=\"elementor-heading-title elementor-size-default\">DESDE 1971 <span>HASTA LA ACTUALIDAD<\/span><\/h2>\t\t\t\t<\/div>\n\t\t\t\t<\/div>\n\t\t\t\t<div class=\"elementor-element elementor-element-7b2c862 elementor-widget elementor-widget-text-editor\" data-id=\"7b2c862\" data-element_type=\"widget\" data-e-type=\"widget\" data-widget_type=\"text-editor.default\">\n\t\t\t\t<div class=\"elementor-widget-container\">\n\t\t\t\t\t\t\t\t\t<p>Al dejar atr\u00e1s 50 a\u00f1os en el viaje de la producci\u00f3n que la Empresa inici\u00f3 en 1971, ha experimentado varios hitos.<br \/>Hemos crecido con cada experiencia, hemos aprendido mientras crec\u00edamos y hemos desarrollado nuestras operaciones mientras aprend\u00edamos. Seguimos inspir\u00e1ndonos en el pasado y hemos mantenido nuestra convicci\u00f3n de producir mejor mientras construimos el futuro. <\/p>\n\t\t\t\t\t\t\t\t<\/div>\n\t\t\t\t<\/div>\n\t\t\t\t<div class=\"elementor-element elementor-element-8564cd4 elementor-widget elementor-widget-timeline-widget-addon\" data-id=\"8564cd4\" data-element_type=\"widget\" data-e-type=\"widget\" data-widget_type=\"timeline-widget-addon.default\">\n\t\t\t\t<div class=\"elementor-widget-container\">\n\t\t\t\t\t<!-- ========= Timeline Widget Addon For Elementor 1.6.23 ========= -->\n<div id=\"twae-wrapper-8564cd4\" class=\"twae-vertical twae-wrapper  twae-both-sided\">   \n    <div class=\"twae-start\"><\/div>    \n    <div id=\"twea-timeline-8564cd4\" class=\"twae-timeline\" ><!-- Start of Story Repeater Content --><div id=\"story-85ecd81\" class=\"twae-story twae-repeater-item twae-story-right twae-story-no-icon\"><!-- Story Label --><div class=\"twae-labels\"><div class=\"twae-label-big\">1971<\/div><\/div><!-- Story Icon --><div class=\"twae-icon\"><i aria-hidden=\"true\" class=\"far fa-clock\"><\/i><\/div><!-- Story Arrow --><div class=\"twae-arrow\"><\/div><!-- Start of Story Content --><div class=\"twae-content\"><!-- Story Title --><div class=\"twae-title\">La empresa fue fundada por \u0130brahim \u00d6zt\u00fcrk para la fabricaci\u00f3n de moldes.<\/div><\/div><\/div><!-- Start of Story Repeater Content --><div id=\"story-409c914\" class=\"twae-story twae-repeater-item twae-story-left twae-story-no-icon\"><!-- Story Label --><div class=\"twae-labels\"><div class=\"twae-label-big\">1975<\/div><\/div><!-- Story Icon --><div class=\"twae-icon\"><i aria-hidden=\"true\" class=\"far fa-clock\"><\/i><\/div><!-- Story Arrow --><div class=\"twae-arrow\"><\/div><!-- Start of Story Content --><div class=\"twae-content\"><!-- Story Title --><div class=\"twae-title\">Se inici\u00f3 el primer contacto importante con la industria.<\/div><\/div><\/div><!-- Start of Story Repeater Content --><div id=\"story-4c1ec4b\" class=\"twae-story twae-repeater-item twae-story-right twae-story-no-icon\"><!-- Story Label --><div class=\"twae-labels\"><div class=\"twae-label-big\">1988<\/div><\/div><!-- Story Icon --><div class=\"twae-icon\"><i aria-hidden=\"true\" class=\"far fa-clock\"><\/i><\/div><!-- Story Arrow --><div class=\"twae-arrow\"><\/div><!-- Start of Story Content --><div class=\"twae-content\"><!-- Story Title --><div class=\"twae-title\">La instalaci\u00f3n se traslad\u00f3 a la nueva de P\u0131narba\u015f\u0131, Esmirna, y se continu\u00f3 el suministro de productos para las principales empresas de la industria como Tier 1 y Tier 2.<\/div><\/div><\/div><!-- Start of Story Repeater Content --><div id=\"story-7c8777b\" class=\"twae-story twae-repeater-item twae-story-left twae-story-no-icon\"><!-- Story Label --><div class=\"twae-labels\"><div class=\"twae-label-big\">1996<\/div><\/div><!-- Story Icon --><div class=\"twae-icon\"><i aria-hidden=\"true\" class=\"far fa-clock\"><\/i><\/div><!-- Story Arrow --><div class=\"twae-arrow\"><\/div><!-- Start of Story Content --><div class=\"twae-content\"><!-- Story Title --><div class=\"twae-title\">\u00d6zteknik Motorlu Ta\u015f\u0131tlar ve Mak. San. Tic. Ltd. \u015eti. se fund\u00f3 sobre la base de la reorganizaci\u00f3n.     <\/div><\/div><\/div><!-- Start of Story Repeater Content --><div id=\"story-61aeb94\" class=\"twae-story twae-repeater-item twae-story-right twae-story-no-icon\"><!-- Story Label --><div class=\"twae-labels\"><div class=\"twae-label-big\">2001<\/div><\/div><!-- Story Icon --><div class=\"twae-icon\"><i aria-hidden=\"true\" class=\"far fa-clock\"><\/i><\/div><!-- Story Arrow --><div class=\"twae-arrow\"><\/div><!-- Start of Story Content --><div class=\"twae-content\"><!-- Story Title --><div class=\"twae-title\">Se obtuvo la certificaci\u00f3n del Sistema de Gesti\u00f3n de la Calidad ISO 9001: 2000.<\/div><\/div><\/div><!-- Start of Story Repeater Content --><div id=\"story-7fe9cce\" class=\"twae-story twae-repeater-item twae-story-left twae-story-no-icon\"><!-- Story Label --><div class=\"twae-labels\"><div class=\"twae-label-big\">2003<\/div><\/div><!-- Story Icon --><div class=\"twae-icon\"><i aria-hidden=\"true\" class=\"far fa-clock\"><\/i><\/div><!-- Story Arrow --><div class=\"twae-arrow\"><\/div><!-- Start of Story Content --><div class=\"twae-content\"><!-- Story Title --><div class=\"twae-title\">La f\u00e1brica se traslad\u00f3 a la nueva de Kemalpa\u015fa, en Esmirna.<\/div><\/div><\/div><!-- Start of Story Repeater Content --><div id=\"story-148982e\" class=\"twae-story twae-repeater-item twae-story-right twae-story-no-icon\"><!-- Story Label --><div class=\"twae-labels\"><div class=\"twae-label-big\">2004<\/div><\/div><!-- Story Icon --><div class=\"twae-icon\"><i aria-hidden=\"true\" class=\"far fa-clock\"><\/i><\/div><!-- Story Arrow --><div class=\"twae-arrow\"><\/div><!-- Start of Story Content --><div class=\"twae-content\"><!-- Story Title --><div class=\"twae-title\">La marca HYDCAB se fund\u00f3 invirtiendo en la producci\u00f3n de sistemas de elevaci\u00f3n de cabinas para equipos comerciales pesados.<\/div><\/div><\/div><!-- Start of Story Repeater Content --><div id=\"story-8f9f56f\" class=\"twae-story twae-repeater-item twae-story-left twae-story-no-icon\"><!-- Story Label --><div class=\"twae-labels\"><div class=\"twae-label-big\">2005<\/div><\/div><!-- Story Icon --><div class=\"twae-icon\"><i aria-hidden=\"true\" class=\"far fa-clock\"><\/i><\/div><!-- Story Arrow --><div class=\"twae-arrow\"><\/div><!-- Start of Story Content --><div class=\"twae-content\"><!-- Story Title --><div class=\"twae-title\">El registro de la marca se realiz\u00f3 para EGEROT invirtiendo en la producci\u00f3n de sistemas de direcci\u00f3n y suspensi\u00f3n para equipos comerciales pesados.<\/div><\/div><\/div><!-- Start of Story Repeater Content --><div id=\"story-aeba6f8\" class=\"twae-story twae-repeater-item twae-story-right twae-story-no-icon\"><!-- Story Label --><div class=\"twae-labels\"><div class=\"twae-label-big\">2006<\/div><\/div><!-- Story Icon --><div class=\"twae-icon\"><i aria-hidden=\"true\" class=\"far fa-clock\"><\/i><\/div><!-- Story Arrow --><div class=\"twae-arrow\"><\/div><!-- Start of Story Content --><div class=\"twae-content\"><!-- Story Title --><div class=\"twae-title\">La empresa de comercio exterior, EgeROT San. Tic. Ltd. \u015eti.    <\/div><\/div><\/div><!-- Start of Story Repeater Content --><div id=\"story-762ab4c\" class=\"twae-story twae-repeater-item twae-story-left twae-story-no-icon\"><!-- Story Label --><div class=\"twae-labels\"><div class=\"twae-label-big\">2007<\/div><\/div><!-- Story Icon --><div class=\"twae-icon\"><i aria-hidden=\"true\" class=\"far fa-clock\"><\/i><\/div><!-- Story Arrow --><div class=\"twae-arrow\"><\/div><!-- Start of Story Content --><div class=\"twae-content\"><!-- Story Title --><div class=\"twae-title\">Se obtuvo la certificaci\u00f3n del Sistema de Gesti\u00f3n de la Calidad ISO TS 16949: 2002.<\/div><\/div><\/div><!-- Start of Story Repeater Content --><div id=\"story-2786a24\" class=\"twae-story twae-repeater-item twae-story-right twae-story-no-icon\"><!-- Story Label --><div class=\"twae-labels\"><div class=\"twae-label-big\">2009<\/div><\/div><!-- Story Icon --><div class=\"twae-icon\"><i aria-hidden=\"true\" class=\"far fa-clock\"><\/i><\/div><!-- Story Arrow --><div class=\"twae-arrow\"><\/div><!-- Start of Story Content --><div class=\"twae-content\"><!-- Story Title --><div class=\"twae-title\">La planta de forja en caliente Ta\u015fsan A.\u015e. se uni\u00f3 al Grupo \u00d6zteknik.<\/div><\/div><\/div><!-- Start of Story Repeater Content --><div id=\"story-34b1f81\" class=\"twae-story twae-repeater-item twae-story-left twae-story-no-icon\"><!-- Story Label --><div class=\"twae-labels\"><div class=\"twae-label-big\">2012<\/div><\/div><!-- Story Icon --><div class=\"twae-icon\"><i aria-hidden=\"true\" class=\"far fa-clock\"><\/i><\/div><!-- Story Arrow --><div class=\"twae-arrow\"><\/div><!-- Start of Story Content --><div class=\"twae-content\"><!-- Story Title --><div class=\"twae-title\">La empresa invirti\u00f3 en la producci\u00f3n de cilindros auxiliares de direcci\u00f3n para maquinaria comercial pesada. Se obtuvo una patente para el elemento de cojinete con un cojinete exterior recubierto de metal que se produce inyectando pl\u00e1stico. <\/div><\/div><\/div><!-- Start of Story Repeater Content --><div id=\"story-f886623\" class=\"twae-story twae-repeater-item twae-story-right twae-story-no-icon\"><!-- Story Label --><div class=\"twae-labels\"><div class=\"twae-label-big\">2013<\/div><\/div><!-- Story Icon --><div class=\"twae-icon\"><i aria-hidden=\"true\" class=\"far fa-clock\"><\/i><\/div><!-- Story Arrow --><div class=\"twae-arrow\"><\/div><!-- Start of Story Content --><div class=\"twae-content\"><!-- Story Title --><div class=\"twae-title\">La marca REVOL se fund\u00f3 invirtiendo en la producci\u00f3n de embragues para maquinaria comercial pesada.<\/div><\/div><\/div><!-- Start of Story Repeater Content --><div id=\"story-4d677ec\" class=\"twae-story twae-repeater-item twae-story-left twae-story-no-icon\"><!-- Story Label --><div class=\"twae-labels\"><div class=\"twae-label-big\">2016<\/div><\/div><!-- Story Icon --><div class=\"twae-icon\"><i aria-hidden=\"true\" class=\"far fa-clock\"><\/i><\/div><!-- Story Arrow --><div class=\"twae-arrow\"><\/div><!-- Start of Story Content --><div class=\"twae-content\"><!-- Story Title --><div class=\"twae-title\">Se logr\u00f3 el proceso de obtenci\u00f3n del modelo de utilidad sobre el desarrollo de la tecnolog\u00eda de producci\u00f3n del anillo de sujeci\u00f3n.<\/div><\/div><\/div><!-- Start of Story Repeater Content --><div id=\"story-95a2cba\" class=\"twae-story twae-repeater-item twae-story-right twae-story-no-icon\"><!-- Story Label --><div class=\"twae-labels\"><div class=\"twae-label-big\">2020<\/div><\/div><!-- Story Icon --><div class=\"twae-icon\"><i aria-hidden=\"true\" class=\"far fa-clock\"><\/i><\/div><!-- Story Arrow --><div class=\"twae-arrow\"><\/div><!-- Start of Story Content --><div class=\"twae-content\"><!-- Story Title --><div class=\"twae-title\">Se logr\u00f3 el proceso de obtenci\u00f3n del modelo de utilidad sobre soldadura de puerto\/manguito con el m\u00e9todo de soldadura por proyecci\u00f3n de la m\u00e1quina de soldadura por resistencia en cilindros hidr\u00e1ulicos. La empresa empez\u00f3 a fabricar piezas para m\u00e1quinas de construcci\u00f3n y equipos agr\u00edcolas. <\/div><\/div><\/div><\/div>\n    <div class=\"twae-end\"><\/div>\n    <\/div><style type=\"text\/css\">@media (max-width: 1024px){ .twae-wrapper{--tw-ybx-size: 80px !important;}}@media (max-width: 767px){ .twae-wrapper{--tw-ybx-size: 80px !important}}<\/style>\t\t\t\t<\/div>\n\t\t\t\t<\/div>\n\t\t\t\t\t<\/div>\n\t\t\t\t<\/div>\n\t\t\t\t<\/div>\n\t\t","protected":false},"excerpt":{"rendered":"<p>SOBRE \u00d6ZTEKN\u0130K La empresa fue fundada por \u0130brahim \u00d6zt\u00fcrk en 1971 para operar en la industria del autom\u00f3vil en un peque\u00f1o taller de 50 m2. La empresa fabrica diversas piezas de autom\u00f3vil desde el d\u00eda de su fundaci\u00f3n. Hoy en d\u00eda, contin\u00faa sus operaciones de producci\u00f3n con sus marcas en 3 grupos de productos principales: EGEROT, HYDCAB, REVOL en una superficie total de 30.000 m2 para los fabricantes de equipos originales y el mercado de recambios posventa en sus dos instalaciones de Esmirna. Con m\u00e1s de 50 a\u00f1os de presencia en el sector de la automoci\u00f3n, la empresa ha estado gestionando las relaciones cuidadosamente para comprender mejor las necesidades y expectativas de los socios comerciales. La empresa ha aumentado la variedad de productos para satisfacer las demandas cambiantes y garantizar la continuidad del suministro sin comprometer la calidad. Como Grupo \u00d6zteknik, al revelar nuestro potencial, procedemos de acuerdo con nuestra visi\u00f3n de ser una potencia orientada a la estrategia que mejora constantemente junto con todas nuestras partes interesadas y que aporta valor a\u00f1adido a la industria. Nuestra empresa presta servicios para automoci\u00f3n, maquinaria agr\u00edcola, equipos de construcci\u00f3n y veh\u00edculos pesados. Se basa en la misi\u00f3n de contribuir al desarrollo de la imagen de \u00abFabricado en Turqu\u00eda\u00bb con los productos que dise\u00f1a y produce, actuando teniendo en cuenta los valores corporativos. HITOS DESDE 1971 HASTA LA ACTUALIDAD Al dejar atr\u00e1s 50 a\u00f1os en el viaje de la producci\u00f3n que la Empresa inici\u00f3 en 1971, ha experimentado varios hitos.Hemos crecido con cada experiencia, hemos aprendido mientras crec\u00edamos y hemos desarrollado nuestras operaciones mientras aprend\u00edamos. Seguimos inspir\u00e1ndonos en el pasado y hemos mantenido nuestra convicci\u00f3n de producir mejor mientras construimos el futuro. 1971La empresa fue fundada por \u0130brahim \u00d6zt\u00fcrk para la fabricaci\u00f3n de moldes.1975Se inici\u00f3 el primer contacto importante con la industria.1988La instalaci\u00f3n se traslad\u00f3 a la nueva de P\u0131narba\u015f\u0131, Esmirna, y se continu\u00f3 el suministro de productos para las principales empresas de la industria como Tier 1 y Tier 2.1996\u00d6zteknik Motorlu Ta\u015f\u0131tlar ve Mak. San. Tic. Ltd. \u015eti. se fund\u00f3 sobre la base de la reorganizaci\u00f3n. 2001Se obtuvo la certificaci\u00f3n del Sistema de Gesti\u00f3n de la Calidad ISO 9001: 2000.2003La f\u00e1brica se traslad\u00f3 a la nueva de Kemalpa\u015fa, en Esmirna.2004La marca HYDCAB se fund\u00f3 invirtiendo en la producci\u00f3n de sistemas de elevaci\u00f3n de cabinas para equipos comerciales pesados.2005El registro de la marca se realiz\u00f3 para EGEROT invirtiendo en la producci\u00f3n de sistemas de direcci\u00f3n y suspensi\u00f3n para equipos comerciales pesados.2006La empresa de comercio exterior, EgeROT San. Tic. Ltd. \u015eti. 2007Se obtuvo la certificaci\u00f3n del Sistema de Gesti\u00f3n de la Calidad ISO TS 16949: 2002.2009La planta de forja en caliente Ta\u015fsan A.\u015e. se uni\u00f3 al Grupo \u00d6zteknik.2012La empresa invirti\u00f3 en la producci\u00f3n de cilindros auxiliares de direcci\u00f3n para maquinaria comercial pesada. Se obtuvo una patente para el elemento de cojinete con un cojinete exterior recubierto de metal que se produce inyectando pl\u00e1stico. 2013La marca REVOL se fund\u00f3 invirtiendo en la producci\u00f3n de embragues para maquinaria comercial pesada.2016Se logr\u00f3 el proceso de obtenci\u00f3n del modelo de utilidad sobre el desarrollo de la tecnolog\u00eda de producci\u00f3n del anillo de sujeci\u00f3n.2020Se logr\u00f3 el proceso de obtenci\u00f3n del modelo de utilidad sobre soldadura de puerto\/manguito con el m\u00e9todo de soldadura por proyecci\u00f3n de la m\u00e1quina de soldadura por resistencia en cilindros hidr\u00e1ulicos. La empresa empez\u00f3 a fabricar piezas para m\u00e1quinas de construcci\u00f3n y equipos agr\u00edcolas.<\/p>\n","protected":false},"author":1,"featured_media":0,"parent":0,"menu_order":0,"comment_status":"closed","ping_status":"closed","template":"","meta":{"_acf_changed":false,"footnotes":""},"class_list":["post-15896","page","type-page","status-publish","hentry"],"acf":[],"_links":{"self":[{"href":"https:\/\/ozteknikoto.com\/es\/wp-json\/wp\/v2\/pages\/15896","targetHints":{"allow":["GET"]}}],"collection":[{"href":"https:\/\/ozteknikoto.com\/es\/wp-json\/wp\/v2\/pages"}],"about":[{"href":"https:\/\/ozteknikoto.com\/es\/wp-json\/wp\/v2\/types\/page"}],"author":[{"embeddable":true,"href":"https:\/\/ozteknikoto.com\/es\/wp-json\/wp\/v2\/users\/1"}],"replies":[{"embeddable":true,"href":"https:\/\/ozteknikoto.com\/es\/wp-json\/wp\/v2\/comments?post=15896"}],"version-history":[{"count":1,"href":"https:\/\/ozteknikoto.com\/es\/wp-json\/wp\/v2\/pages\/15896\/revisions"}],"predecessor-version":[{"id":15897,"href":"https:\/\/ozteknikoto.com\/es\/wp-json\/wp\/v2\/pages\/15896\/revisions\/15897"}],"wp:attachment":[{"href":"https:\/\/ozteknikoto.com\/es\/wp-json\/wp\/v2\/media?parent=15896"}],"curies":[{"name":"wp","href":"https:\/\/api.w.org\/{rel}","templated":true}]}}