{"id":15961,"date":"2024-08-15T07:53:37","date_gmt":"2024-08-15T07:53:37","guid":{"rendered":"https:\/\/ozteknikoto.com\/zertifikate\/"},"modified":"2024-11-04T11:07:26","modified_gmt":"2024-11-04T11:07:26","slug":"zertifikate","status":"publish","type":"page","link":"https:\/\/ozteknikoto.com\/de\/zertifikate\/","title":{"rendered":"Zertifikate"},"content":{"rendered":"\t\t<div data-elementor-type=\"wp-page\" data-elementor-id=\"15961\" class=\"elementor elementor-15961 elementor-410\" data-elementor-post-type=\"page\">\n\t\t\t\t<div class=\"elementor-element elementor-element-aa9bdea e-flex e-con-boxed e-con e-parent\" data-id=\"aa9bdea\" data-element_type=\"container\" data-e-type=\"container\" data-settings=\"{&quot;background_background&quot;:&quot;classic&quot;}\">\n\t\t\t\t\t<div class=\"e-con-inner\">\n\t\t\t\t<div class=\"elementor-element elementor-element-9d04be8 elementor-widget__width-inherit elementor-widget elementor-widget-heading\" data-id=\"9d04be8\" data-element_type=\"widget\" data-e-type=\"widget\" data-widget_type=\"heading.default\">\n\t\t\t\t<div class=\"elementor-widget-container\">\n\t\t\t\t\t<h1 class=\"elementor-heading-title elementor-size-default\">ZERTIFIKATE<\/h1>\t\t\t\t<\/div>\n\t\t\t\t<\/div>\n\t\t\t\t<div class=\"elementor-element elementor-element-2395b22 elementor-align-center elementor-widget elementor-widget-lottie\" data-id=\"2395b22\" data-element_type=\"widget\" data-e-type=\"widget\" data-settings=\"{&quot;source_json&quot;:{&quot;url&quot;:&quot;https:\\\/\\\/ozteknikoto.com\\\/wp-content\\\/uploads\\\/2024\\\/09\\\/scroll-down.json&quot;,&quot;id&quot;:7596,&quot;size&quot;:&quot;&quot;,&quot;alt&quot;:&quot;&quot;,&quot;source&quot;:&quot;library&quot;},&quot;link_to&quot;:&quot;custom&quot;,&quot;custom_link&quot;:{&quot;url&quot;:&quot;#continue&quot;,&quot;is_external&quot;:&quot;&quot;,&quot;nofollow&quot;:&quot;&quot;,&quot;custom_attributes&quot;:&quot;&quot;},&quot;loop&quot;:&quot;yes&quot;,&quot;renderer&quot;:&quot;canvas&quot;,&quot;source&quot;:&quot;media_file&quot;,&quot;caption_source&quot;:&quot;none&quot;,&quot;trigger&quot;:&quot;arriving_to_viewport&quot;,&quot;viewport&quot;:{&quot;unit&quot;:&quot;%&quot;,&quot;size&quot;:&quot;&quot;,&quot;sizes&quot;:{&quot;start&quot;:0,&quot;end&quot;:100}},&quot;play_speed&quot;:{&quot;unit&quot;:&quot;px&quot;,&quot;size&quot;:1,&quot;sizes&quot;:[]},&quot;start_point&quot;:{&quot;unit&quot;:&quot;%&quot;,&quot;size&quot;:0,&quot;sizes&quot;:[]},&quot;end_point&quot;:{&quot;unit&quot;:&quot;%&quot;,&quot;size&quot;:100,&quot;sizes&quot;:[]}}\" data-widget_type=\"lottie.default\">\n\t\t\t\t<div class=\"elementor-widget-container\">\n\t\t\t\t\t<a class=\"e-lottie__container__link\" href=\"#continue\"><div class=\"e-lottie__container\"><div class=\"e-lottie__animation\"><\/div><\/div><\/a>\t\t\t\t<\/div>\n\t\t\t\t<\/div>\n\t\t\t\t\t<\/div>\n\t\t\t\t<\/div>\n\t\t<div class=\"elementor-element elementor-element-dfdbc4e e-flex e-con-boxed e-con e-parent\" data-id=\"dfdbc4e\" data-element_type=\"container\" data-e-type=\"container\" id=\"continue\">\n\t\t\t\t\t<div class=\"e-con-inner\">\n\t\t\t\t<div class=\"elementor-element elementor-element-e8e4224 elementor-widget elementor-widget-heading\" data-id=\"e8e4224\" data-element_type=\"widget\" data-e-type=\"widget\" data-widget_type=\"heading.default\">\n\t\t\t\t<div class=\"elementor-widget-container\">\n\t\t\t\t\t<h2 class=\"elementor-heading-title elementor-size-default\">IMMER <span>DAS BESTE<\/span><\/h2>\t\t\t\t<\/div>\n\t\t\t\t<\/div>\n\t\t\t\t<div class=\"elementor-element elementor-element-e6c4823 elementor-widget elementor-widget-text-editor\" data-id=\"e6c4823\" data-element_type=\"widget\" data-e-type=\"widget\" data-widget_type=\"text-editor.default\">\n\t\t\t\t<div class=\"elementor-widget-container\">\n\t\t\t\t\t\t\t\t\t<p>Wir sind uns bewusst, wie wichtig es ist, die Qualit\u00e4t des Wertes, den wir unserem Land und unseren Kunden bieten, zu maximieren und seine Best\u00e4ndigkeit zu gew\u00e4hrleisten. Aus diesem Grund lassen wir unser gemeinsames Vorgehen beim Qualit\u00e4tsmanagement und die Angemessenheit der Produktionsprozesse von unabh\u00e4ngigen Unternehmen mit internationaler G\u00fcltigkeit zertifizieren und verbessern sie in bestimmten Abst\u00e4nden mit Hilfe interner und externer Kontrollen st\u00e4ndig. <\/p>\n\t\t\t\t\t\t\t\t<\/div>\n\t\t\t\t<\/div>\n\t\t<div class=\"elementor-element elementor-element-21a7293 e-con-full e-flex e-con e-child\" data-id=\"21a7293\" data-element_type=\"container\" data-e-type=\"container\">\n\t\t<div class=\"elementor-element elementor-element-f087dfb e-con-full e-flex e-con e-child\" data-id=\"f087dfb\" data-element_type=\"container\" data-e-type=\"container\">\n\t\t\t\t<div class=\"elementor-element elementor-element-cdc9727 elementor-position-top elementor-widget elementor-widget-image-box\" data-id=\"cdc9727\" data-element_type=\"widget\" data-e-type=\"widget\" data-widget_type=\"image-box.default\">\n\t\t\t\t<div class=\"elementor-widget-container\">\n\t\t\t\t\t<div class=\"elementor-image-box-wrapper\"><figure class=\"elementor-image-box-img\"><img fetchpriority=\"high\" decoding=\"async\" width=\"595\" height=\"842\" src=\"https:\/\/ozteknikoto.com\/wp-content\/uploads\/2024\/08\/IATF_ENG.jpg\" class=\"attachment-full size-full wp-image-243\" alt=\"\" srcset=\"https:\/\/ozteknikoto.com\/wp-content\/uploads\/2024\/08\/IATF_ENG.jpg 595w, https:\/\/ozteknikoto.com\/wp-content\/uploads\/2024\/08\/IATF_ENG-300x425.jpg 300w, https:\/\/ozteknikoto.com\/wp-content\/uploads\/2024\/08\/IATF_ENG-212x300.jpg 212w\" sizes=\"(max-width: 595px) 100vw, 595px\" \/><\/figure><div class=\"elementor-image-box-content\"><h4 class=\"elementor-image-box-title\">IATF 16949:2016<\/h4><p class=\"elementor-image-box-description\">Dabei handelt es sich um einen Qualit\u00e4tsmanagement-Standard f\u00fcr die Automobilindustrie, der weltweit bestimmte technische Anforderungen festlegt und garantiert. Mit diesem international anerkannten Zertifikat best\u00e4tigt Ozteknik, dass es die Standardisierung von Qualit\u00e4tsprodukten und Dienstleistungen in der gesamten Lieferkette gew\u00e4hrleistet. <\/p><\/div><\/div>\t\t\t\t<\/div>\n\t\t\t\t<\/div>\n\t\t\t\t<\/div>\n\t\t<div class=\"elementor-element elementor-element-6f11848 e-con-full e-flex e-con e-child\" data-id=\"6f11848\" data-element_type=\"container\" data-e-type=\"container\">\n\t\t\t\t<div class=\"elementor-element elementor-element-d64307c elementor-position-top elementor-widget elementor-widget-image-box\" data-id=\"d64307c\" data-element_type=\"widget\" data-e-type=\"widget\" data-widget_type=\"image-box.default\">\n\t\t\t\t<div class=\"elementor-widget-container\">\n\t\t\t\t\t<div class=\"elementor-image-box-wrapper\"><figure class=\"elementor-image-box-img\"><img fetchpriority=\"high\" decoding=\"async\" width=\"595\" height=\"842\" src=\"https:\/\/ozteknikoto.com\/wp-content\/uploads\/2024\/08\/IATF_ENG.jpg\" class=\"attachment-full size-full wp-image-243\" alt=\"\" srcset=\"https:\/\/ozteknikoto.com\/wp-content\/uploads\/2024\/08\/IATF_ENG.jpg 595w, https:\/\/ozteknikoto.com\/wp-content\/uploads\/2024\/08\/IATF_ENG-300x425.jpg 300w, https:\/\/ozteknikoto.com\/wp-content\/uploads\/2024\/08\/IATF_ENG-212x300.jpg 212w\" sizes=\"(max-width: 595px) 100vw, 595px\" \/><\/figure><div class=\"elementor-image-box-content\"><h4 class=\"elementor-image-box-title\">ISO 9001 :2015<\/h4><p class=\"elementor-image-box-description\">Bei diesem Qualit\u00e4tsmanagementsystem handelt es sich um die Norm ISO 9001: 2015, die die Prinzipien Kundenorientierung, F\u00fchrung, Mitarbeiterbeteiligung, Prozessansatz, Verbesserung, evidenzbasierte Entscheidungsfindung und Beziehungsmanagement umfasst und Standards f\u00fcr die Kundenzufriedenheit sowie gesetzliche Anforderungen definiert. Mit diesem Zertifikat bescheinigt Ozknik seine Standards f\u00fcr ein Qualit\u00e4tsmanagementsystem. <\/p><\/div><\/div>\t\t\t\t<\/div>\n\t\t\t\t<\/div>\n\t\t\t\t<\/div>\n\t\t<div class=\"elementor-element elementor-element-4494321 e-con-full e-flex e-con e-child\" data-id=\"4494321\" data-element_type=\"container\" data-e-type=\"container\">\n\t\t\t\t<div class=\"elementor-element elementor-element-560e0b7 elementor-position-top elementor-widget elementor-widget-image-box\" data-id=\"560e0b7\" data-element_type=\"widget\" data-e-type=\"widget\" data-widget_type=\"image-box.default\">\n\t\t\t\t<div class=\"elementor-widget-container\">\n\t\t\t\t\t<div class=\"elementor-image-box-wrapper\"><figure class=\"elementor-image-box-img\"><img decoding=\"async\" width=\"1811\" height=\"2560\" src=\"https:\/\/ozteknikoto.com\/wp-content\/uploads\/2024\/08\/EAC_sertifikasi-scaled.jpg\" class=\"attachment-full size-full wp-image-244\" alt=\"\" srcset=\"https:\/\/ozteknikoto.com\/wp-content\/uploads\/2024\/08\/EAC_sertifikasi-scaled.jpg 1811w, https:\/\/ozteknikoto.com\/wp-content\/uploads\/2024\/08\/EAC_sertifikasi-scaled-300x424.jpg 300w, https:\/\/ozteknikoto.com\/wp-content\/uploads\/2024\/08\/EAC_sertifikasi-scaled-600x848.jpg 600w, https:\/\/ozteknikoto.com\/wp-content\/uploads\/2024\/08\/EAC_sertifikasi-212x300.jpg 212w, https:\/\/ozteknikoto.com\/wp-content\/uploads\/2024\/08\/EAC_sertifikasi-724x1024.jpg 724w, https:\/\/ozteknikoto.com\/wp-content\/uploads\/2024\/08\/EAC_sertifikasi-768x1086.jpg 768w, https:\/\/ozteknikoto.com\/wp-content\/uploads\/2024\/08\/EAC_sertifikasi-1086x1536.jpg 1086w, https:\/\/ozteknikoto.com\/wp-content\/uploads\/2024\/08\/EAC_sertifikasi-1448x2048.jpg 1448w\" sizes=\"(max-width: 1811px) 100vw, 1811px\" \/><\/figure><div class=\"elementor-image-box-content\"><h4 class=\"elementor-image-box-title\">EAC<\/h4><p class=\"elementor-image-box-description\">Ozteknik ist von der EAC zertifiziert, was bedeutet, dass die Produkte, die auf den M\u00e4rkten der L\u00e4nder der Eurasischen Wirtschaftsunion, darunter Russland, Wei\u00dfrussland, Kasachstan, Kirgisistan und Armenien, sowie der Gemeinschaft Unabh\u00e4ngiger Staaten angeboten werden, den technischen Vorschriften entsprechen.<\/p><\/div><\/div>\t\t\t\t<\/div>\n\t\t\t\t<\/div>\n\t\t\t\t<\/div>\n\t\t\t\t<\/div>\n\t\t\t\t\t<\/div>\n\t\t\t\t<\/div>\n\t\t\t\t<\/div>\n\t\t","protected":false},"excerpt":{"rendered":"<p>ZERTIFIKATE IMMER DAS BESTE Wir sind uns bewusst, wie wichtig es ist, die Qualit\u00e4t des Wertes, den wir unserem Land und unseren Kunden bieten, zu maximieren und seine Best\u00e4ndigkeit zu gew\u00e4hrleisten. Aus diesem Grund lassen wir unser gemeinsames Vorgehen beim Qualit\u00e4tsmanagement und die Angemessenheit der Produktionsprozesse von unabh\u00e4ngigen Unternehmen mit internationaler G\u00fcltigkeit zertifizieren und verbessern sie in bestimmten Abst\u00e4nden mit Hilfe interner und externer Kontrollen st\u00e4ndig. IATF 16949:2016 Dabei handelt es sich um einen Qualit\u00e4tsmanagement-Standard f\u00fcr die Automobilindustrie, der weltweit bestimmte technische Anforderungen festlegt und garantiert. Mit diesem international anerkannten Zertifikat best\u00e4tigt Ozteknik, dass es die Standardisierung von Qualit\u00e4tsprodukten und Dienstleistungen in der gesamten Lieferkette gew\u00e4hrleistet. ISO 9001 :2015 Bei diesem Qualit\u00e4tsmanagementsystem handelt es sich um die Norm ISO 9001: 2015, die die Prinzipien Kundenorientierung, F\u00fchrung, Mitarbeiterbeteiligung, Prozessansatz, Verbesserung, evidenzbasierte Entscheidungsfindung und Beziehungsmanagement umfasst und Standards f\u00fcr die Kundenzufriedenheit sowie gesetzliche Anforderungen definiert. Mit diesem Zertifikat bescheinigt Ozknik seine Standards f\u00fcr ein Qualit\u00e4tsmanagementsystem. EAC Ozteknik ist von der EAC zertifiziert, was bedeutet, dass die Produkte, die auf den M\u00e4rkten der L\u00e4nder der Eurasischen Wirtschaftsunion, darunter Russland, Wei\u00dfrussland, Kasachstan, Kirgisistan und Armenien, sowie der Gemeinschaft Unabh\u00e4ngiger Staaten angeboten werden, den technischen Vorschriften entsprechen.<\/p>\n","protected":false},"author":1,"featured_media":0,"parent":0,"menu_order":0,"comment_status":"closed","ping_status":"closed","template":"","meta":{"_acf_changed":false,"footnotes":""},"class_list":["post-15961","page","type-page","status-publish","hentry"],"acf":[],"_links":{"self":[{"href":"https:\/\/ozteknikoto.com\/de\/wp-json\/wp\/v2\/pages\/15961","targetHints":{"allow":["GET"]}}],"collection":[{"href":"https:\/\/ozteknikoto.com\/de\/wp-json\/wp\/v2\/pages"}],"about":[{"href":"https:\/\/ozteknikoto.com\/de\/wp-json\/wp\/v2\/types\/page"}],"author":[{"embeddable":true,"href":"https:\/\/ozteknikoto.com\/de\/wp-json\/wp\/v2\/users\/1"}],"replies":[{"embeddable":true,"href":"https:\/\/ozteknikoto.com\/de\/wp-json\/wp\/v2\/comments?post=15961"}],"version-history":[{"count":1,"href":"https:\/\/ozteknikoto.com\/de\/wp-json\/wp\/v2\/pages\/15961\/revisions"}],"predecessor-version":[{"id":15963,"href":"https:\/\/ozteknikoto.com\/de\/wp-json\/wp\/v2\/pages\/15961\/revisions\/15963"}],"wp:attachment":[{"href":"https:\/\/ozteknikoto.com\/de\/wp-json\/wp\/v2\/media?parent=15961"}],"curies":[{"name":"wp","href":"https:\/\/api.w.org\/{rel}","templated":true}]}}