{"id":15949,"date":"2024-08-13T12:43:43","date_gmt":"2024-08-13T12:43:43","guid":{"rendered":"https:\/\/ozteknikoto.com\/sektoren\/"},"modified":"2024-11-04T11:07:06","modified_gmt":"2024-11-04T11:07:06","slug":"sektoren","status":"publish","type":"page","link":"https:\/\/ozteknikoto.com\/de\/sektoren\/","title":{"rendered":"Sektoren"},"content":{"rendered":"\t\t<div data-elementor-type=\"wp-page\" data-elementor-id=\"15949\" class=\"elementor elementor-15949 elementor-381\" data-elementor-post-type=\"page\">\n\t\t\t\t<div class=\"elementor-element elementor-element-a6aeb56 e-flex e-con-boxed e-con e-parent\" data-id=\"a6aeb56\" data-element_type=\"container\" data-e-type=\"container\" data-settings=\"{&quot;background_background&quot;:&quot;classic&quot;}\">\n\t\t\t\t\t<div class=\"e-con-inner\">\n\t\t\t\t<div class=\"elementor-element elementor-element-1f6245a elementor-widget__width-inherit elementor-widget elementor-widget-heading\" data-id=\"1f6245a\" data-element_type=\"widget\" data-e-type=\"widget\" data-widget_type=\"heading.default\">\n\t\t\t\t<div class=\"elementor-widget-container\">\n\t\t\t\t\t<h1 class=\"elementor-heading-title elementor-size-default\">SEKTOREN<\/h1>\t\t\t\t<\/div>\n\t\t\t\t<\/div>\n\t\t\t\t<div class=\"elementor-element elementor-element-eefed8a elementor-align-center elementor-widget elementor-widget-lottie\" data-id=\"eefed8a\" data-element_type=\"widget\" data-e-type=\"widget\" data-settings=\"{&quot;source_json&quot;:{&quot;url&quot;:&quot;https:\\\/\\\/ozteknikoto.com\\\/wp-content\\\/uploads\\\/2024\\\/09\\\/scroll-down.json&quot;,&quot;id&quot;:7596,&quot;size&quot;:&quot;&quot;,&quot;alt&quot;:&quot;&quot;,&quot;source&quot;:&quot;library&quot;},&quot;link_to&quot;:&quot;custom&quot;,&quot;custom_link&quot;:{&quot;url&quot;:&quot;#continue&quot;,&quot;is_external&quot;:&quot;&quot;,&quot;nofollow&quot;:&quot;&quot;,&quot;custom_attributes&quot;:&quot;&quot;},&quot;loop&quot;:&quot;yes&quot;,&quot;renderer&quot;:&quot;canvas&quot;,&quot;source&quot;:&quot;media_file&quot;,&quot;caption_source&quot;:&quot;none&quot;,&quot;trigger&quot;:&quot;arriving_to_viewport&quot;,&quot;viewport&quot;:{&quot;unit&quot;:&quot;%&quot;,&quot;size&quot;:&quot;&quot;,&quot;sizes&quot;:{&quot;start&quot;:0,&quot;end&quot;:100}},&quot;play_speed&quot;:{&quot;unit&quot;:&quot;px&quot;,&quot;size&quot;:1,&quot;sizes&quot;:[]},&quot;start_point&quot;:{&quot;unit&quot;:&quot;%&quot;,&quot;size&quot;:0,&quot;sizes&quot;:[]},&quot;end_point&quot;:{&quot;unit&quot;:&quot;%&quot;,&quot;size&quot;:100,&quot;sizes&quot;:[]}}\" data-widget_type=\"lottie.default\">\n\t\t\t\t<div class=\"elementor-widget-container\">\n\t\t\t\t\t<a class=\"e-lottie__container__link\" href=\"#continue\"><div class=\"e-lottie__container\"><div class=\"e-lottie__animation\"><\/div><\/div><\/a>\t\t\t\t<\/div>\n\t\t\t\t<\/div>\n\t\t\t\t\t<\/div>\n\t\t\t\t<\/div>\n\t\t<div class=\"elementor-element elementor-element-9820d97 e-flex e-con-boxed e-con e-parent\" data-id=\"9820d97\" data-element_type=\"container\" data-e-type=\"container\" id=\"continue\">\n\t\t\t\t\t<div class=\"e-con-inner\">\n\t\t\t\t<div class=\"elementor-element elementor-element-cf13609 elementor-widget elementor-widget-heading\" data-id=\"cf13609\" data-element_type=\"widget\" data-e-type=\"widget\" data-widget_type=\"heading.default\">\n\t\t\t\t<div class=\"elementor-widget-container\">\n\t\t\t\t\t<h2 class=\"elementor-heading-title elementor-size-default\">IMMER <span>DAS BESTE<\/span><\/h2>\t\t\t\t<\/div>\n\t\t\t\t<\/div>\n\t\t\t\t<div class=\"elementor-element elementor-element-ceedba3 elementor-widget elementor-widget-text-editor\" data-id=\"ceedba3\" data-element_type=\"widget\" data-e-type=\"widget\" data-widget_type=\"text-editor.default\">\n\t\t\t\t<div class=\"elementor-widget-container\">\n\t\t\t\t\t\t\t\t\t<p>Als \u00d6zteknik-Gruppe f\u00fchren wir neben Standardproduktionen und -projekten auch branchenbezogene, ergebnisorientierte, spezifische und nischenorientierte Projekte f\u00fcr den Zielmarkt durch. Das Unternehmen, das in der Lage ist, mit dem Gedanken der kontinuierlichen Verbesserung L\u00f6sungen f\u00fcr die Bed\u00fcrfnisse der Industrie zu entwickeln, f\u00fchrt Projekte durch und produziert in h\u00f6chster Qualit\u00e4t mit den neuesten Technologien in Bereichen wie der Automobilindustrie und der Landwirtschaft. <\/p>\n\t\t\t\t\t\t\t\t<\/div>\n\t\t\t\t<\/div>\n\t\t<div class=\"elementor-element elementor-element-ce023d9 e-con-full e-flex e-con e-child\" data-id=\"ce023d9\" data-element_type=\"container\" data-e-type=\"container\">\n\t\t<div class=\"elementor-element elementor-element-9c4e4e6 e-con-full e-flex e-con e-child\" data-id=\"9c4e4e6\" data-element_type=\"container\" data-e-type=\"container\">\n\t\t\t\t<div class=\"elementor-element elementor-element-2479f22 elementor-widget elementor-widget-heading\" data-id=\"2479f22\" data-element_type=\"widget\" data-e-type=\"widget\" data-widget_type=\"heading.default\">\n\t\t\t\t<div class=\"elementor-widget-container\">\n\t\t\t\t\t<h5 class=\"elementor-heading-title elementor-size-default\">AUTOMOTIVE<\/h5>\t\t\t\t<\/div>\n\t\t\t\t<\/div>\n\t\t\t\t<div class=\"elementor-element elementor-element-3ee3b06 elementor-widget elementor-widget-text-editor\" data-id=\"3ee3b06\" data-element_type=\"widget\" data-e-type=\"widget\" data-widget_type=\"text-editor.default\">\n\t\t\t\t<div class=\"elementor-widget-container\">\n\t\t\t\t\t\t\t\t\t<p><span style=\"font-weight: 400;\">Mit den Produkten von EGEROT, HYDCAB und REVOL f\u00fchren wir sektorale Projekte durch, bei denen wir unsere Durchsetzungskraft und Qualit\u00e4t im Automobilsektor unter Beweis stellen. Diese Projekte werden sorgf\u00e4ltig geplant und umgesetzt, um die Bed\u00fcrfnisse der Kunden zu erf\u00fcllen und die Standards in diesem Sektor zu erh\u00f6hen. <\/span><\/p>\n<p><span style=\"font-weight: 400;\">In diesem dynamischen Sektor, der fortschrittliche Technologie, Fachwissen, Kompetenz und unternehmerische Erfahrung erfordert, sind wir stolz darauf, mit unserer sektoralen Dominanz einer der wichtigen Akteure der Branche zu sein. Unsere Teams bestehen aus erfahrenen Fachleuten in ihren Bereichen und haben eine Struktur, die sich st\u00e4ndig verbessert. Auf diese Weise k\u00f6nnen wir uns schnell an ver\u00e4nderte Marktbedingungen anpassen und innovative L\u00f6sungen anbieten.  <\/span><\/p>\n\t\t\t\t\t\t\t\t<\/div>\n\t\t\t\t<\/div>\n\t\t\t\t<\/div>\n\t\t<div class=\"elementor-element elementor-element-8e9b7d8 e-con-full e-flex e-con e-child\" data-id=\"8e9b7d8\" data-element_type=\"container\" data-e-type=\"container\">\n\t\t\t\t<div class=\"elementor-element elementor-element-ad3ca1d elementor-widget elementor-widget-heading\" data-id=\"ad3ca1d\" data-element_type=\"widget\" data-e-type=\"widget\" data-widget_type=\"heading.default\">\n\t\t\t\t<div class=\"elementor-widget-container\">\n\t\t\t\t\t<h5 class=\"elementor-heading-title elementor-size-default\">SPEZIAL<\/h5>\t\t\t\t<\/div>\n\t\t\t\t<\/div>\n\t\t\t\t<div class=\"elementor-element elementor-element-d1d7a47 elementor-widget elementor-widget-text-editor\" data-id=\"d1d7a47\" data-element_type=\"widget\" data-e-type=\"widget\" data-widget_type=\"text-editor.default\">\n\t\t\t\t<div class=\"elementor-widget-container\">\n\t\t\t\t\t\t\t\t\t<p><span style=\"font-weight: 400;\">Mit den speziellen Projekten, die wir ohne Kompromisse bei den Industriestandards und dem Qualit\u00e4tsverst\u00e4ndnis durchf\u00fchren, bedienen wir weiterhin die unterschiedlichen Bed\u00fcrfnisse der verschiedenen Sektoren und schaffen einen Mehrwert f\u00fcr die Industrie. In diesem Zusammenhang passen wir jedes unserer Projekte unter Ber\u00fccksichtigung der spezifischen Anforderungen unserer Kunden und der Dynamik des Sektors an. <\/span><\/p>\n<p><span style=\"font-weight: 400;\">Die von uns entwickelten L\u00f6sungen sind nicht nur darauf ausgerichtet, den aktuellen Bedarf zu decken, sondern auch die Trends und zuk\u00fcnftigen Entwicklungen in der Branche vorherzusehen. So unterst\u00fctzen wir das nachhaltige Wachstum unserer Kunden und verhelfen ihnen zu einem Wettbewerbsvorteil. <\/span><\/p>\n\t\t\t\t\t\t\t\t<\/div>\n\t\t\t\t<\/div>\n\t\t\t\t<\/div>\n\t\t<div class=\"elementor-element elementor-element-9e7480e e-con-full e-flex e-con e-child\" data-id=\"9e7480e\" data-element_type=\"container\" data-e-type=\"container\">\n\t\t\t\t<div class=\"elementor-element elementor-element-7f67bf2 elementor-widget elementor-widget-heading\" data-id=\"7f67bf2\" data-element_type=\"widget\" data-e-type=\"widget\" data-widget_type=\"heading.default\">\n\t\t\t\t<div class=\"elementor-widget-container\">\n\t\t\t\t\t<h5 class=\"elementor-heading-title elementor-size-default\">LANDMASCHINEN<\/h5>\t\t\t\t<\/div>\n\t\t\t\t<\/div>\n\t\t\t\t<div class=\"elementor-element elementor-element-ce559ca elementor-widget elementor-widget-text-editor\" data-id=\"ce559ca\" data-element_type=\"widget\" data-e-type=\"widget\" data-widget_type=\"text-editor.default\">\n\t\t\t\t<div class=\"elementor-widget-container\">\n\t\t\t\t\t\t\t\t\t<p><span style=\"font-weight: 400;\">Im Bereich der landwirtschaftlichen Fahrzeuge entwickeln wir sektorspezifische Projekte f\u00fcr Traktoren, landwirtschaftliche Ger\u00e4te und Bew\u00e4sserungsfahrzeuge. Diese Projekte zielen darauf ab, die Produktivit\u00e4t zu steigern und Prozesse zu optimieren, indem die dynamischen Bed\u00fcrfnisse des Agrarsektors ber\u00fccksichtigt werden. <\/span><\/p>\n<p><span style=\"font-weight: 400;\">Mit unserer breiten Produktpalette und unserem innovativen Ansatz bieten wir umfassende L\u00f6sungen f\u00fcr Landwirte und landwirtschaftliche Betriebe. Um die Schwierigkeiten bei landwirtschaftlichen T\u00e4tigkeiten zu l\u00f6sen, sind wir entschlossen, Projekte entsprechend den speziellen Anforderungen zu entwickeln und dabei das Feedback der Benutzer und die neuesten technologischen Entwicklungen in diesem Sektor zu ber\u00fccksichtigen. <\/span><\/p>\n\t\t\t\t\t\t\t\t<\/div>\n\t\t\t\t<\/div>\n\t\t\t\t<\/div>\n\t\t\t\t<\/div>\n\t\t\t\t\t<\/div>\n\t\t\t\t<\/div>\n\t\t\t\t<\/div>\n\t\t","protected":false},"excerpt":{"rendered":"<p>SEKTOREN IMMER DAS BESTE Als \u00d6zteknik-Gruppe f\u00fchren wir neben Standardproduktionen und -projekten auch branchenbezogene, ergebnisorientierte, spezifische und nischenorientierte Projekte f\u00fcr den Zielmarkt durch. Das Unternehmen, das in der Lage ist, mit dem Gedanken der kontinuierlichen Verbesserung L\u00f6sungen f\u00fcr die Bed\u00fcrfnisse der Industrie zu entwickeln, f\u00fchrt Projekte durch und produziert in h\u00f6chster Qualit\u00e4t mit den neuesten Technologien in Bereichen wie der Automobilindustrie und der Landwirtschaft. AUTOMOTIVE Mit den Produkten von EGEROT, HYDCAB und REVOL f\u00fchren wir sektorale Projekte durch, bei denen wir unsere Durchsetzungskraft und Qualit\u00e4t im Automobilsektor unter Beweis stellen. Diese Projekte werden sorgf\u00e4ltig geplant und umgesetzt, um die Bed\u00fcrfnisse der Kunden zu erf\u00fcllen und die Standards in diesem Sektor zu erh\u00f6hen. In diesem dynamischen Sektor, der fortschrittliche Technologie, Fachwissen, Kompetenz und unternehmerische Erfahrung erfordert, sind wir stolz darauf, mit unserer sektoralen Dominanz einer der wichtigen Akteure der Branche zu sein. Unsere Teams bestehen aus erfahrenen Fachleuten in ihren Bereichen und haben eine Struktur, die sich st\u00e4ndig verbessert. Auf diese Weise k\u00f6nnen wir uns schnell an ver\u00e4nderte Marktbedingungen anpassen und innovative L\u00f6sungen anbieten. SPEZIAL Mit den speziellen Projekten, die wir ohne Kompromisse bei den Industriestandards und dem Qualit\u00e4tsverst\u00e4ndnis durchf\u00fchren, bedienen wir weiterhin die unterschiedlichen Bed\u00fcrfnisse der verschiedenen Sektoren und schaffen einen Mehrwert f\u00fcr die Industrie. In diesem Zusammenhang passen wir jedes unserer Projekte unter Ber\u00fccksichtigung der spezifischen Anforderungen unserer Kunden und der Dynamik des Sektors an. Die von uns entwickelten L\u00f6sungen sind nicht nur darauf ausgerichtet, den aktuellen Bedarf zu decken, sondern auch die Trends und zuk\u00fcnftigen Entwicklungen in der Branche vorherzusehen. So unterst\u00fctzen wir das nachhaltige Wachstum unserer Kunden und verhelfen ihnen zu einem Wettbewerbsvorteil. LANDMASCHINEN Im Bereich der landwirtschaftlichen Fahrzeuge entwickeln wir sektorspezifische Projekte f\u00fcr Traktoren, landwirtschaftliche Ger\u00e4te und Bew\u00e4sserungsfahrzeuge. Diese Projekte zielen darauf ab, die Produktivit\u00e4t zu steigern und Prozesse zu optimieren, indem die dynamischen Bed\u00fcrfnisse des Agrarsektors ber\u00fccksichtigt werden. Mit unserer breiten Produktpalette und unserem innovativen Ansatz bieten wir umfassende L\u00f6sungen f\u00fcr Landwirte und landwirtschaftliche Betriebe. Um die Schwierigkeiten bei landwirtschaftlichen T\u00e4tigkeiten zu l\u00f6sen, sind wir entschlossen, Projekte entsprechend den speziellen Anforderungen zu entwickeln und dabei das Feedback der Benutzer und die neuesten technologischen Entwicklungen in diesem Sektor zu ber\u00fccksichtigen.<\/p>\n","protected":false},"author":1,"featured_media":0,"parent":0,"menu_order":0,"comment_status":"closed","ping_status":"closed","template":"","meta":{"_acf_changed":false,"footnotes":""},"class_list":["post-15949","page","type-page","status-publish","hentry"],"acf":[],"_links":{"self":[{"href":"https:\/\/ozteknikoto.com\/de\/wp-json\/wp\/v2\/pages\/15949","targetHints":{"allow":["GET"]}}],"collection":[{"href":"https:\/\/ozteknikoto.com\/de\/wp-json\/wp\/v2\/pages"}],"about":[{"href":"https:\/\/ozteknikoto.com\/de\/wp-json\/wp\/v2\/types\/page"}],"author":[{"embeddable":true,"href":"https:\/\/ozteknikoto.com\/de\/wp-json\/wp\/v2\/users\/1"}],"replies":[{"embeddable":true,"href":"https:\/\/ozteknikoto.com\/de\/wp-json\/wp\/v2\/comments?post=15949"}],"version-history":[{"count":1,"href":"https:\/\/ozteknikoto.com\/de\/wp-json\/wp\/v2\/pages\/15949\/revisions"}],"predecessor-version":[{"id":15951,"href":"https:\/\/ozteknikoto.com\/de\/wp-json\/wp\/v2\/pages\/15949\/revisions\/15951"}],"wp:attachment":[{"href":"https:\/\/ozteknikoto.com\/de\/wp-json\/wp\/v2\/media?parent=15949"}],"curies":[{"name":"wp","href":"https:\/\/api.w.org\/{rel}","templated":true}]}}