{"id":15938,"date":"2024-08-13T11:30:10","date_gmt":"2024-08-13T11:30:10","guid":{"rendered":"https:\/\/ozteknikoto.com\/produktentwicklung\/"},"modified":"2024-11-04T11:07:07","modified_gmt":"2024-11-04T11:07:07","slug":"produktentwicklung","status":"publish","type":"page","link":"https:\/\/ozteknikoto.com\/de\/produktentwicklung\/","title":{"rendered":"Produktentwicklung"},"content":{"rendered":"\t\t<div data-elementor-type=\"wp-page\" data-elementor-id=\"15938\" class=\"elementor elementor-15938 elementor-312\" data-elementor-post-type=\"page\">\n\t\t\t\t<div class=\"elementor-element elementor-element-076b4ee e-flex e-con-boxed e-con e-parent\" data-id=\"076b4ee\" data-element_type=\"container\" data-e-type=\"container\" data-settings=\"{&quot;background_background&quot;:&quot;classic&quot;}\">\n\t\t\t\t\t<div class=\"e-con-inner\">\n\t\t\t\t<div class=\"elementor-element elementor-element-ba7402d elementor-widget__width-inherit elementor-widget elementor-widget-heading\" data-id=\"ba7402d\" data-element_type=\"widget\" data-e-type=\"widget\" data-widget_type=\"heading.default\">\n\t\t\t\t<div class=\"elementor-widget-container\">\n\t\t\t\t\t<h1 class=\"elementor-heading-title elementor-size-default\">PRODUKTENTWICKLUNG<\/h1>\t\t\t\t<\/div>\n\t\t\t\t<\/div>\n\t\t\t\t<div class=\"elementor-element elementor-element-b3913e1 elementor-align-center elementor-widget elementor-widget-lottie\" data-id=\"b3913e1\" data-element_type=\"widget\" data-e-type=\"widget\" data-settings=\"{&quot;source_json&quot;:{&quot;url&quot;:&quot;https:\\\/\\\/ozteknikoto.com\\\/wp-content\\\/uploads\\\/2024\\\/09\\\/scroll-down.json&quot;,&quot;id&quot;:7596,&quot;size&quot;:&quot;&quot;,&quot;alt&quot;:&quot;&quot;,&quot;source&quot;:&quot;library&quot;},&quot;link_to&quot;:&quot;custom&quot;,&quot;custom_link&quot;:{&quot;url&quot;:&quot;#continue&quot;,&quot;is_external&quot;:&quot;&quot;,&quot;nofollow&quot;:&quot;&quot;,&quot;custom_attributes&quot;:&quot;&quot;},&quot;loop&quot;:&quot;yes&quot;,&quot;renderer&quot;:&quot;canvas&quot;,&quot;source&quot;:&quot;media_file&quot;,&quot;caption_source&quot;:&quot;none&quot;,&quot;trigger&quot;:&quot;arriving_to_viewport&quot;,&quot;viewport&quot;:{&quot;unit&quot;:&quot;%&quot;,&quot;size&quot;:&quot;&quot;,&quot;sizes&quot;:{&quot;start&quot;:0,&quot;end&quot;:100}},&quot;play_speed&quot;:{&quot;unit&quot;:&quot;px&quot;,&quot;size&quot;:1,&quot;sizes&quot;:[]},&quot;start_point&quot;:{&quot;unit&quot;:&quot;%&quot;,&quot;size&quot;:0,&quot;sizes&quot;:[]},&quot;end_point&quot;:{&quot;unit&quot;:&quot;%&quot;,&quot;size&quot;:100,&quot;sizes&quot;:[]}}\" data-widget_type=\"lottie.default\">\n\t\t\t\t<div class=\"elementor-widget-container\">\n\t\t\t\t\t<a class=\"e-lottie__container__link\" href=\"#continue\"><div class=\"e-lottie__container\"><div class=\"e-lottie__animation\"><\/div><\/div><\/a>\t\t\t\t<\/div>\n\t\t\t\t<\/div>\n\t\t\t\t\t<\/div>\n\t\t\t\t<\/div>\n\t\t<div class=\"elementor-element elementor-element-7493084 e-flex e-con-boxed e-con e-parent\" data-id=\"7493084\" data-element_type=\"container\" data-e-type=\"container\" id=\"continue\">\n\t\t\t\t\t<div class=\"e-con-inner\">\n\t\t\t\t<div class=\"elementor-element elementor-element-9cc436c elementor-widget elementor-widget-heading\" data-id=\"9cc436c\" data-element_type=\"widget\" data-e-type=\"widget\" data-widget_type=\"heading.default\">\n\t\t\t\t<div class=\"elementor-widget-container\">\n\t\t\t\t\t<h2 class=\"elementor-heading-title elementor-size-default\">IMMER <span>AKTUELL<\/span><\/h2>\t\t\t\t<\/div>\n\t\t\t\t<\/div>\n\t\t<div class=\"elementor-element elementor-element-bbb6255 e-con-full e-flex e-con e-child\" data-id=\"bbb6255\" data-element_type=\"container\" data-e-type=\"container\">\n\t\t<div class=\"elementor-element elementor-element-7784ca4 e-con-full e-flex e-con e-child\" data-id=\"7784ca4\" data-element_type=\"container\" data-e-type=\"container\">\n\t\t\t\t<div class=\"elementor-element elementor-element-66ff0b3 elementor-widget elementor-widget-text-editor\" data-id=\"66ff0b3\" data-element_type=\"widget\" data-e-type=\"widget\" data-widget_type=\"text-editor.default\">\n\t\t\t\t<div class=\"elementor-widget-container\">\n\t\t\t\t\t\t\t\t\t<p><span style=\"font-weight: 400;\">\u00d6zteknik macht es sich zur Priorit\u00e4t, sein Produktportfolio auf dem neuesten Stand zu halten, indem es die sich st\u00e4ndig ver\u00e4ndernde Dynamik der Fahrzeugflotte, die Kundenbed\u00fcrfnisse und die Entwicklungen des Industriedesigns sowohl auf dem nationalen als auch auf dem internationalen Markt genau verfolgt. Wir erweitern die aktuelle Produktpalette und entwickeln neue Produkte, um schnellstm\u00f6glich auf Kundenw\u00fcnsche reagieren zu k\u00f6nnen. Das Ziel des Unternehmens ist es, sich an die sich \u00e4ndernden Marktbedingungen anzupassen und sich gleichzeitig in k\u00fcrzester Zeit in die innovativen Entwicklungen des Sektors zu integrieren.  <\/span><\/p>\n<p><span style=\"font-weight: 400;\">Dar\u00fcber hinaus beschr\u00e4nkt sich \u00d6zteknik nicht nur auf seine eigene Produktpalette, sondern stellt auch sorgf\u00e4ltig erg\u00e4nzende Systemteile mit hohem Mehrwert her, die mit diesen Produkten verwendet werden. Bei den Produktionsprozessen werden die Qualit\u00e4tsstandards genauestens eingehalten und die Kundenzufriedenheit wird nie au\u00dfer Acht gelassen. In jeder Phase werden Qualit\u00e4tskontroll- und Testverfahren angewandt, um die Zuverl\u00e4ssigkeit und Langlebigkeit jedes auf dem Markt angebotenen Produkts zu gew\u00e4hrleisten.  <\/span><\/p>\n<p><span style=\"font-weight: 400;\">Die Bedeutung, die der Kundenzufriedenheit beigemessen wird, geht einher mit der langj\u00e4hrigen Erfahrung des Unternehmens und basiert auf dem Prinzip, die Erwartungen der Kunden rechtzeitig und vollst\u00e4ndig zu erf\u00fcllen. Durch die Verfolgung technologischer Entwicklungen, F&amp;E-Studien und innovativer Designprozesse strebt \u00d6zteknik bei jedem produzierten St\u00fcck nach h\u00f6chster Qualit\u00e4t und bietet innovative L\u00f6sungen, die den Bed\u00fcrfnissen des Sektors gerecht werden. <\/span><\/p>\n\t\t\t\t\t\t\t\t<\/div>\n\t\t\t\t<\/div>\n\t\t\t\t<\/div>\n\t\t\t\t<\/div>\n\t\t\t\t\t<\/div>\n\t\t\t\t<\/div>\n\t\t\t\t<\/div>\n\t\t","protected":false},"excerpt":{"rendered":"<p>PRODUKTENTWICKLUNG IMMER AKTUELL \u00d6zteknik macht es sich zur Priorit\u00e4t, sein Produktportfolio auf dem neuesten Stand zu halten, indem es die sich st\u00e4ndig ver\u00e4ndernde Dynamik der Fahrzeugflotte, die Kundenbed\u00fcrfnisse und die Entwicklungen des Industriedesigns sowohl auf dem nationalen als auch auf dem internationalen Markt genau verfolgt. Wir erweitern die aktuelle Produktpalette und entwickeln neue Produkte, um schnellstm\u00f6glich auf Kundenw\u00fcnsche reagieren zu k\u00f6nnen. Das Ziel des Unternehmens ist es, sich an die sich \u00e4ndernden Marktbedingungen anzupassen und sich gleichzeitig in k\u00fcrzester Zeit in die innovativen Entwicklungen des Sektors zu integrieren. Dar\u00fcber hinaus beschr\u00e4nkt sich \u00d6zteknik nicht nur auf seine eigene Produktpalette, sondern stellt auch sorgf\u00e4ltig erg\u00e4nzende Systemteile mit hohem Mehrwert her, die mit diesen Produkten verwendet werden. Bei den Produktionsprozessen werden die Qualit\u00e4tsstandards genauestens eingehalten und die Kundenzufriedenheit wird nie au\u00dfer Acht gelassen. In jeder Phase werden Qualit\u00e4tskontroll- und Testverfahren angewandt, um die Zuverl\u00e4ssigkeit und Langlebigkeit jedes auf dem Markt angebotenen Produkts zu gew\u00e4hrleisten. Die Bedeutung, die der Kundenzufriedenheit beigemessen wird, geht einher mit der langj\u00e4hrigen Erfahrung des Unternehmens und basiert auf dem Prinzip, die Erwartungen der Kunden rechtzeitig und vollst\u00e4ndig zu erf\u00fcllen. Durch die Verfolgung technologischer Entwicklungen, F&amp;E-Studien und innovativer Designprozesse strebt \u00d6zteknik bei jedem produzierten St\u00fcck nach h\u00f6chster Qualit\u00e4t und bietet innovative L\u00f6sungen, die den Bed\u00fcrfnissen des Sektors gerecht werden.<\/p>\n","protected":false},"author":1,"featured_media":0,"parent":0,"menu_order":0,"comment_status":"closed","ping_status":"closed","template":"","meta":{"_acf_changed":false,"footnotes":""},"class_list":["post-15938","page","type-page","status-publish","hentry"],"acf":[],"_links":{"self":[{"href":"https:\/\/ozteknikoto.com\/de\/wp-json\/wp\/v2\/pages\/15938","targetHints":{"allow":["GET"]}}],"collection":[{"href":"https:\/\/ozteknikoto.com\/de\/wp-json\/wp\/v2\/pages"}],"about":[{"href":"https:\/\/ozteknikoto.com\/de\/wp-json\/wp\/v2\/types\/page"}],"author":[{"embeddable":true,"href":"https:\/\/ozteknikoto.com\/de\/wp-json\/wp\/v2\/users\/1"}],"replies":[{"embeddable":true,"href":"https:\/\/ozteknikoto.com\/de\/wp-json\/wp\/v2\/comments?post=15938"}],"version-history":[{"count":1,"href":"https:\/\/ozteknikoto.com\/de\/wp-json\/wp\/v2\/pages\/15938\/revisions"}],"predecessor-version":[{"id":15940,"href":"https:\/\/ozteknikoto.com\/de\/wp-json\/wp\/v2\/pages\/15938\/revisions\/15940"}],"wp:attachment":[{"href":"https:\/\/ozteknikoto.com\/de\/wp-json\/wp\/v2\/media?parent=15938"}],"curies":[{"name":"wp","href":"https:\/\/api.w.org\/{rel}","templated":true}]}}