{"id":15926,"date":"2024-08-13T11:18:07","date_gmt":"2024-08-13T11:18:07","guid":{"rendered":"https:\/\/ozteknikoto.com\/angebot\/"},"modified":"2024-11-04T11:06:53","modified_gmt":"2024-11-04T11:06:53","slug":"angebot","status":"publish","type":"page","link":"https:\/\/ozteknikoto.com\/de\/angebot\/","title":{"rendered":"Angebot"},"content":{"rendered":"\t\t<div data-elementor-type=\"wp-page\" data-elementor-id=\"15926\" class=\"elementor elementor-15926 elementor-299\" data-elementor-post-type=\"page\">\n\t\t\t\t<div class=\"elementor-element elementor-element-5cba2bb e-flex e-con-boxed e-con e-parent\" data-id=\"5cba2bb\" data-element_type=\"container\" data-e-type=\"container\" data-settings=\"{&quot;background_background&quot;:&quot;classic&quot;}\">\n\t\t\t\t\t<div class=\"e-con-inner\">\n\t\t\t\t<div class=\"elementor-element elementor-element-7cdd472 elementor-widget__width-inherit elementor-widget elementor-widget-heading\" data-id=\"7cdd472\" data-element_type=\"widget\" data-e-type=\"widget\" data-widget_type=\"heading.default\">\n\t\t\t\t<div class=\"elementor-widget-container\">\n\t\t\t\t\t<h1 class=\"elementor-heading-title elementor-size-default\">LIEFERUNG<\/h1>\t\t\t\t<\/div>\n\t\t\t\t<\/div>\n\t\t\t\t<div class=\"elementor-element elementor-element-ab141d1 elementor-align-center elementor-widget elementor-widget-lottie\" data-id=\"ab141d1\" data-element_type=\"widget\" data-e-type=\"widget\" data-settings=\"{&quot;source_json&quot;:{&quot;url&quot;:&quot;https:\\\/\\\/ozteknikoto.com\\\/wp-content\\\/uploads\\\/2024\\\/09\\\/scroll-down.json&quot;,&quot;id&quot;:7596,&quot;size&quot;:&quot;&quot;,&quot;alt&quot;:&quot;&quot;,&quot;source&quot;:&quot;library&quot;},&quot;link_to&quot;:&quot;custom&quot;,&quot;custom_link&quot;:{&quot;url&quot;:&quot;#continue&quot;,&quot;is_external&quot;:&quot;&quot;,&quot;nofollow&quot;:&quot;&quot;,&quot;custom_attributes&quot;:&quot;&quot;},&quot;loop&quot;:&quot;yes&quot;,&quot;renderer&quot;:&quot;canvas&quot;,&quot;source&quot;:&quot;media_file&quot;,&quot;caption_source&quot;:&quot;none&quot;,&quot;trigger&quot;:&quot;arriving_to_viewport&quot;,&quot;viewport&quot;:{&quot;unit&quot;:&quot;%&quot;,&quot;size&quot;:&quot;&quot;,&quot;sizes&quot;:{&quot;start&quot;:0,&quot;end&quot;:100}},&quot;play_speed&quot;:{&quot;unit&quot;:&quot;px&quot;,&quot;size&quot;:1,&quot;sizes&quot;:[]},&quot;start_point&quot;:{&quot;unit&quot;:&quot;%&quot;,&quot;size&quot;:0,&quot;sizes&quot;:[]},&quot;end_point&quot;:{&quot;unit&quot;:&quot;%&quot;,&quot;size&quot;:100,&quot;sizes&quot;:[]}}\" data-widget_type=\"lottie.default\">\n\t\t\t\t<div class=\"elementor-widget-container\">\n\t\t\t\t\t<a class=\"e-lottie__container__link\" href=\"#continue\"><div class=\"e-lottie__container\"><div class=\"e-lottie__animation\"><\/div><\/div><\/a>\t\t\t\t<\/div>\n\t\t\t\t<\/div>\n\t\t\t\t\t<\/div>\n\t\t\t\t<\/div>\n\t\t<div class=\"elementor-element elementor-element-f8b99ab e-flex e-con-boxed e-con e-parent\" data-id=\"f8b99ab\" data-element_type=\"container\" data-e-type=\"container\" id=\"continue\">\n\t\t\t\t\t<div class=\"e-con-inner\">\n\t\t\t\t<div class=\"elementor-element elementor-element-5ce175f elementor-widget elementor-widget-heading\" data-id=\"5ce175f\" data-element_type=\"widget\" data-e-type=\"widget\" data-widget_type=\"heading.default\">\n\t\t\t\t<div class=\"elementor-widget-container\">\n\t\t\t\t\t<h2 class=\"elementor-heading-title elementor-size-default\">DIE MEISTEN <span>HANDELS\u00dcBLICHEN PRODUKTE<\/span><\/h2>\t\t\t\t<\/div>\n\t\t\t\t<\/div>\n\t\t<div class=\"elementor-element elementor-element-0878621 e-con-full e-flex e-con e-child\" data-id=\"0878621\" data-element_type=\"container\" data-e-type=\"container\">\n\t\t<div class=\"elementor-element elementor-element-401ffbc e-con-full e-flex e-con e-child\" data-id=\"401ffbc\" data-element_type=\"container\" data-e-type=\"container\">\n\t\t\t\t<div class=\"elementor-element elementor-element-d9379c7 elementor-widget elementor-widget-text-editor\" data-id=\"d9379c7\" data-element_type=\"widget\" data-e-type=\"widget\" data-widget_type=\"text-editor.default\">\n\t\t\t\t<div class=\"elementor-widget-container\">\n\t\t\t\t\t\t\t\t\t<p><span style=\"font-weight: 400;\">Als \u00d6ZTEKN\u0130K sind wir stolz darauf, unseren wertvollen Gesch\u00e4ftspartnern dank unseres starken Handelsnetzwerks mit dem Wissen und der Erfahrung, die wir seit mehr als 50 Jahren in der Branche gesammelt haben, einen ununterbrochenen Service zu bieten. Die Beziehungen, die wir seit vielen Jahren aufgebaut haben, und unser tiefgreifendes Verst\u00e4ndnis des Sektors machen uns zu einem der zuverl\u00e4ssigsten L\u00f6sungspartner in der Branche. <\/span><\/p>\n<p><span style=\"font-weight: 400;\">Wir erf\u00fcllen die Bed\u00fcrfnisse unserer Kunden mit h\u00f6chster Qualit\u00e4t und Sicherheit, indem wir eine breite Palette von Produkten und Dienstleistungen f\u00fcr den Automobilsektor anbieten. Unser Produktportfolio spiegelt ein umfassendes Verst\u00e4ndnis f\u00fcr den Service auf dem Markt f\u00fcr Erstausr\u00fcster und Aftermarket-Ersatzteile wider. Auf diese Weise verf\u00fcgen wir \u00fcber die Vielfalt, mit der wir alle Arten von Anforderungen in diesem Sektor erf\u00fcllen k\u00f6nnen.  <\/span><\/p>\n<p><span style=\"font-weight: 400;\">In unseren Prozessen des Lieferkettenmanagements wollen wir mit der Vielfalt, die wir unseren Kunden bieten, und unserer Kompetenz, Produkte nach internationalen Standards zu liefern, die besten Preise und Bedingungen in der Branche bieten. Dar\u00fcber hinaus wollen wir mit unserer kontinuierlichen Innovation und unserem entwicklungsorientierten Ansatz die Erwartungen unserer Kunden \u00fcbertreffen, indem wir uns schnell an die Ver\u00e4nderungen in der Branche anpassen. <\/span><\/p>\n<p><span style=\"font-weight: 400;\">Als \u00d6ZTEKN\u0130K tragen wir weiterhin zum Wachstum unserer Gesch\u00e4ftspartner bei und verschaffen uns einen Wettbewerbsvorteil, indem wir die Kundenzufriedenheit stets in den Vordergrund stellen. Wenn Sie mit uns zusammenarbeiten, k\u00f6nnen Sie mit den Entwicklungen in der Branche Schritt halten und eine st\u00e4rkere Lieferkette aufbauen. Mit unserem Verst\u00e4ndnis von Qualit\u00e4t und Sicherheit werden wir auch in Zukunft gemeinsam wachsen und erfolgreich sein.  <\/span><\/p>\n\t\t\t\t\t\t\t\t<\/div>\n\t\t\t\t<\/div>\n\t\t\t\t<\/div>\n\t\t\t\t<\/div>\n\t\t\t\t\t<\/div>\n\t\t\t\t<\/div>\n\t\t\t\t<\/div>\n\t\t","protected":false},"excerpt":{"rendered":"<p>LIEFERUNG DIE MEISTEN HANDELS\u00dcBLICHEN PRODUKTE Als \u00d6ZTEKN\u0130K sind wir stolz darauf, unseren wertvollen Gesch\u00e4ftspartnern dank unseres starken Handelsnetzwerks mit dem Wissen und der Erfahrung, die wir seit mehr als 50 Jahren in der Branche gesammelt haben, einen ununterbrochenen Service zu bieten. Die Beziehungen, die wir seit vielen Jahren aufgebaut haben, und unser tiefgreifendes Verst\u00e4ndnis des Sektors machen uns zu einem der zuverl\u00e4ssigsten L\u00f6sungspartner in der Branche. Wir erf\u00fcllen die Bed\u00fcrfnisse unserer Kunden mit h\u00f6chster Qualit\u00e4t und Sicherheit, indem wir eine breite Palette von Produkten und Dienstleistungen f\u00fcr den Automobilsektor anbieten. Unser Produktportfolio spiegelt ein umfassendes Verst\u00e4ndnis f\u00fcr den Service auf dem Markt f\u00fcr Erstausr\u00fcster und Aftermarket-Ersatzteile wider. Auf diese Weise verf\u00fcgen wir \u00fcber die Vielfalt, mit der wir alle Arten von Anforderungen in diesem Sektor erf\u00fcllen k\u00f6nnen. In unseren Prozessen des Lieferkettenmanagements wollen wir mit der Vielfalt, die wir unseren Kunden bieten, und unserer Kompetenz, Produkte nach internationalen Standards zu liefern, die besten Preise und Bedingungen in der Branche bieten. Dar\u00fcber hinaus wollen wir mit unserer kontinuierlichen Innovation und unserem entwicklungsorientierten Ansatz die Erwartungen unserer Kunden \u00fcbertreffen, indem wir uns schnell an die Ver\u00e4nderungen in der Branche anpassen. Als \u00d6ZTEKN\u0130K tragen wir weiterhin zum Wachstum unserer Gesch\u00e4ftspartner bei und verschaffen uns einen Wettbewerbsvorteil, indem wir die Kundenzufriedenheit stets in den Vordergrund stellen. Wenn Sie mit uns zusammenarbeiten, k\u00f6nnen Sie mit den Entwicklungen in der Branche Schritt halten und eine st\u00e4rkere Lieferkette aufbauen. Mit unserem Verst\u00e4ndnis von Qualit\u00e4t und Sicherheit werden wir auch in Zukunft gemeinsam wachsen und erfolgreich sein.<\/p>\n","protected":false},"author":1,"featured_media":0,"parent":0,"menu_order":0,"comment_status":"closed","ping_status":"closed","template":"","meta":{"_acf_changed":false,"footnotes":""},"class_list":["post-15926","page","type-page","status-publish","hentry"],"acf":[],"_links":{"self":[{"href":"https:\/\/ozteknikoto.com\/de\/wp-json\/wp\/v2\/pages\/15926","targetHints":{"allow":["GET"]}}],"collection":[{"href":"https:\/\/ozteknikoto.com\/de\/wp-json\/wp\/v2\/pages"}],"about":[{"href":"https:\/\/ozteknikoto.com\/de\/wp-json\/wp\/v2\/types\/page"}],"author":[{"embeddable":true,"href":"https:\/\/ozteknikoto.com\/de\/wp-json\/wp\/v2\/users\/1"}],"replies":[{"embeddable":true,"href":"https:\/\/ozteknikoto.com\/de\/wp-json\/wp\/v2\/comments?post=15926"}],"version-history":[{"count":1,"href":"https:\/\/ozteknikoto.com\/de\/wp-json\/wp\/v2\/pages\/15926\/revisions"}],"predecessor-version":[{"id":15928,"href":"https:\/\/ozteknikoto.com\/de\/wp-json\/wp\/v2\/pages\/15926\/revisions\/15928"}],"wp:attachment":[{"href":"https:\/\/ozteknikoto.com\/de\/wp-json\/wp\/v2\/media?parent=15926"}],"curies":[{"name":"wp","href":"https:\/\/api.w.org\/{rel}","templated":true}]}}